{"id":827,"date":"2016-09-05T18:31:24","date_gmt":"2016-09-05T17:31:24","guid":{"rendered":"http:\/\/imagerie78.com\/?page_id=827"},"modified":"2025-11-08T17:11:36","modified_gmt":"2025-11-08T16:11:36","slug":"liens-utiles","status":"publish","type":"page","link":"https:\/\/imagerie78.com\/index.php\/liens-utiles\/","title":{"rendered":"Liens utiles"},"content":{"rendered":"<div id=\"pl-827\"  class=\"panel-layout\" ><div id=\"pg-827-0\"  class=\"panel-grid panel-has-style\" ><div style=\"padding: 0px 0; \" data-overlay=\"true\" class=\"panel-row-style panel-row-style-for-827-0\" ><div id=\"pgc-827-0-0\"  class=\"panel-grid-cell\" ><div id=\"panel-827-0-0-0\" class=\"so-panel widget widget_sow-editor panel-first-child panel-last-child\" data-index=\"0\" ><div\n\t\t\t\n\t\t\tclass=\"so-widget-sow-editor so-widget-sow-editor-base\"\n\t\t\t\n\t\t>\n<div class=\"siteorigin-widget-tinymce textwidget\">\n\t<p>Vous trouverez ci-dessous quelques liens vers des\u00a0sites que nous vous conseillons pour compl\u00e9ter votre navigation.<\/p>\n<p>Bonne visite.<\/p>\n<hr \/>\n<p>\u00a0<\/p>\n<\/div>\n<\/div><\/div><\/div><\/div><\/div><div id=\"pg-827-1\"  class=\"panel-grid panel-has-style\" ><div style=\"border-bottom: 1px solid #c9c9c9;text-align: center;padding: 20px 0; \" data-overlay=\"true\" class=\"panel-row-style panel-row-style-for-827-1\" ><div id=\"pgc-827-1-0\"  class=\"panel-grid-cell\" ><div id=\"panel-827-1-0-0\" class=\"so-panel widget widget_sow-editor panel-first-child panel-last-child\" data-index=\"1\" ><div\n\t\t\t\n\t\t\tclass=\"so-widget-sow-editor so-widget-sow-editor-base\"\n\t\t\t\n\t\t>\n<div class=\"siteorigin-widget-tinymce textwidget\">\n\t<p><a href=\"https:\/\/www.radiologie.fr\/\" target=\"_blank\" rel=\"noopener\"><img decoding=\"async\" src=\"https:\/\/imagerie78.com\/wp-content\/uploads\/2016\/09\/site-web-sfr.png\" alt=\"site-web-sfr\" \/><\/a><\/p>\n<\/div>\n<\/div><\/div><\/div><div id=\"pgc-827-1-1\"  class=\"panel-grid-cell\" ><div id=\"panel-827-1-1-0\" class=\"so-panel widget widget_sydney_action sydney_action_widget panel-first-child panel-last-child\" data-index=\"2\" ><h3 class=\"widget-title\">SFR (Soci\u00e9t\u00e9 Fran\u00e7ais de Radiologie)<\/h3>        <div class=\"roll-promobox \">\r\n\t\t\t<div class=\"promo-wrap\">\r\n\t\t\t\t\t\t\t\t<div class=\"promo-content\">\r\n\t\t\t\t\t<h3 class=\"title\">Le portail de la radiologie<\/h3>\r\n\t\t\t\t<\/div>\r\n\t\t\t\t\t\t\t\t<div class=\"promo-controls\">\r\n\t\t\t\t\t<a href=\"https:\/\/www.radiologie.fr\/\" class=\"roll-button border\">Visiter le site<\/a>\r\n\t\t\t\t<\/div>\r\n\t\t\t<\/div>\r\n        <\/div>\r\n\t<\/div><\/div><\/div><\/div><div id=\"pg-827-2\"  class=\"panel-grid panel-has-style\" ><div style=\"border-bottom: 1px solid #c9c9c9;text-align: center;padding: 20px 0; \" data-overlay=\"true\" class=\"panel-row-style panel-row-style-for-827-2\" ><div id=\"pgc-827-2-0\"  class=\"panel-grid-cell\" ><div id=\"panel-827-2-0-0\" class=\"so-panel widget widget_sow-editor panel-first-child panel-last-child\" data-index=\"3\" ><div\n\t\t\t\n\t\t\tclass=\"so-widget-sow-editor so-widget-sow-editor-base\"\n\t\t\t\n\t\t>\n<div class=\"siteorigin-widget-tinymce textwidget\">\n\t<p><a href=\"https:\/\/www.centremedicaldespyramides.com\/\" target=\"_blank\" rel=\"noopener\"><img loading=\"lazy\" decoding=\"async\" class=\"alignleft wp-image-2578 size-large\" src=\"https:\/\/imagerie78.com\/wp-content\/uploads\/2022\/11\/centre-medicale-des-pyramides-1024x642.png\" alt=\"\" width=\"1024\" height=\"642\" srcset=\"https:\/\/imagerie78.com\/wp-content\/uploads\/2022\/11\/centre-medicale-des-pyramides-1024x642.png 1024w, https:\/\/imagerie78.com\/wp-content\/uploads\/2022\/11\/centre-medicale-des-pyramides-300x188.png 300w, https:\/\/imagerie78.com\/wp-content\/uploads\/2022\/11\/centre-medicale-des-pyramides-768x482.png 768w, https:\/\/imagerie78.com\/wp-content\/uploads\/2022\/11\/centre-medicale-des-pyramides-830x520.png 830w, https:\/\/imagerie78.com\/wp-content\/uploads\/2022\/11\/centre-medicale-des-pyramides-230x144.png 230w, https:\/\/imagerie78.com\/wp-content\/uploads\/2022\/11\/centre-medicale-des-pyramides-350x219.png 350w, https:\/\/imagerie78.com\/wp-content\/uploads\/2022\/11\/centre-medicale-des-pyramides-480x301.png 480w, https:\/\/imagerie78.com\/wp-content\/uploads\/2022\/11\/centre-medicale-des-pyramides.png 1228w\" sizes=\"auto, (max-width: 1024px) 100vw, 1024px\" \/><\/a><\/p>\n<\/div>\n<\/div><\/div><\/div><div id=\"pgc-827-2-1\"  class=\"panel-grid-cell\" ><div id=\"panel-827-2-1-0\" class=\"so-panel widget widget_sydney_action sydney_action_widget panel-first-child panel-last-child\" data-index=\"4\" ><h3 class=\"widget-title\">Centre m\u00e9dical des Pyramides<\/h3>        <div class=\"roll-promobox \">\r\n\t\t\t<div class=\"promo-wrap\">\r\n\t\t\t\t\t\t\t\t<div class=\"promo-content\">\r\n\t\t\t\t\t<h3 class=\"title\">Acc\u00e8s au centre m\u00e9dial, prise de rendez-vous.\nToutes les informations sur le centre d'imagerie, le laboratoire d'analyses, le cabinet d'orthodontie<\/h3>\r\n\t\t\t\t<\/div>\r\n\t\t\t\t\t\t\t\t<div class=\"promo-controls\">\r\n\t\t\t\t\t<a href=\"https:\/\/www.centremedicaldespyramides.com\/\" class=\"roll-button border\">Visiter le site<\/a>\r\n\t\t\t\t<\/div>\r\n\t\t\t<\/div>\r\n        <\/div>\r\n\t<\/div><\/div><\/div><\/div><div id=\"pg-827-3\"  class=\"panel-grid panel-has-style\" ><div style=\"border-bottom: 1px solid #c9c9c9;text-align: center;padding: 20px 0; \" data-overlay=\"true\" class=\"panel-row-style panel-row-style-for-827-3\" ><div id=\"pgc-827-3-0\"  class=\"panel-grid-cell\" ><div id=\"panel-827-3-0-0\" class=\"so-panel widget widget_sow-editor panel-first-child panel-last-child\" data-index=\"5\" ><div\n\t\t\t\n\t\t\tclass=\"so-widget-sow-editor so-widget-sow-editor-base\"\n\t\t\t\n\t\t>\n<div class=\"siteorigin-widget-tinymce textwidget\">\n\t<p><img loading=\"lazy\" decoding=\"async\" class=\"alignnone wp-image-2823 size-large\" src=\"https:\/\/imagerie78.com\/wp-content\/uploads\/2022\/12\/scanner-irm-gie-plaisir-1024x473.png\" alt=\"\" width=\"1024\" height=\"473\" srcset=\"https:\/\/imagerie78.com\/wp-content\/uploads\/2022\/12\/scanner-irm-gie-plaisir-1024x473.png 1024w, https:\/\/imagerie78.com\/wp-content\/uploads\/2022\/12\/scanner-irm-gie-plaisir-300x139.png 300w, https:\/\/imagerie78.com\/wp-content\/uploads\/2022\/12\/scanner-irm-gie-plaisir-768x355.png 768w, https:\/\/imagerie78.com\/wp-content\/uploads\/2022\/12\/scanner-irm-gie-plaisir-1536x710.png 1536w, https:\/\/imagerie78.com\/wp-content\/uploads\/2022\/12\/scanner-irm-gie-plaisir-830x384.png 830w, https:\/\/imagerie78.com\/wp-content\/uploads\/2022\/12\/scanner-irm-gie-plaisir-230x106.png 230w, https:\/\/imagerie78.com\/wp-content\/uploads\/2022\/12\/scanner-irm-gie-plaisir-350x162.png 350w, https:\/\/imagerie78.com\/wp-content\/uploads\/2022\/12\/scanner-irm-gie-plaisir-480x222.png 480w, https:\/\/imagerie78.com\/wp-content\/uploads\/2022\/12\/scanner-irm-gie-plaisir.png 1895w\" sizes=\"auto, (max-width: 1024px) 100vw, 1024px\" \/><\/p>\n<\/div>\n<\/div><\/div><\/div><div id=\"pgc-827-3-1\"  class=\"panel-grid-cell\" ><div id=\"panel-827-3-1-0\" class=\"so-panel widget widget_sydney_action sydney_action_widget panel-first-child panel-last-child\" data-index=\"6\" ><h3 class=\"widget-title\">Scanner et IRM du GIE de Plaisir<\/h3>        <div class=\"roll-promobox \">\r\n\t\t\t<div class=\"promo-wrap\">\r\n\t\t\t\t\t\t\t\t<div class=\"promo-controls\">\r\n\t\t\t\t\t<a href=\"https:\/\/www.gie-plaisir.fr\/\" class=\"roll-button border\">Visiter le site<\/a>\r\n\t\t\t\t<\/div>\r\n\t\t\t<\/div>\r\n        <\/div>\r\n\t<\/div><\/div><\/div><\/div><div id=\"pg-827-4\"  class=\"panel-grid panel-has-style\" ><div style=\"border-bottom: 1px solid #c9c9c9;text-align: center;padding: 20px 0; \" data-overlay=\"true\" class=\"panel-row-style panel-row-style-for-827-4\" ><div id=\"pgc-827-4-0\"  class=\"panel-grid-cell\" ><div id=\"panel-827-4-0-0\" class=\"so-panel widget widget_sow-editor panel-first-child panel-last-child\" data-index=\"7\" ><div\n\t\t\t\n\t\t\tclass=\"so-widget-sow-editor so-widget-sow-editor-base\"\n\t\t\t\n\t\t>\n<div class=\"siteorigin-widget-tinymce textwidget\">\n\t<p><a href=\"https:\/\/www.linkedin.com\/company\/imagerie78-com\/\"><img loading=\"lazy\" decoding=\"async\" class=\"alignleft wp-image-2583 size-full\" src=\"https:\/\/imagerie78.com\/wp-content\/uploads\/2022\/11\/linkedin-sqy-imagerie78.png\" alt=\"\" width=\"793\" height=\"296\" srcset=\"https:\/\/imagerie78.com\/wp-content\/uploads\/2022\/11\/linkedin-sqy-imagerie78.png 793w, https:\/\/imagerie78.com\/wp-content\/uploads\/2022\/11\/linkedin-sqy-imagerie78-300x112.png 300w, https:\/\/imagerie78.com\/wp-content\/uploads\/2022\/11\/linkedin-sqy-imagerie78-768x287.png 768w, https:\/\/imagerie78.com\/wp-content\/uploads\/2022\/11\/linkedin-sqy-imagerie78-230x86.png 230w, https:\/\/imagerie78.com\/wp-content\/uploads\/2022\/11\/linkedin-sqy-imagerie78-350x131.png 350w, https:\/\/imagerie78.com\/wp-content\/uploads\/2022\/11\/linkedin-sqy-imagerie78-480x179.png 480w\" sizes=\"auto, (max-width: 793px) 100vw, 793px\" \/><\/a><\/p>\n<\/div>\n<\/div><\/div><\/div><div id=\"pgc-827-4-1\"  class=\"panel-grid-cell\" ><div id=\"panel-827-4-1-0\" class=\"so-panel widget widget_sydney_action sydney_action_widget panel-first-child panel-last-child\" data-index=\"8\" ><h3 class=\"widget-title\">Compte LinkedIn SQY Imagerie78<\/h3>        <div class=\"roll-promobox \">\r\n\t\t\t<div class=\"promo-wrap\">\r\n\t\t\t\t\t\t\t\t<div class=\"promo-content\">\r\n\t\t\t\t\t<h3 class=\"title\">Retrouvez toute l'actualit\u00e9 du groupe SQY Imagerie 78 sur LinkedIn<\/h3>\r\n\t\t\t\t<\/div>\r\n\t\t\t\t\t\t\t\t<div class=\"promo-controls\">\r\n\t\t\t\t\t<a href=\"https:\/\/www.linkedin.com\/company\/imagerie78-com\/\" class=\"roll-button border\">Visitez notre page<\/a>\r\n\t\t\t\t<\/div>\r\n\t\t\t<\/div>\r\n        <\/div>\r\n\t<\/div><\/div><\/div><\/div><div id=\"pg-827-5\"  class=\"panel-grid panel-has-style\" ><div style=\"border-bottom: 1px solid #c9c9c9;text-align: center;padding: 20px 0; \" data-overlay=\"true\" class=\"panel-row-style panel-row-style-for-827-5\" ><div id=\"pgc-827-5-0\"  class=\"panel-grid-cell\" ><div id=\"panel-827-5-0-0\" class=\"so-panel widget widget_sow-editor panel-first-child panel-last-child\" data-index=\"9\" ><div style=\"text-align: left;\" data-title-color=\"#443f3f\" data-headings-color=\"#443f3f\" class=\"panel-widget-style panel-widget-style-for-827-5-0-0\" ><div\n\t\t\t\n\t\t\tclass=\"so-widget-sow-editor so-widget-sow-editor-base\"\n\t\t\t\n\t\t>\n<div class=\"siteorigin-widget-tinymce textwidget\">\n\t<p><a href=\"https:\/\/www.rouge-services.com\" target=\"_blank\" rel=\"noopener\"><img decoding=\"async\" src=\"https:\/\/imagerie78.com\/wp-content\/uploads\/2016\/09\/site-web-rouge-services.jpg\" \/><\/a><\/p>\n<\/div>\n<\/div><\/div><\/div><\/div><div id=\"pgc-827-5-1\"  class=\"panel-grid-cell\" ><div id=\"panel-827-5-1-0\" class=\"so-panel widget widget_sydney_action sydney_action_widget panel-first-child panel-last-child\" data-index=\"10\" ><div style=\"text-align: left;\" data-title-color=\"#443f3f\" data-headings-color=\"#443f3f\" class=\"panel-widget-style panel-widget-style-for-827-5-1-0\" ><h3 class=\"widget-title\">RouGe Services<\/h3>        <div class=\"roll-promobox \">\r\n\t\t\t<div class=\"promo-wrap\">\r\n\t\t\t\t\t\t\t\t<div class=\"promo-content\">\r\n\t\t\t\t\t<h3 class=\"title\">Conception de sites internet, conseils, d\u00e9veloppements sp\u00e9cifiques<\/h3>\r\n\t\t\t\t<\/div>\r\n\t\t\t\t\t\t\t\t<div class=\"promo-controls\">\r\n\t\t\t\t\t<a href=\"https:\/\/www.rouge-services.com\" class=\"roll-button border\">Visiter le site<\/a>\r\n\t\t\t\t<\/div>\r\n\t\t\t<\/div>\r\n        <\/div>\r\n\t<\/div><\/div><\/div><\/div><\/div><\/div>","protected":false},"excerpt":{"rendered":"<p>Vous trouverez ci-dessous quelques liens vers des\u00a0sites que nous vous [&hellip;]<\/p>\n","protected":false},"author":2,"featured_media":0,"parent":0,"menu_order":0,"comment_status":"closed","ping_status":"closed","template":"page-templates\/page_fullwidth.php","meta":{"footnotes":""},"class_list":["post-827","page","type-page","status-publish","hentry"],"yoast_head":"<!-- This site is optimized with the Yoast SEO plugin v27.3 - https:\/\/yoast.com\/product\/yoast-seo-wordpress\/ -->\n<title>Liens utiles - Imagerie m\u00e9dicale 78<\/title>\n<meta name=\"robots\" content=\"index, follow, max-snippet:-1, max-image-preview:large, max-video-preview:-1\" \/>\n<link rel=\"canonical\" href=\"https:\/\/imagerie78.com\/index.php\/liens-utiles\/\" \/>\n<meta property=\"og:locale\" content=\"fr_FR\" \/>\n<meta property=\"og:type\" content=\"article\" \/>\n<meta property=\"og:title\" content=\"Liens utiles - Imagerie m\u00e9dicale 78\" \/>\n<meta property=\"og:description\" content=\"Vous trouverez ci-dessous quelques liens vers des\u00a0sites que nous vous [&hellip;]\" \/>\n<meta property=\"og:url\" content=\"https:\/\/imagerie78.com\/index.php\/liens-utiles\/\" \/>\n<meta property=\"og:site_name\" content=\"Imagerie m\u00e9dicale 78\" \/>\n<meta property=\"article:modified_time\" content=\"2025-11-08T16:11:36+00:00\" \/>\n<meta property=\"og:image\" content=\"https:\/\/imagerie78.com\/wp-content\/uploads\/2016\/09\/site-web-sfr.png\" \/>\n<meta name=\"twitter:card\" content=\"summary_large_image\" \/>\n<meta name=\"twitter:label1\" content=\"Dur\u00e9e de lecture estim\u00e9e\" \/>\n\t<meta name=\"twitter:data1\" content=\"2 minutes\" \/>\n<script type=\"application\/ld+json\" class=\"yoast-schema-graph\">{\"@context\":\"https:\\\/\\\/schema.org\",\"@graph\":[{\"@type\":\"WebPage\",\"@id\":\"https:\\\/\\\/imagerie78.com\\\/index.php\\\/liens-utiles\\\/\",\"url\":\"https:\\\/\\\/imagerie78.com\\\/index.php\\\/liens-utiles\\\/\",\"name\":\"Liens utiles - Imagerie m\u00e9dicale 78\",\"isPartOf\":{\"@id\":\"https:\\\/\\\/imagerie78.com\\\/#website\"},\"primaryImageOfPage\":{\"@id\":\"https:\\\/\\\/imagerie78.com\\\/index.php\\\/liens-utiles\\\/#primaryimage\"},\"image\":{\"@id\":\"https:\\\/\\\/imagerie78.com\\\/index.php\\\/liens-utiles\\\/#primaryimage\"},\"thumbnailUrl\":\"https:\\\/\\\/imagerie78.com\\\/wp-content\\\/uploads\\\/2016\\\/09\\\/site-web-sfr.png\",\"datePublished\":\"2016-09-05T17:31:24+00:00\",\"dateModified\":\"2025-11-08T16:11:36+00:00\",\"breadcrumb\":{\"@id\":\"https:\\\/\\\/imagerie78.com\\\/index.php\\\/liens-utiles\\\/#breadcrumb\"},\"inLanguage\":\"fr-FR\",\"potentialAction\":[{\"@type\":\"ReadAction\",\"target\":[\"https:\\\/\\\/imagerie78.com\\\/index.php\\\/liens-utiles\\\/\"]}]},{\"@type\":\"ImageObject\",\"inLanguage\":\"fr-FR\",\"@id\":\"https:\\\/\\\/imagerie78.com\\\/index.php\\\/liens-utiles\\\/#primaryimage\",\"url\":\"https:\\\/\\\/imagerie78.com\\\/wp-content\\\/uploads\\\/2016\\\/09\\\/site-web-sfr.png\",\"contentUrl\":\"https:\\\/\\\/imagerie78.com\\\/wp-content\\\/uploads\\\/2016\\\/09\\\/site-web-sfr.png\",\"width\":1001,\"height\":673},{\"@type\":\"BreadcrumbList\",\"@id\":\"https:\\\/\\\/imagerie78.com\\\/index.php\\\/liens-utiles\\\/#breadcrumb\",\"itemListElement\":[{\"@type\":\"ListItem\",\"position\":1,\"name\":\"Accueil\",\"item\":\"https:\\\/\\\/imagerie78.com\\\/\"},{\"@type\":\"ListItem\",\"position\":2,\"name\":\"Liens utiles\"}]},{\"@type\":\"WebSite\",\"@id\":\"https:\\\/\\\/imagerie78.com\\\/#website\",\"url\":\"https:\\\/\\\/imagerie78.com\\\/\",\"name\":\"Imagerie m\u00e9dicale 78\",\"description\":\"\",\"potentialAction\":[{\"@type\":\"SearchAction\",\"target\":{\"@type\":\"EntryPoint\",\"urlTemplate\":\"https:\\\/\\\/imagerie78.com\\\/?s={search_term_string}\"},\"query-input\":{\"@type\":\"PropertyValueSpecification\",\"valueRequired\":true,\"valueName\":\"search_term_string\"}}],\"inLanguage\":\"fr-FR\"}]}<\/script>\n<!-- \/ Yoast SEO plugin. -->","yoast_head_json":{"title":"Liens utiles - Imagerie m\u00e9dicale 78","robots":{"index":"index","follow":"follow","max-snippet":"max-snippet:-1","max-image-preview":"max-image-preview:large","max-video-preview":"max-video-preview:-1"},"canonical":"https:\/\/imagerie78.com\/index.php\/liens-utiles\/","og_locale":"fr_FR","og_type":"article","og_title":"Liens utiles - Imagerie m\u00e9dicale 78","og_description":"Vous trouverez ci-dessous quelques liens vers des\u00a0sites que nous vous [&hellip;]","og_url":"https:\/\/imagerie78.com\/index.php\/liens-utiles\/","og_site_name":"Imagerie m\u00e9dicale 78","article_modified_time":"2025-11-08T16:11:36+00:00","og_image":[{"url":"https:\/\/imagerie78.com\/wp-content\/uploads\/2016\/09\/site-web-sfr.png","type":"","width":"","height":""}],"twitter_card":"summary_large_image","twitter_misc":{"Dur\u00e9e de lecture estim\u00e9e":"2 minutes"},"schema":{"@context":"https:\/\/schema.org","@graph":[{"@type":"WebPage","@id":"https:\/\/imagerie78.com\/index.php\/liens-utiles\/","url":"https:\/\/imagerie78.com\/index.php\/liens-utiles\/","name":"Liens utiles - Imagerie m\u00e9dicale 78","isPartOf":{"@id":"https:\/\/imagerie78.com\/#website"},"primaryImageOfPage":{"@id":"https:\/\/imagerie78.com\/index.php\/liens-utiles\/#primaryimage"},"image":{"@id":"https:\/\/imagerie78.com\/index.php\/liens-utiles\/#primaryimage"},"thumbnailUrl":"https:\/\/imagerie78.com\/wp-content\/uploads\/2016\/09\/site-web-sfr.png","datePublished":"2016-09-05T17:31:24+00:00","dateModified":"2025-11-08T16:11:36+00:00","breadcrumb":{"@id":"https:\/\/imagerie78.com\/index.php\/liens-utiles\/#breadcrumb"},"inLanguage":"fr-FR","potentialAction":[{"@type":"ReadAction","target":["https:\/\/imagerie78.com\/index.php\/liens-utiles\/"]}]},{"@type":"ImageObject","inLanguage":"fr-FR","@id":"https:\/\/imagerie78.com\/index.php\/liens-utiles\/#primaryimage","url":"https:\/\/imagerie78.com\/wp-content\/uploads\/2016\/09\/site-web-sfr.png","contentUrl":"https:\/\/imagerie78.com\/wp-content\/uploads\/2016\/09\/site-web-sfr.png","width":1001,"height":673},{"@type":"BreadcrumbList","@id":"https:\/\/imagerie78.com\/index.php\/liens-utiles\/#breadcrumb","itemListElement":[{"@type":"ListItem","position":1,"name":"Accueil","item":"https:\/\/imagerie78.com\/"},{"@type":"ListItem","position":2,"name":"Liens utiles"}]},{"@type":"WebSite","@id":"https:\/\/imagerie78.com\/#website","url":"https:\/\/imagerie78.com\/","name":"Imagerie m\u00e9dicale 78","description":"","potentialAction":[{"@type":"SearchAction","target":{"@type":"EntryPoint","urlTemplate":"https:\/\/imagerie78.com\/?s={search_term_string}"},"query-input":{"@type":"PropertyValueSpecification","valueRequired":true,"valueName":"search_term_string"}}],"inLanguage":"fr-FR"}]}},"_links":{"self":[{"href":"https:\/\/imagerie78.com\/index.php\/wp-json\/wp\/v2\/pages\/827","targetHints":{"allow":["GET"]}}],"collection":[{"href":"https:\/\/imagerie78.com\/index.php\/wp-json\/wp\/v2\/pages"}],"about":[{"href":"https:\/\/imagerie78.com\/index.php\/wp-json\/wp\/v2\/types\/page"}],"author":[{"embeddable":true,"href":"https:\/\/imagerie78.com\/index.php\/wp-json\/wp\/v2\/users\/2"}],"replies":[{"embeddable":true,"href":"https:\/\/imagerie78.com\/index.php\/wp-json\/wp\/v2\/comments?post=827"}],"version-history":[{"count":27,"href":"https:\/\/imagerie78.com\/index.php\/wp-json\/wp\/v2\/pages\/827\/revisions"}],"predecessor-version":[{"id":3530,"href":"https:\/\/imagerie78.com\/index.php\/wp-json\/wp\/v2\/pages\/827\/revisions\/3530"}],"wp:attachment":[{"href":"https:\/\/imagerie78.com\/index.php\/wp-json\/wp\/v2\/media?parent=827"}],"curies":[{"name":"wp","href":"https:\/\/api.w.org\/{rel}","templated":true}]}}