{"id":516,"date":"2016-09-03T18:12:47","date_gmt":"2016-09-03T17:12:47","guid":{"rendered":"http:\/\/imagerie78.com\/?page_id=516"},"modified":"2025-11-08T16:57:20","modified_gmt":"2025-11-08T15:57:20","slug":"mammographie-et-imagerie-du-sein","status":"publish","type":"page","link":"https:\/\/imagerie78.com\/index.php\/nos-examens\/mammographie-et-imagerie-du-sein\/","title":{"rendered":"Mammographie et imagerie du sein"},"content":{"rendered":"\n<h2 class=\"wp-block-heading\"><figure><img loading=\"lazy\" decoding=\"async\" class=\"size-medium wp-image-19 alignright\" src=\"http:\/\/imagerie78.com\/wp-content\/uploads\/2016\/08\/Examen-Mammographie-288x300.jpg\" alt=\"Examen - Mammographie\" width=\"288\" height=\"300\" srcset=\"https:\/\/imagerie78.com\/wp-content\/uploads\/2016\/08\/Examen-Mammographie-288x300.jpg 288w, https:\/\/imagerie78.com\/wp-content\/uploads\/2016\/08\/Examen-Mammographie.jpg 576w\" sizes=\"auto, (max-width: 288px) 100vw, 288px\" \/><\/figure>De quoi s\u2019agit-il ?<\/h2>\n\n\n\n<p>L\u2019exploration radiologique du sein la plus courante est la mammographie. Celle-ci peut \u00eatre associ\u00e9e \u00e0 une \u00e9chographie et \u00e0 une ponction.<\/p>\n\n\n\n<p>&nbsp;<\/p>\n\n\n\n<h2 class=\"wp-block-heading\">Qu\u2019est-ce qu\u2019une mammographie ?<\/h2>\n\n\n\n<p>La mammographie est une radiographie des seins. Elle utilise des rayons X. En mati\u00e8re d\u2019irradiation des patients, aucun risque n\u2019a pu \u00eatre d\u00e9montr\u00e9 compte tenu des faibles doses utilis\u00e9es et des pr\u00e9cautions prises pour limiter au strict minimum la zone examin\u00e9e. Toutefois, pour les femmes enceintes, des pr\u00e9cautions doivent \u00eatre prises syst\u00e9matiquement : c\u2019est pourquoi il est important de signaler si vous pouvez \u00eatre dans ce cas.<\/p>\n\n\n\n<p>Pour la qualit\u00e9 de l\u2019image et une moindre irradiation, il est n\u00e9cessaire de comprimer le sein. Afin de diminuer l\u2019inconfort de la compression, il est conseill\u00e9 de faire cet examen en premi\u00e8re partie de cycle menstruel.<\/p>\n\n\n\n<p>&nbsp;<\/p>\n\n\n\n<h2 class=\"wp-block-heading\">Qu\u2019est-ce qu\u2019une \u00e9chographie ?<\/h2>\n\n\n\n<p>Il s\u2019agit d\u2019une exploration totalement indolore et non irradiante utilisant les ultrasons ; elle peut apporter des informations suppl\u00e9mentaires de grande importance. Elle permet tr\u00e8s facilement de faire la diff\u00e9rence entre la nature liquide ou solide d\u2019un nodule et d\u2019avoir une bonne orientation diagnostique.<br>Il arrive que l\u2019\u00e9chographie soit prescrite isol\u00e9ment chez la jeune fille ou chez la jeune femme lorsqu\u2019une anomalie appara\u00eet durant la grossesse ou l\u2019allaitement.<\/p>\n\n\n\n<p>&nbsp;<\/p>\n\n\n\n<h2 class=\"wp-block-heading\">Qu\u2019est-ce qu\u2019une ponction ?<\/h2>\n\n\n\n<p>Il s\u2019agit d\u2019un geste simple, rapide, tr\u00e8s peu dangereux, pouvant \u00eatre guid\u00e9 par l\u2019\u00e9chographie et qui permet de faire \u00e0 l\u2019aide d\u2019une aiguille fine un petit pr\u00e9l\u00e8vement. Celui-ci sera envoy\u00e9 en laboratoire pour analyse au microscope.<\/p>\n\n\n\n<p>Parfois, en cas d\u2019inflammation de votre sein, c\u2019est du liquide qui pourra \u00eatre retir\u00e9 \u00e0 la recherche de germes. Dans d\u2019autres cas, on videra un kyste g\u00eanant ; ce geste permettra souvent un ass\u00e8chement d\u00e9finitif du kyste.<\/p>\n","protected":false},"excerpt":{"rendered":"<p>De quoi s\u2019agit-il ? L\u2019exploration radiologique du sein la plus [&hellip;]<\/p>\n","protected":false},"author":2,"featured_media":19,"parent":548,"menu_order":0,"comment_status":"closed","ping_status":"closed","template":"page-templates\/page_fullwidth.php","meta":{"footnotes":""},"class_list":["post-516","page","type-page","status-publish","has-post-thumbnail","hentry"],"yoast_head":"<!-- This site is optimized with the Yoast SEO plugin v27.4 - https:\/\/yoast.com\/product\/yoast-seo-wordpress\/ -->\n<title>Mammographie et imagerie du sein - Imagerie m\u00e9dicale 78<\/title>\n<meta name=\"robots\" content=\"index, follow, max-snippet:-1, max-image-preview:large, max-video-preview:-1\" \/>\n<link rel=\"canonical\" href=\"https:\/\/imagerie78.com\/index.php\/nos-examens\/mammographie-et-imagerie-du-sein\/\" \/>\n<meta property=\"og:locale\" content=\"fr_FR\" \/>\n<meta property=\"og:type\" content=\"article\" \/>\n<meta property=\"og:title\" content=\"Mammographie et imagerie du sein - Imagerie m\u00e9dicale 78\" \/>\n<meta property=\"og:description\" content=\"De quoi s\u2019agit-il ? L\u2019exploration radiologique du sein la plus [&hellip;]\" \/>\n<meta property=\"og:url\" content=\"https:\/\/imagerie78.com\/index.php\/nos-examens\/mammographie-et-imagerie-du-sein\/\" \/>\n<meta property=\"og:site_name\" content=\"Imagerie m\u00e9dicale 78\" \/>\n<meta property=\"article:modified_time\" content=\"2025-11-08T15:57:20+00:00\" \/>\n<meta property=\"og:image\" content=\"https:\/\/imagerie78.com\/wp-content\/uploads\/2016\/08\/Examen-Mammographie.jpg\" \/>\n\t<meta property=\"og:image:width\" content=\"576\" \/>\n\t<meta property=\"og:image:height\" content=\"600\" \/>\n\t<meta property=\"og:image:type\" content=\"image\/jpeg\" \/>\n<meta name=\"twitter:card\" content=\"summary_large_image\" \/>\n<meta name=\"twitter:label1\" content=\"Dur\u00e9e de lecture estim\u00e9e\" \/>\n\t<meta name=\"twitter:data1\" content=\"2 minutes\" \/>\n<script type=\"application\/ld+json\" class=\"yoast-schema-graph\">{\"@context\":\"https:\\\/\\\/schema.org\",\"@graph\":[{\"@type\":\"WebPage\",\"@id\":\"https:\\\/\\\/imagerie78.com\\\/index.php\\\/nos-examens\\\/mammographie-et-imagerie-du-sein\\\/\",\"url\":\"https:\\\/\\\/imagerie78.com\\\/index.php\\\/nos-examens\\\/mammographie-et-imagerie-du-sein\\\/\",\"name\":\"Mammographie et imagerie du sein - Imagerie m\u00e9dicale 78\",\"isPartOf\":{\"@id\":\"https:\\\/\\\/imagerie78.com\\\/#website\"},\"primaryImageOfPage\":{\"@id\":\"https:\\\/\\\/imagerie78.com\\\/index.php\\\/nos-examens\\\/mammographie-et-imagerie-du-sein\\\/#primaryimage\"},\"image\":{\"@id\":\"https:\\\/\\\/imagerie78.com\\\/index.php\\\/nos-examens\\\/mammographie-et-imagerie-du-sein\\\/#primaryimage\"},\"thumbnailUrl\":\"https:\\\/\\\/imagerie78.com\\\/wp-content\\\/uploads\\\/2016\\\/08\\\/Examen-Mammographie.jpg\",\"datePublished\":\"2016-09-03T17:12:47+00:00\",\"dateModified\":\"2025-11-08T15:57:20+00:00\",\"breadcrumb\":{\"@id\":\"https:\\\/\\\/imagerie78.com\\\/index.php\\\/nos-examens\\\/mammographie-et-imagerie-du-sein\\\/#breadcrumb\"},\"inLanguage\":\"fr-FR\",\"potentialAction\":[{\"@type\":\"ReadAction\",\"target\":[\"https:\\\/\\\/imagerie78.com\\\/index.php\\\/nos-examens\\\/mammographie-et-imagerie-du-sein\\\/\"]}]},{\"@type\":\"ImageObject\",\"inLanguage\":\"fr-FR\",\"@id\":\"https:\\\/\\\/imagerie78.com\\\/index.php\\\/nos-examens\\\/mammographie-et-imagerie-du-sein\\\/#primaryimage\",\"url\":\"https:\\\/\\\/imagerie78.com\\\/wp-content\\\/uploads\\\/2016\\\/08\\\/Examen-Mammographie.jpg\",\"contentUrl\":\"https:\\\/\\\/imagerie78.com\\\/wp-content\\\/uploads\\\/2016\\\/08\\\/Examen-Mammographie.jpg\",\"width\":576,\"height\":600},{\"@type\":\"BreadcrumbList\",\"@id\":\"https:\\\/\\\/imagerie78.com\\\/index.php\\\/nos-examens\\\/mammographie-et-imagerie-du-sein\\\/#breadcrumb\",\"itemListElement\":[{\"@type\":\"ListItem\",\"position\":1,\"name\":\"Accueil\",\"item\":\"https:\\\/\\\/imagerie78.com\\\/\"},{\"@type\":\"ListItem\",\"position\":2,\"name\":\"Nos examens\",\"item\":\"https:\\\/\\\/imagerie78.com\\\/index.php\\\/nos-examens\\\/\"},{\"@type\":\"ListItem\",\"position\":3,\"name\":\"Mammographie et imagerie du sein\"}]},{\"@type\":\"WebSite\",\"@id\":\"https:\\\/\\\/imagerie78.com\\\/#website\",\"url\":\"https:\\\/\\\/imagerie78.com\\\/\",\"name\":\"Imagerie m\u00e9dicale 78\",\"description\":\"\",\"potentialAction\":[{\"@type\":\"SearchAction\",\"target\":{\"@type\":\"EntryPoint\",\"urlTemplate\":\"https:\\\/\\\/imagerie78.com\\\/?s={search_term_string}\"},\"query-input\":{\"@type\":\"PropertyValueSpecification\",\"valueRequired\":true,\"valueName\":\"search_term_string\"}}],\"inLanguage\":\"fr-FR\"}]}<\/script>\n<!-- \/ Yoast SEO plugin. -->","yoast_head_json":{"title":"Mammographie et imagerie du sein - Imagerie m\u00e9dicale 78","robots":{"index":"index","follow":"follow","max-snippet":"max-snippet:-1","max-image-preview":"max-image-preview:large","max-video-preview":"max-video-preview:-1"},"canonical":"https:\/\/imagerie78.com\/index.php\/nos-examens\/mammographie-et-imagerie-du-sein\/","og_locale":"fr_FR","og_type":"article","og_title":"Mammographie et imagerie du sein - Imagerie m\u00e9dicale 78","og_description":"De quoi s\u2019agit-il ? L\u2019exploration radiologique du sein la plus [&hellip;]","og_url":"https:\/\/imagerie78.com\/index.php\/nos-examens\/mammographie-et-imagerie-du-sein\/","og_site_name":"Imagerie m\u00e9dicale 78","article_modified_time":"2025-11-08T15:57:20+00:00","og_image":[{"width":576,"height":600,"url":"https:\/\/imagerie78.com\/wp-content\/uploads\/2016\/08\/Examen-Mammographie.jpg","type":"image\/jpeg"}],"twitter_card":"summary_large_image","twitter_misc":{"Dur\u00e9e de lecture estim\u00e9e":"2 minutes"},"schema":{"@context":"https:\/\/schema.org","@graph":[{"@type":"WebPage","@id":"https:\/\/imagerie78.com\/index.php\/nos-examens\/mammographie-et-imagerie-du-sein\/","url":"https:\/\/imagerie78.com\/index.php\/nos-examens\/mammographie-et-imagerie-du-sein\/","name":"Mammographie et imagerie du sein - Imagerie m\u00e9dicale 78","isPartOf":{"@id":"https:\/\/imagerie78.com\/#website"},"primaryImageOfPage":{"@id":"https:\/\/imagerie78.com\/index.php\/nos-examens\/mammographie-et-imagerie-du-sein\/#primaryimage"},"image":{"@id":"https:\/\/imagerie78.com\/index.php\/nos-examens\/mammographie-et-imagerie-du-sein\/#primaryimage"},"thumbnailUrl":"https:\/\/imagerie78.com\/wp-content\/uploads\/2016\/08\/Examen-Mammographie.jpg","datePublished":"2016-09-03T17:12:47+00:00","dateModified":"2025-11-08T15:57:20+00:00","breadcrumb":{"@id":"https:\/\/imagerie78.com\/index.php\/nos-examens\/mammographie-et-imagerie-du-sein\/#breadcrumb"},"inLanguage":"fr-FR","potentialAction":[{"@type":"ReadAction","target":["https:\/\/imagerie78.com\/index.php\/nos-examens\/mammographie-et-imagerie-du-sein\/"]}]},{"@type":"ImageObject","inLanguage":"fr-FR","@id":"https:\/\/imagerie78.com\/index.php\/nos-examens\/mammographie-et-imagerie-du-sein\/#primaryimage","url":"https:\/\/imagerie78.com\/wp-content\/uploads\/2016\/08\/Examen-Mammographie.jpg","contentUrl":"https:\/\/imagerie78.com\/wp-content\/uploads\/2016\/08\/Examen-Mammographie.jpg","width":576,"height":600},{"@type":"BreadcrumbList","@id":"https:\/\/imagerie78.com\/index.php\/nos-examens\/mammographie-et-imagerie-du-sein\/#breadcrumb","itemListElement":[{"@type":"ListItem","position":1,"name":"Accueil","item":"https:\/\/imagerie78.com\/"},{"@type":"ListItem","position":2,"name":"Nos examens","item":"https:\/\/imagerie78.com\/index.php\/nos-examens\/"},{"@type":"ListItem","position":3,"name":"Mammographie et imagerie du sein"}]},{"@type":"WebSite","@id":"https:\/\/imagerie78.com\/#website","url":"https:\/\/imagerie78.com\/","name":"Imagerie m\u00e9dicale 78","description":"","potentialAction":[{"@type":"SearchAction","target":{"@type":"EntryPoint","urlTemplate":"https:\/\/imagerie78.com\/?s={search_term_string}"},"query-input":{"@type":"PropertyValueSpecification","valueRequired":true,"valueName":"search_term_string"}}],"inLanguage":"fr-FR"}]}},"_links":{"self":[{"href":"https:\/\/imagerie78.com\/index.php\/wp-json\/wp\/v2\/pages\/516","targetHints":{"allow":["GET"]}}],"collection":[{"href":"https:\/\/imagerie78.com\/index.php\/wp-json\/wp\/v2\/pages"}],"about":[{"href":"https:\/\/imagerie78.com\/index.php\/wp-json\/wp\/v2\/types\/page"}],"author":[{"embeddable":true,"href":"https:\/\/imagerie78.com\/index.php\/wp-json\/wp\/v2\/users\/2"}],"replies":[{"embeddable":true,"href":"https:\/\/imagerie78.com\/index.php\/wp-json\/wp\/v2\/comments?post=516"}],"version-history":[{"count":9,"href":"https:\/\/imagerie78.com\/index.php\/wp-json\/wp\/v2\/pages\/516\/revisions"}],"predecessor-version":[{"id":3527,"href":"https:\/\/imagerie78.com\/index.php\/wp-json\/wp\/v2\/pages\/516\/revisions\/3527"}],"up":[{"embeddable":true,"href":"https:\/\/imagerie78.com\/index.php\/wp-json\/wp\/v2\/pages\/548"}],"wp:featuredmedia":[{"embeddable":true,"href":"https:\/\/imagerie78.com\/index.php\/wp-json\/wp\/v2\/media\/19"}],"wp:attachment":[{"href":"https:\/\/imagerie78.com\/index.php\/wp-json\/wp\/v2\/media?parent=516"}],"curies":[{"name":"wp","href":"https:\/\/api.w.org\/{rel}","templated":true}]}}