{"id":2826,"date":"2022-12-11T13:34:49","date_gmt":"2022-12-11T12:34:49","guid":{"rendered":"https:\/\/imagerie78.com\/?page_id=2826"},"modified":"2022-12-11T13:39:57","modified_gmt":"2022-12-11T12:39:57","slug":"actualites","status":"publish","type":"page","link":"https:\/\/imagerie78.com\/index.php\/actualites\/","title":{"rendered":"Actualit\u00e9s"},"content":{"rendered":"<div id=\"pl-2826\"  class=\"panel-layout\" ><div id=\"pg-2826-0\"  class=\"panel-grid panel-has-style\" ><div style=\"padding: 100px 0; \" data-overlay=\"true\" class=\"panel-row-style panel-row-style-for-2826-0\" ><div id=\"pgc-2826-0-0\"  class=\"panel-grid-cell\" >\n\t\t<div id=\"panel-2826-0-0-0\" class=\"so-panel widget widget_recent-posts widget_recent_entries panel-first-child panel-last-child\" data-index=\"0\" >\n\t\t<h3 class=\"widget-title\">Actualit\u00e9s<\/h3>\n\t\t<ul>\n\t\t\t\t\t\t\t\t\t\t\t<li>\n\t\t\t\t\t<a href=\"https:\/\/imagerie78.com\/index.php\/2026\/02\/11\/11-02-2026-louverture-de-la-seconde-irm-a-maurepas-est-dans-la-presse\/\">[11\/02\/2026] L&rsquo;ouverture de la seconde IRM \u00e0 Maurepas est dans la presse<\/a>\n\t\t\t\t\t\t\t\t\t<\/li>\n\t\t\t\t\t\t\t\t\t\t\t<li>\n\t\t\t\t\t<a href=\"https:\/\/imagerie78.com\/index.php\/2025\/12\/22\/22-12-2025-ouverture-dune-nouvelle-irm-a-maurepas\/\">[22\/12\/2025] Ouverture d&rsquo;une nouvelle IRM \u00e0 Maurepas<\/a>\n\t\t\t\t\t\t\t\t\t<\/li>\n\t\t\t\t\t\t\t\t\t\t\t<li>\n\t\t\t\t\t<a href=\"https:\/\/imagerie78.com\/index.php\/2025\/02\/09\/01-02-2025-ouverture-du-centre-medical-simone-veil-aux-clayes-sous-bois\/\">[01\/02\/2025] Ouverture du Centre M\u00e9dical Simone Veil aux Clayes-sous-Bois<\/a>\n\t\t\t\t\t\t\t\t\t<\/li>\n\t\t\t\t\t\t\t\t\t\t\t<li>\n\t\t\t\t\t<a href=\"https:\/\/imagerie78.com\/index.php\/2024\/08\/05\/01-07-2024-ouverture-de-lirm-a-plaisir-sky-78\/\">[01\/07\/2024] Ouverture de l&rsquo;IRM \u00e0 Plaisir (SKY 78)<\/a>\n\t\t\t\t\t\t\t\t\t<\/li>\n\t\t\t\t\t\t\t\t\t\t\t<li>\n\t\t\t\t\t<a href=\"https:\/\/imagerie78.com\/index.php\/2023\/12\/07\/05-12-2023-louverture-de-lirm-a-maurepas-est-dans-la-presse\/\">[05\/12\/2023] L&rsquo;ouverture de l&rsquo;IRM \u00e0 Maurepas est dans la presse<\/a>\n\t\t\t\t\t\t\t\t\t<\/li>\n\t\t\t\t\t\t\t\t\t\t\t<li>\n\t\t\t\t\t<a href=\"https:\/\/imagerie78.com\/index.php\/2023\/12\/07\/06-12-2023-louverture-de-lirm-de-maurepas-sur-tv78\/\">[06\/12\/2023] L&rsquo;ouverture de l&rsquo;IRM de Maurepas sur TV78 &#x1f4fa;<\/a>\n\t\t\t\t\t\t\t\t\t<\/li>\n\t\t\t\t\t\t\t\t\t\t\t<li>\n\t\t\t\t\t<a href=\"https:\/\/imagerie78.com\/index.php\/2023\/10\/23\/20-10-2023-sqy-soutient-octobre-rose\/\">[20\/10\/2023] SQY soutient Octobre Rose<\/a>\n\t\t\t\t\t\t\t\t\t<\/li>\n\t\t\t\t\t\t\t\t\t\t\t<li>\n\t\t\t\t\t<a href=\"https:\/\/imagerie78.com\/index.php\/2023\/07\/26\/26-07-2023-ouverture-dune-irm-a-maurepas-1er-aout-2023\/\">[26\/07\/2023] Ouverture d&rsquo;une IRM \u00e0 MAUREPAS &#8211; 1er aout 2023<\/a>\n\t\t\t\t\t\t\t\t\t<\/li>\n\t\t\t\t\t\t\t\t\t\t\t<li>\n\t\t\t\t\t<a href=\"https:\/\/imagerie78.com\/index.php\/2023\/01\/02\/01-01-2023-dr-selma-beldjord-rejoint-les-specialistes\/\">[01\/01\/2023] Dr Selma BELDJORD rejoint les sp\u00e9cialistes<\/a>\n\t\t\t\t\t\t\t\t\t<\/li>\n\t\t\t\t\t\t\t\t\t\t\t<li>\n\t\t\t\t\t<a href=\"https:\/\/imagerie78.com\/index.php\/2022\/12\/10\/ouverture-dune-nouvelle-irm-a-maurepas-1e-semestre-2023\/\">[10\/12\/2022] Ouverture d&rsquo;une nouvelle IRM \u00e0 Maurepas &#8211; 1e semestre 2023<\/a>\n\t\t\t\t\t\t\t\t\t<\/li>\n\t\t\t\t\t\t\t\t\t\t\t<li>\n\t\t\t\t\t<a href=\"https:\/\/imagerie78.com\/index.php\/2020\/05\/11\/11-05-2020-information-covid-19\/\">[11\/05\/2020] Information Covid-19<\/a>\n\t\t\t\t\t\t\t\t\t<\/li>\n\t\t\t\t\t\t\t\t\t\t\t<li>\n\t\t\t\t\t<a href=\"https:\/\/imagerie78.com\/index.php\/2019\/07\/29\/du-nouveau-a-maurepas-nous-realisons-dorenavant-des-injections-de-prp\/\">[29\/07\/2019] Du nouveau \u00e0 MAUREPAS ! Nous r\u00e9alisons dor\u00e9navant des INJECTIONS DE PRP<\/a>\n\t\t\t\t\t\t\t\t\t<\/li>\n\t\t\t\t\t\t\t\t\t\t\t<li>\n\t\t\t\t\t<a href=\"https:\/\/imagerie78.com\/index.php\/2018\/10\/03\/03-10-2018-le-centre-de-plaisir-a-demenage\/\">[03\/10\/2018] Le centre de Plaisir a d\u00e9m\u00e9nag\u00e9<\/a>\n\t\t\t\t\t\t\t\t\t<\/li>\n\t\t\t\t\t\t\t\t\t\t\t<li>\n\t\t\t\t\t<a href=\"https:\/\/imagerie78.com\/index.php\/2017\/06\/19\/19-06-2017-mammo-3d-a-maurepas\/\">[19\/06\/2017] Mammo 3D \u00e0 Maurepas<\/a>\n\t\t\t\t\t\t\t\t\t<\/li>\n\t\t\t\t\t\t\t\t\t\t\t<li>\n\t\t\t\t\t<a href=\"https:\/\/imagerie78.com\/index.php\/2016\/09\/11\/11-09-2016-nouveau-site\/\">[11\/09\/2016] Nouveau site !<\/a>\n\t\t\t\t\t\t\t\t\t<\/li>\n\t\t\t\t\t<\/ul>\n\n\t\t<\/div><\/div><\/div><\/div><\/div>","protected":false},"excerpt":{"rendered":"<p>Actualit\u00e9s [11\/02\/2026] L&rsquo;ouverture de la seconde IRM \u00e0 Maurepas est [&hellip;]<\/p>\n","protected":false},"author":2,"featured_media":0,"parent":0,"menu_order":0,"comment_status":"closed","ping_status":"closed","template":"page-templates\/page_fullwidth.php","meta":{"footnotes":""},"class_list":["post-2826","page","type-page","status-publish","hentry"],"yoast_head":"<!-- This site is optimized with the Yoast SEO plugin v27.4 - https:\/\/yoast.com\/product\/yoast-seo-wordpress\/ -->\n<title>Actualit\u00e9s - Imagerie m\u00e9dicale 78<\/title>\n<meta name=\"robots\" content=\"index, follow, max-snippet:-1, max-image-preview:large, max-video-preview:-1\" \/>\n<link rel=\"canonical\" href=\"https:\/\/imagerie78.com\/index.php\/actualites\/\" \/>\n<meta property=\"og:locale\" content=\"fr_FR\" \/>\n<meta property=\"og:type\" content=\"article\" \/>\n<meta property=\"og:title\" content=\"Actualit\u00e9s - Imagerie m\u00e9dicale 78\" \/>\n<meta property=\"og:description\" content=\"Actualit\u00e9s [11\/02\/2026] L&rsquo;ouverture de la seconde IRM \u00e0 Maurepas est [&hellip;]\" \/>\n<meta property=\"og:url\" content=\"https:\/\/imagerie78.com\/index.php\/actualites\/\" \/>\n<meta property=\"og:site_name\" content=\"Imagerie m\u00e9dicale 78\" \/>\n<meta property=\"article:modified_time\" content=\"2022-12-11T12:39:57+00:00\" \/>\n<meta property=\"og:image\" content=\"https:\/\/imagerie78.com\/wp-content\/uploads\/2016\/09\/logo.png\" \/>\n\t<meta property=\"og:image:width\" content=\"393\" \/>\n\t<meta property=\"og:image:height\" content=\"155\" \/>\n\t<meta property=\"og:image:type\" content=\"image\/png\" \/>\n<meta name=\"twitter:card\" content=\"summary_large_image\" \/>\n<meta name=\"twitter:label1\" content=\"Dur\u00e9e de lecture estim\u00e9e\" \/>\n\t<meta name=\"twitter:data1\" content=\"1 minute\" \/>\n<script type=\"application\/ld+json\" class=\"yoast-schema-graph\">{\"@context\":\"https:\\\/\\\/schema.org\",\"@graph\":[{\"@type\":\"WebPage\",\"@id\":\"https:\\\/\\\/imagerie78.com\\\/index.php\\\/actualites\\\/\",\"url\":\"https:\\\/\\\/imagerie78.com\\\/index.php\\\/actualites\\\/\",\"name\":\"Actualit\u00e9s - Imagerie m\u00e9dicale 78\",\"isPartOf\":{\"@id\":\"https:\\\/\\\/imagerie78.com\\\/#website\"},\"datePublished\":\"2022-12-11T12:34:49+00:00\",\"dateModified\":\"2022-12-11T12:39:57+00:00\",\"breadcrumb\":{\"@id\":\"https:\\\/\\\/imagerie78.com\\\/index.php\\\/actualites\\\/#breadcrumb\"},\"inLanguage\":\"fr-FR\",\"potentialAction\":[{\"@type\":\"ReadAction\",\"target\":[\"https:\\\/\\\/imagerie78.com\\\/index.php\\\/actualites\\\/\"]}]},{\"@type\":\"BreadcrumbList\",\"@id\":\"https:\\\/\\\/imagerie78.com\\\/index.php\\\/actualites\\\/#breadcrumb\",\"itemListElement\":[{\"@type\":\"ListItem\",\"position\":1,\"name\":\"Accueil\",\"item\":\"https:\\\/\\\/imagerie78.com\\\/\"},{\"@type\":\"ListItem\",\"position\":2,\"name\":\"Actualit\u00e9s\"}]},{\"@type\":\"WebSite\",\"@id\":\"https:\\\/\\\/imagerie78.com\\\/#website\",\"url\":\"https:\\\/\\\/imagerie78.com\\\/\",\"name\":\"Imagerie m\u00e9dicale 78\",\"description\":\"\",\"potentialAction\":[{\"@type\":\"SearchAction\",\"target\":{\"@type\":\"EntryPoint\",\"urlTemplate\":\"https:\\\/\\\/imagerie78.com\\\/?s={search_term_string}\"},\"query-input\":{\"@type\":\"PropertyValueSpecification\",\"valueRequired\":true,\"valueName\":\"search_term_string\"}}],\"inLanguage\":\"fr-FR\"}]}<\/script>\n<!-- \/ Yoast SEO plugin. -->","yoast_head_json":{"title":"Actualit\u00e9s - Imagerie m\u00e9dicale 78","robots":{"index":"index","follow":"follow","max-snippet":"max-snippet:-1","max-image-preview":"max-image-preview:large","max-video-preview":"max-video-preview:-1"},"canonical":"https:\/\/imagerie78.com\/index.php\/actualites\/","og_locale":"fr_FR","og_type":"article","og_title":"Actualit\u00e9s - Imagerie m\u00e9dicale 78","og_description":"Actualit\u00e9s [11\/02\/2026] L&rsquo;ouverture de la seconde IRM \u00e0 Maurepas est [&hellip;]","og_url":"https:\/\/imagerie78.com\/index.php\/actualites\/","og_site_name":"Imagerie m\u00e9dicale 78","article_modified_time":"2022-12-11T12:39:57+00:00","og_image":[{"width":393,"height":155,"url":"https:\/\/imagerie78.com\/wp-content\/uploads\/2016\/09\/logo.png","type":"image\/png"}],"twitter_card":"summary_large_image","twitter_misc":{"Dur\u00e9e de lecture estim\u00e9e":"1 minute"},"schema":{"@context":"https:\/\/schema.org","@graph":[{"@type":"WebPage","@id":"https:\/\/imagerie78.com\/index.php\/actualites\/","url":"https:\/\/imagerie78.com\/index.php\/actualites\/","name":"Actualit\u00e9s - Imagerie m\u00e9dicale 78","isPartOf":{"@id":"https:\/\/imagerie78.com\/#website"},"datePublished":"2022-12-11T12:34:49+00:00","dateModified":"2022-12-11T12:39:57+00:00","breadcrumb":{"@id":"https:\/\/imagerie78.com\/index.php\/actualites\/#breadcrumb"},"inLanguage":"fr-FR","potentialAction":[{"@type":"ReadAction","target":["https:\/\/imagerie78.com\/index.php\/actualites\/"]}]},{"@type":"BreadcrumbList","@id":"https:\/\/imagerie78.com\/index.php\/actualites\/#breadcrumb","itemListElement":[{"@type":"ListItem","position":1,"name":"Accueil","item":"https:\/\/imagerie78.com\/"},{"@type":"ListItem","position":2,"name":"Actualit\u00e9s"}]},{"@type":"WebSite","@id":"https:\/\/imagerie78.com\/#website","url":"https:\/\/imagerie78.com\/","name":"Imagerie m\u00e9dicale 78","description":"","potentialAction":[{"@type":"SearchAction","target":{"@type":"EntryPoint","urlTemplate":"https:\/\/imagerie78.com\/?s={search_term_string}"},"query-input":{"@type":"PropertyValueSpecification","valueRequired":true,"valueName":"search_term_string"}}],"inLanguage":"fr-FR"}]}},"_links":{"self":[{"href":"https:\/\/imagerie78.com\/index.php\/wp-json\/wp\/v2\/pages\/2826","targetHints":{"allow":["GET"]}}],"collection":[{"href":"https:\/\/imagerie78.com\/index.php\/wp-json\/wp\/v2\/pages"}],"about":[{"href":"https:\/\/imagerie78.com\/index.php\/wp-json\/wp\/v2\/types\/page"}],"author":[{"embeddable":true,"href":"https:\/\/imagerie78.com\/index.php\/wp-json\/wp\/v2\/users\/2"}],"replies":[{"embeddable":true,"href":"https:\/\/imagerie78.com\/index.php\/wp-json\/wp\/v2\/comments?post=2826"}],"version-history":[{"count":13,"href":"https:\/\/imagerie78.com\/index.php\/wp-json\/wp\/v2\/pages\/2826\/revisions"}],"predecessor-version":[{"id":2839,"href":"https:\/\/imagerie78.com\/index.php\/wp-json\/wp\/v2\/pages\/2826\/revisions\/2839"}],"wp:attachment":[{"href":"https:\/\/imagerie78.com\/index.php\/wp-json\/wp\/v2\/media?parent=2826"}],"curies":[{"name":"wp","href":"https:\/\/api.w.org\/{rel}","templated":true}]}}