{"id":2617,"date":"2022-12-06T23:34:25","date_gmt":"2022-12-06T22:34:25","guid":{"rendered":"https:\/\/imagerie78.com\/?page_id=2617"},"modified":"2025-10-27T20:47:20","modified_gmt":"2025-10-27T19:47:20","slug":"mammographie","status":"publish","type":"page","link":"https:\/\/imagerie78.com\/index.php\/nos-examens\/mammographie\/","title":{"rendered":"Mammographie"},"content":{"rendered":"\n<p>La mammographie est une radiographie sp\u00e9cialis\u00e9e du sein.<br>Il s\u2019agit de la technique de r\u00e9f\u00e9rence pour le d\u00e9pistage du cancer du sein et le diagnostic des sympt\u00f4mes mammaires.<\/p>\n\n\n\n<p>La mammographie de d\u00e9pistage permet de d\u00e9tecter pr\u00e9coc\u00e9ment les cancers du sein avant tout sympt\u00f4me, l\u2019objectif \u00e9tant de rendre \u00e9ligible \u00e0 des traitements moins agressifs et de r\u00e9duire la morbidit\u00e9 et la mortalit\u00e9 li\u00e9e au cancer du sein.<\/p>\n\n\n\n<p>Cet examen est \u00e9galement en premi\u00e8re ligne dans la d\u00e9marche diagnostique d\u2019un sympt\u00f4me mammaire tel qu\u2019une masse palpable.<\/p>\n\n\n\n<p>(photo \u00e9cran lecture des mammo, concertations entre m\u00e9decin etc )<br>L\u00e9gende de la photo: Vos examens sont r\u00e9alis\u00e9s et interpr\u00e9t\u00e9s par une \u00e9quipe experte dans le domaine de la s\u00e9nologie utilisant du mat\u00e9riel de pointe.<\/p>\n\n\n\n<h2 class=\"wp-block-heading\">LE DEROULEMENT<\/h2>\n\n\n\n<ul class=\"wp-block-list\">\n<li>La r\u00e9alisation d\u2019une mammographie n\u00e9cessite une compression du sein pour dissocier les tissus afin de mieux d\u00e9tecter une anomalie potentielle et pour r\u00e9duire l\u2019irradiation.<br>Cette compression douce et progressive r\u00e9alis\u00e9e par une manipulatrice sp\u00e9cialis\u00e9e dans le domaine de la s\u00e9nologie est le plus souvent indolore. Elle ne dure que 5 \u00e0 10 secondes.<\/li>\n\n\n\n<li>Un bilan mammographique complet consiste en un clich\u00e9 de face et un clich\u00e9 oblique par sein. Une acquisition 3D \u00e9galement appel\u00e9e tomosynth\u00e8se r\u00e9alis\u00e9e de face ou en oblique vient compl\u00e9ter ce bilan et permet de d\u00e9tecter plus de cancer en particulier dans un milieu mammaire dense.<\/li>\n\n\n\n<li>Suite \u00e0 la lecture de ces premiers clich\u00e9s par le m\u00e9decin, des clich\u00e9s compl\u00e9mentaires sont parfois n\u00e9cessaires de m\u00eame qu\u2019une \u00e9chographie mammaire.<\/li>\n<\/ul>\n\n\n\n<h2 class=\"wp-block-heading\">TECHNIQUE<\/h2>\n\n\n\n<p>Nous sommes \u00e9quip\u00e9s d\u2019un mat\u00e9riel de derni\u00e8re g\u00e9n\u00e9ration compos\u00e9 de trois mammographes dot\u00e9s de la technique d\u2019imagerie 3D ou tomosynth\u00e8se et de trois \u00e9chographes d\u00e9di\u00e9s \u00e0 la s\u00e9nologie.<br>L\u2019interpr\u00e9tation des examens est r\u00e9alis\u00e9e sur des \u00e9crans haute d\u00e9finition de 12 millions de pixels.<br>Vos images sont archiv\u00e9es dans notre r\u00e9seau.<\/p>\n\n\n\n<h2 class=\"wp-block-heading\">DUREE<\/h2>\n\n\n\n<p>La r\u00e9alisation de l\u2019ensemble des clich\u00e9s mammographiques ne dure que 5 minutes<\/p>\n\n\n\n<ul class=\"wp-block-list\">\n<li>Comptez 1 heure de pr\u00e9sence au cabinet incluant le temps de consultation avec examen clinique du m\u00e9decin et la r\u00e9alisation de l\u2019\u00e9chographie mammaire. Vous repartez avec vos clich\u00e9s et votre compte rendu, un double est envoy\u00e9 \u00e0 votre m\u00e9decin.<\/li>\n\n\n\n<li>Le compte rendu comportera une conclusion avec un classement BIRADS et une synth\u00e8se exposant clairement les conclusions de l\u2019examen et la prise en charge \u00e9ventuelle.<\/li>\n<\/ul>\n\n\n\n<h2 class=\"wp-block-heading\">PREPARATION<\/h2>\n\n\n\n<ul class=\"wp-block-list\">\n<li>Apportez avec vous vos anciennes mammographies si elles n\u2019ont pas \u00e9t\u00e9 r\u00e9alis\u00e9es \u00e0 notre cabinet car une analyse comparative est essentielle.<\/li>\n\n\n\n<li>Privil\u00e9gier un RDV entre le 7\u00e8me et le 12\u00e8me jour apr\u00e8s le premier jour des r\u00e8gles si vos seins sont douloureux<\/li>\n\n\n\n<li>ne pas appliquer de d\u00e9odorant ni de lait corporel le matin de la mammographie<\/li>\n<\/ul>\n\n\n\n<h2 class=\"wp-block-heading\">MAMMOGRAPHIE : QUESTIONS \/ REPONSES<\/h2>\n\n\n\n<details class=\"wp-block-details is-layout-flow wp-block-details-is-layout-flow\"><summary><strong>Quels sont les principaux facteurs de risque de cancer du sein ?<\/strong><\/summary>\n<p>Le principal facteur de risque du cancer du sein est l\u2019\u00e2ge.<br>80% des cancers du sein surviennent apr\u00e8s 50 ans avec un pic d\u2019incidence entre 60 et 69 ans<br>Les facteurs de risques familiaux s\u2019\u00e9valuent syst\u00e9matiquement \u00e0 l\u2019interrogatoire<br>On interroge sur le type de cancer, le lien de parent\u00e9 et l\u2019\u00e2ge de survenu des cancers dans la famille<br>Si on identifie des cas de cancer du sein ou des ovaires cumul\u00e9s dans une m\u00eame lign\u00e9e parentale ou survenus \u00e0 un \u00e2ge pr\u00e9coce on se doit d\u2019informer la patiente et de l\u2019orienter vers une consultation d\u2019onco-g\u00e9n\u00e9tique<br>5 \u00e0 10 % des cancers du sein sont h\u00e9r\u00e9ditaires.<br>Il existe un consensus international sur la surveillance et la prise en charge des femmes \u00e0 haut risque.<br>Des facteurs de risque personnel tels qu\u2019un ant\u00e9c\u00e9dent de l\u00e9sion atypique augmente le risque de d\u00e9velopper un cancer du sein par rapport \u00e0 la population g\u00e9n\u00e9rale et justifie une surveillance plus rapproch\u00e9e.<\/p>\n<\/details>\n\n\n\n<details class=\"wp-block-details is-layout-flow wp-block-details-is-layout-flow\"><summary><strong>Quel est le risque de d\u00e9velopper un cancer du sein ?<\/strong><\/summary>\n<p>Le risque cumul\u00e9 sur la vie de d\u00e9velopper un cancer du sein pour toute femme (hors femme \u00e0 risque) est de 14%<\/p>\n<\/details>\n\n\n\n<details class=\"wp-block-details is-layout-flow wp-block-details-is-layout-flow\"><summary><strong>L\u2019irradiation d\u00e9livr\u00e9e durant une mammographie constitue-t-elle un risque ?<\/strong><\/summary>\n<p>L\u2019irradiation d\u00e9livr\u00e9e par une mammographie est faible.<br>Le risque de survenue d\u2019un cancer radio-induit est infime et sans proportion par rapport au risque de cancer du sein dans la population g\u00e9n\u00e9rale ( qui est de 10%). La r\u00e9duction de la mortalit\u00e9 li\u00e9e au cancer du sein gr\u00e2ce au d\u00e9pistage est attest\u00e9e par la d\u00e9couverte de cancers de tr\u00e8s petite taille gu\u00e9rissables.<br>Il faut n\u00e9anmoins tenir compte de son caract\u00e8re irradiant et respecter les recommandations de bonnes pratiques.<\/p>\n<\/details>\n\n\n\n<details class=\"wp-block-details is-layout-flow wp-block-details-is-layout-flow\"><summary><strong>La mammographie de d\u00e9pistage d\u00e9tecte-t-elle tous les cancers ?<\/strong><\/summary>\n<p>Aucun test diagnostic n\u2019est parfait. Cette r\u00e8gle s\u2019applique \u00e9galement \u00e0 la mammographie. Des cancers peuvent \u00eatre manqu\u00e9s, en particulier du fait d\u2019une densit\u00e9 mammaire \u00e9lev\u00e9e ; c\u2019est pourquoi un examen clinique rigoureux et une \u00e9chographie mammaire sont coupl\u00e9s \u00e0 la mammographie en cas de sein dense. En cas de sympt\u00f4mes apparaissant n\u2019h\u00e9sitez pas \u00e0 alerter votre m\u00e9decin<\/p>\n<\/details>\n\n\n\n<details class=\"wp-block-details is-layout-flow wp-block-details-is-layout-flow\"><summary><strong>A quel rythme doit-on r\u00e9aliser des mammographies de d\u00e9pistage ?<\/strong><\/summary>\n<p>La mammographie de d\u00e9pistage doit \u00eatre r\u00e9alis\u00e9e p\u00e9riodiquement afin de d\u00e9tecter de petits cancers non perceptibles cliniquement.<br>Une mammographie de d\u00e9pistage sera indiqu\u00e9e tous les 2 ans<br>Ce rythme variera en fonction vos facteurs de risque ainsi que de la nature de vos seins.<br>En fonction de ces \u00e9l\u00e9ments votre m\u00e9decin vous informera sur le suivi optimal<\/p>\n<\/details>\n\n\n\n<details class=\"wp-block-details is-layout-flow wp-block-details-is-layout-flow\"><summary><strong>A quel \u00e2ge doit-on d\u00e9buter les mammographies de d\u00e9pistages ?<\/strong><\/summary>\n<p>L\u2019\u00e2ge de d\u00e9but du d\u00e9pistage varie selon les recommandations internationales et peut varier selon le contexte familial de la patiente.<br>Il y a un consensus sur le fait que toutes les femmes \u00e0 partir de 50 ans doivent pratiquer des mammographies p\u00e9riodiques.<br>Une extension aux femmes \u00e2g\u00e9es de 40 \u00e0 50 ans est retenu par certains programmes de d\u00e9pistage<br>Un \u00e2ge minimal de 40 ans est retenu.<\/p>\n<\/details>\n\n\n\n<details class=\"wp-block-details is-layout-flow wp-block-details-is-layout-flow\"><summary><strong>Y-a-t-il un \u00e2ge o\u00f9 les mammographies de d\u00e9pistage ne sont plus n\u00e9cessaires ?<\/strong><\/summary>\n<p>Le cancer du sein n\u2019a pas de limite d\u2019\u00e2ge. L\u2019incidence du cancer du sein en France est plus \u00e9lev\u00e9e \u00e0 80 ans qu\u2019\u00e0 50 ans.<br>Si vous \u00eates en mesure de supporter un traitement dans l\u2019hypoth\u00e8se o\u00f9 une anomalie est d\u00e9tect\u00e9e il est recommand\u00e9e de poursuivre le d\u00e9pistage mammographique quelque soit votre \u00e2ge.<\/p>\n<\/details>\n\n\n\n<details class=\"wp-block-details is-layout-flow wp-block-details-is-layout-flow\"><summary><strong>Quels sympt\u00f4mes mammaires doivent alerter ?<\/strong><\/summary>\n<ul class=\"wp-block-list\">\n<li>Vous palpez quelque chose d\u2019inhabituel dans le sein: ceci n\u2019est pas synonyme de cancer mais un examen clinique et radiologique (mammographie et \/ ou \u00e9chographie ) doit s\u2019en assurer<\/li>\n\n\n\n<li> Vous remarquez une modification de votre peau \u00e0 type de r\u00e9traction ou de m\u00e9plat<\/li>\n\n\n\n<li>Vous voyez apparaitre une inflammation aigu\u00eb de la peau du sein<\/li>\n\n\n\n<li>Vous objectivez un \u00e9coulement du mamelon ou un t\u00e2che color\u00e9e sur vos sous-v\u00eatements<\/li>\n\n\n\n<li>Vous notez des d\u00e9mangeaisons inhabituelles du mamelon et du sein<\/li>\n\n\n\n<li>Vous remarquez des l\u00e9sions cro\u00fbteuses sur le mamelon ou une invagination r\u00e9cente de ce dernier.<\/li>\n\n\n\n<li>La r\u00e9alisation d\u2019un bilan de d\u00e9pistage r\u00e9cent ne doit pas vous emp\u00eacher de consulter \u00e0 nouveau si ces sympt\u00f4mes mammaires apparaissent dans l\u2019intervalle de deux examens de d\u00e9pistage<\/li>\n<\/ul>\n<\/details>\n\n\n\n<details class=\"wp-block-details is-layout-flow wp-block-details-is-layout-flow\"><summary><strong>Qu\u2019est ce que la mammographie 3D appel\u00e9e tomosynth\u00e8se ?<\/strong><\/summary>\n<p>Derni\u00e8re avanc\u00e9e technologique dans le domaine de la mammographie, elle est acquise par un mouvement arcifome de l\u2019anneau qui r\u00e9alise plusieurs acquisitions basses doses du sein.<br>Le logiciel reconstruit ensuite une s\u00e9rie de coupes fines de 1 mm de votre sein. (mettre une video tomo)<\/p>\n<\/details>\n\n\n\n<details class=\"wp-block-details is-layout-flow wp-block-details-is-layout-flow\"><summary><strong>Qu\u2019elle est l\u2019avantage de la mammographie 3D appel\u00e9e ?<\/strong><\/summary>\n<p>Les r\u00e9sultats de diff\u00e9rentes \u00e9tudes ont montr\u00e9 que la tomosynth\u00e8se permettait d\u2019augmenter la d\u00e9tection des cancers de 30 \u00e0 40%.<br>En diminuant l\u2019effet masquant de la superposition glandulaire, la tomosynth\u00e8se a \u00e9galement prouv\u00e9 qu\u2019elle diminuait le nombre de faux positifs et de clich\u00e9s compl\u00e9mentaires.<br>Cette technique permettant l\u2019analyse de la glande mammaire en \u00ab tranches \u00bb fines am\u00e9liore significativement les comp\u00e9tences diagnostiques.<\/p>\n<\/details>\n\n\n\n<details class=\"wp-block-details is-layout-flow wp-block-details-is-layout-flow\"><summary><strong>Est elle responsable d\u2019une irradiation importante ?<\/strong><\/summary>\n<p>Non.<br>L\u2019irradiation d\u00e9livr\u00e9e par une acquisition 3D est \u00e9gale ou \u00e0 peine sup\u00e9rieure \u00e0 celle d\u2019un clich\u00e9 mammographique standard, dans les limites recommand\u00e9es par les directives internationales de radioprotection.<br>La tomosynth\u00e8se r\u00e9duisant le nombre de clich\u00e9s compl\u00e9mentaires pour des images \u00e9quivoques, l\u2019irradiation moyenne totale est inchang\u00e9e.<\/p>\n<\/details>\n\n\n\n<details class=\"wp-block-details is-layout-flow wp-block-details-is-layout-flow\"><summary><strong>Puis je faire une mammographie avec des implants mammaires ?<\/strong><\/summary>\n<p>La pr\u00e9sence d\u2019implants mammaires n\u2019est pas une contre indication \u00e0 la r\u00e9alisation d\u2019une mammographie.<br>Il est au contraire n\u00e9cessaire de poursuivre les mammographies dans le cadre du d\u00e9pistage du cancer et aussi pour analyser l\u2019\u00e9tat de la proth\u00e8se.<br>La technique d\u2019Eklund qui consiste \u00e0 repousser la proth\u00e8se en arri\u00e8re afin de ne comprimer que la glande est r\u00e9alis\u00e9e. Les manipulatrices sont form\u00e9es \u00e0 manipuler la proth\u00e8se avec douceur afin d\u2019\u00e9liminer tout risque de rupture.<br>Une \u00e9chographie mammaire compl\u00e9mentaire permettra de mieux analyser l\u2019\u00e9tat de vos proth\u00e8ses.<\/p>\n<\/details>\n","protected":false},"excerpt":{"rendered":"<p>La mammographie est une radiographie sp\u00e9cialis\u00e9e du sein.Il s\u2019agit de [&hellip;]<\/p>\n","protected":false},"author":2,"featured_media":0,"parent":548,"menu_order":0,"comment_status":"closed","ping_status":"closed","template":"","meta":{"footnotes":""},"class_list":["post-2617","page","type-page","status-publish","hentry"],"yoast_head":"<!-- This site is optimized with the Yoast SEO plugin v27.5 - https:\/\/yoast.com\/product\/yoast-seo-wordpress\/ -->\n<title>Mammographie - Imagerie m\u00e9dicale 78<\/title>\n<meta name=\"robots\" content=\"index, follow, max-snippet:-1, max-image-preview:large, max-video-preview:-1\" \/>\n<link rel=\"canonical\" href=\"https:\/\/imagerie78.com\/index.php\/nos-examens\/mammographie\/\" \/>\n<meta property=\"og:locale\" content=\"fr_FR\" \/>\n<meta property=\"og:type\" content=\"article\" \/>\n<meta property=\"og:title\" content=\"Mammographie - Imagerie m\u00e9dicale 78\" \/>\n<meta property=\"og:description\" content=\"La mammographie est une radiographie sp\u00e9cialis\u00e9e du sein.Il s\u2019agit de [&hellip;]\" \/>\n<meta property=\"og:url\" content=\"https:\/\/imagerie78.com\/index.php\/nos-examens\/mammographie\/\" \/>\n<meta property=\"og:site_name\" content=\"Imagerie m\u00e9dicale 78\" \/>\n<meta property=\"article:modified_time\" content=\"2025-10-27T19:47:20+00:00\" \/>\n<meta property=\"og:image\" content=\"https:\/\/imagerie78.com\/wp-content\/uploads\/2016\/09\/logo.png\" \/>\n\t<meta property=\"og:image:width\" content=\"393\" \/>\n\t<meta property=\"og:image:height\" content=\"155\" \/>\n\t<meta property=\"og:image:type\" content=\"image\/png\" \/>\n<meta name=\"twitter:card\" content=\"summary_large_image\" \/>\n<meta name=\"twitter:label1\" content=\"Dur\u00e9e de lecture estim\u00e9e\" \/>\n\t<meta name=\"twitter:data1\" content=\"8 minutes\" \/>\n<script type=\"application\/ld+json\" class=\"yoast-schema-graph\">{\"@context\":\"https:\\\/\\\/schema.org\",\"@graph\":[{\"@type\":\"WebPage\",\"@id\":\"https:\\\/\\\/imagerie78.com\\\/index.php\\\/nos-examens\\\/mammographie\\\/\",\"url\":\"https:\\\/\\\/imagerie78.com\\\/index.php\\\/nos-examens\\\/mammographie\\\/\",\"name\":\"Mammographie - Imagerie m\u00e9dicale 78\",\"isPartOf\":{\"@id\":\"https:\\\/\\\/imagerie78.com\\\/#website\"},\"datePublished\":\"2022-12-06T22:34:25+00:00\",\"dateModified\":\"2025-10-27T19:47:20+00:00\",\"breadcrumb\":{\"@id\":\"https:\\\/\\\/imagerie78.com\\\/index.php\\\/nos-examens\\\/mammographie\\\/#breadcrumb\"},\"inLanguage\":\"fr-FR\",\"potentialAction\":[{\"@type\":\"ReadAction\",\"target\":[\"https:\\\/\\\/imagerie78.com\\\/index.php\\\/nos-examens\\\/mammographie\\\/\"]}]},{\"@type\":\"BreadcrumbList\",\"@id\":\"https:\\\/\\\/imagerie78.com\\\/index.php\\\/nos-examens\\\/mammographie\\\/#breadcrumb\",\"itemListElement\":[{\"@type\":\"ListItem\",\"position\":1,\"name\":\"Accueil\",\"item\":\"https:\\\/\\\/imagerie78.com\\\/\"},{\"@type\":\"ListItem\",\"position\":2,\"name\":\"Nos examens\",\"item\":\"https:\\\/\\\/imagerie78.com\\\/index.php\\\/nos-examens\\\/\"},{\"@type\":\"ListItem\",\"position\":3,\"name\":\"Mammographie\"}]},{\"@type\":\"WebSite\",\"@id\":\"https:\\\/\\\/imagerie78.com\\\/#website\",\"url\":\"https:\\\/\\\/imagerie78.com\\\/\",\"name\":\"Imagerie m\u00e9dicale 78\",\"description\":\"\",\"potentialAction\":[{\"@type\":\"SearchAction\",\"target\":{\"@type\":\"EntryPoint\",\"urlTemplate\":\"https:\\\/\\\/imagerie78.com\\\/?s={search_term_string}\"},\"query-input\":{\"@type\":\"PropertyValueSpecification\",\"valueRequired\":true,\"valueName\":\"search_term_string\"}}],\"inLanguage\":\"fr-FR\"}]}<\/script>\n<!-- \/ Yoast SEO plugin. -->","yoast_head_json":{"title":"Mammographie - Imagerie m\u00e9dicale 78","robots":{"index":"index","follow":"follow","max-snippet":"max-snippet:-1","max-image-preview":"max-image-preview:large","max-video-preview":"max-video-preview:-1"},"canonical":"https:\/\/imagerie78.com\/index.php\/nos-examens\/mammographie\/","og_locale":"fr_FR","og_type":"article","og_title":"Mammographie - Imagerie m\u00e9dicale 78","og_description":"La mammographie est une radiographie sp\u00e9cialis\u00e9e du sein.Il s\u2019agit de [&hellip;]","og_url":"https:\/\/imagerie78.com\/index.php\/nos-examens\/mammographie\/","og_site_name":"Imagerie m\u00e9dicale 78","article_modified_time":"2025-10-27T19:47:20+00:00","og_image":[{"width":393,"height":155,"url":"https:\/\/imagerie78.com\/wp-content\/uploads\/2016\/09\/logo.png","type":"image\/png"}],"twitter_card":"summary_large_image","twitter_misc":{"Dur\u00e9e de lecture estim\u00e9e":"8 minutes"},"schema":{"@context":"https:\/\/schema.org","@graph":[{"@type":"WebPage","@id":"https:\/\/imagerie78.com\/index.php\/nos-examens\/mammographie\/","url":"https:\/\/imagerie78.com\/index.php\/nos-examens\/mammographie\/","name":"Mammographie - Imagerie m\u00e9dicale 78","isPartOf":{"@id":"https:\/\/imagerie78.com\/#website"},"datePublished":"2022-12-06T22:34:25+00:00","dateModified":"2025-10-27T19:47:20+00:00","breadcrumb":{"@id":"https:\/\/imagerie78.com\/index.php\/nos-examens\/mammographie\/#breadcrumb"},"inLanguage":"fr-FR","potentialAction":[{"@type":"ReadAction","target":["https:\/\/imagerie78.com\/index.php\/nos-examens\/mammographie\/"]}]},{"@type":"BreadcrumbList","@id":"https:\/\/imagerie78.com\/index.php\/nos-examens\/mammographie\/#breadcrumb","itemListElement":[{"@type":"ListItem","position":1,"name":"Accueil","item":"https:\/\/imagerie78.com\/"},{"@type":"ListItem","position":2,"name":"Nos examens","item":"https:\/\/imagerie78.com\/index.php\/nos-examens\/"},{"@type":"ListItem","position":3,"name":"Mammographie"}]},{"@type":"WebSite","@id":"https:\/\/imagerie78.com\/#website","url":"https:\/\/imagerie78.com\/","name":"Imagerie m\u00e9dicale 78","description":"","potentialAction":[{"@type":"SearchAction","target":{"@type":"EntryPoint","urlTemplate":"https:\/\/imagerie78.com\/?s={search_term_string}"},"query-input":{"@type":"PropertyValueSpecification","valueRequired":true,"valueName":"search_term_string"}}],"inLanguage":"fr-FR"}]}},"_links":{"self":[{"href":"https:\/\/imagerie78.com\/index.php\/wp-json\/wp\/v2\/pages\/2617","targetHints":{"allow":["GET"]}}],"collection":[{"href":"https:\/\/imagerie78.com\/index.php\/wp-json\/wp\/v2\/pages"}],"about":[{"href":"https:\/\/imagerie78.com\/index.php\/wp-json\/wp\/v2\/types\/page"}],"author":[{"embeddable":true,"href":"https:\/\/imagerie78.com\/index.php\/wp-json\/wp\/v2\/users\/2"}],"replies":[{"embeddable":true,"href":"https:\/\/imagerie78.com\/index.php\/wp-json\/wp\/v2\/comments?post=2617"}],"version-history":[{"count":5,"href":"https:\/\/imagerie78.com\/index.php\/wp-json\/wp\/v2\/pages\/2617\/revisions"}],"predecessor-version":[{"id":3518,"href":"https:\/\/imagerie78.com\/index.php\/wp-json\/wp\/v2\/pages\/2617\/revisions\/3518"}],"up":[{"embeddable":true,"href":"https:\/\/imagerie78.com\/index.php\/wp-json\/wp\/v2\/pages\/548"}],"wp:attachment":[{"href":"https:\/\/imagerie78.com\/index.php\/wp-json\/wp\/v2\/media?parent=2617"}],"curies":[{"name":"wp","href":"https:\/\/api.w.org\/{rel}","templated":true}]}}