{"id":2608,"date":"2022-12-06T23:20:46","date_gmt":"2022-12-06T22:20:46","guid":{"rendered":"https:\/\/imagerie78.com\/?page_id=2608"},"modified":"2025-11-08T16:54:06","modified_gmt":"2025-11-08T15:54:06","slug":"hysterosalpingographie","status":"publish","type":"page","link":"https:\/\/imagerie78.com\/index.php\/nos-examens\/hysterosalpingographie\/","title":{"rendered":"Hyst\u00e9rosalpingographie"},"content":{"rendered":"\n<p>L\u2019hyst\u00e9rosalpingographie est une radiographie sp\u00e9cialis\u00e9e de l\u2019ut\u00e9rus et des trompes.<\/p>\n\n\n\n<p>Le principe est d\u2019introduire par le vagin dans la cavit\u00e9 ut\u00e9rine un produit st\u00e9rile radio-opaque aux Rayons X en particulier pour \u00e9valuer la perm\u00e9abilit\u00e9 des trompes.<\/p>\n\n\n\n<h2 class=\"wp-block-heading\">DEROULEMENT<\/h2>\n\n\n\n<p>Vous \u00eates accueillie par le manipulateur qui s\u2019occupe de vous fournir une informations d\u00e9taill\u00e9e sur le d\u00e9roulement de l\u2019examen.<\/p>\n\n\n\n<p>D\u00e8s que vous \u00eates en confiance l\u2019installation peut d\u00e9buter et le radiologue vous rejoint pour d\u00e9buter l\u2019examen :<\/p>\n\n\n\n<ul class=\"wp-block-list\">\n<li>vous \u00eates allong\u00e9e sur le dos en position gyn\u00e9cologique sur une table de radiographie<\/li>\n\n\n\n<li>vous aurez au pr\u00e9alable retir\u00e9 vos v\u00eatements du bas et porterez une blouse jetable<\/li>\n\n\n\n<li>L\u2019int\u00e9gralit\u00e9 du mat\u00e9riel utilis\u00e9 est \u00e0 usage unique<\/li>\n\n\n\n<li>L\u2019examen d\u00e9bute par une toilette anti-septique de la vulve et du p\u00e9rin\u00e9e<\/li>\n\n\n\n<li>Il se poursuit par un touch\u00e9 vaginal puis par la mise en place d\u2019un sp\u00e9culum en plastique jetable<\/li>\n\n\n\n<li>D\u00e8s que le col ut\u00e9rin est d\u00e9gag\u00e9 et d\u00e9sinfect\u00e9 un dispositif de petite taille st\u00e9rile est introduit par l\u2019orifice cervical et le produit de contraste est inject\u00e9.<\/li>\n\n\n\n<li>Un contr\u00f4le radiologique par scopie et des clich\u00e9s (peu nombreux pour limiter l\u2019irradiation) sont r\u00e9alis\u00e9s \u00e0 certaines \u00e9tapes de l\u2019injection lente du produit de contraste.<\/li>\n<\/ul>\n\n\n\n<h2 class=\"wp-block-heading\">DUREE<\/h2>\n\n\n\n<ul class=\"wp-block-list\">\n<li>Cet examen dure en moyenne 20 minutes il peut varier en fonction de votre anatomie gyn\u00e9cologique.<\/li>\n\n\n\n<li>Comptez 1heure en moyenne de passage dans notre centre<\/li>\n\n\n\n<li>Vous sortez au d\u00e9cours du geste sans surveillance particuli\u00e8re. Une activit\u00e9 normale peut \u00eatre reprise.<\/li>\n<\/ul>\n\n\n\n<h2 class=\"wp-block-heading\">COMPLICATIONS<\/h2>\n\n\n\n<p>Les incidents les plus couramment rencontr\u00e9s :<\/p>\n\n\n\n<ul class=\"wp-block-list\">\n<li>Des douleurs pelviennes \u00e0 type de crampes transitoires peuvent survenir att\u00e9nu\u00e9es par la prise de m\u00e9dicaments anti-spasmodiques<\/li>\n\n\n\n<li>De faibles saignements dans la journ\u00e9e qui suit la r\u00e9alisation de l\u2019examen<\/li>\n<\/ul>\n\n\n\n<p>Des incidents tr\u00e8s rares peuvent survenir:<\/p>\n\n\n\n<ul class=\"wp-block-list\">\n<li>un malaise vagal passager, une personne sera toujours pr\u00e9sente \u00e0 vos c\u00f4t\u00e9s durant le d\u00e9roulement de l\u2019examen<\/li>\n\n\n\n<li>une infection g\u00e9nitale dont le risque est minime compte tenu de la prise d\u2019un traitement antibiotique pr\u00e9ventif syst\u00e9matique.<\/li>\n\n\n\n<li>des manifestations allergiques au produit de contraste iod\u00e9 inject\u00e9 exceptionnelles car celui ci n\u2019est pas inject\u00e9 par voie intra-veineuse.<\/li>\n<\/ul>\n\n\n\n<h2 class=\"wp-block-heading\">L\u2019EXPOSITION AUX RAYONS X<\/h2>\n\n\n\n<p>En mati\u00e8re d\u2019irradiation aucun risque n\u2019a pu \u00eatre d\u00e9montr\u00e9 compte tenu des faibles doses utilis\u00e9es.<br>Des pr\u00e9cautions sont prises pour limiter au strict minimum la zone examin\u00e9e.<br>Le nombre de clich\u00e9s r\u00e9alis\u00e9s durant l\u2019examen est r\u00e9duit au strict n\u00e9cessaire.<br>A titre d\u2019exemple, un clich\u00e9 correspond \u00e0 l\u2019exposition moyenne naturelle subie lors d\u2019un voyage de 4 heures en avion.<\/p>\n\n\n\n<h2 class=\"wp-block-heading\">RESULTATS<\/h2>\n\n\n\n<p>D\u00e8s l\u2019analyse des images le radiologue vous fournira une information orale et un compte rendu \u00e9crit accompagnant les clich\u00e9s pris durant l\u2019examen.<br>Un double sera transmis au m\u00e9decin prescripteur.<\/p>\n\n\n\n<p>Des \u00e9tudes ont montr\u00e9 que cet examen pouvait \u00eatre favorable \u00e0 la survenue d\u2019une grossesse en raison du lavage tubaire et de l\u2019effet bact\u00e9riostatique du produit de contraste. Des rapports sexuels au d\u00e9cours de l\u2019hyst\u00e9rosalpingographie sont recommand\u00e9s.<\/p>\n\n\n\n<h2 class=\"wp-block-heading\">CONTRE INDICATIONS<\/h2>\n\n\n\n<ul class=\"wp-block-list\">\n<li>Une grossesse en cours contre indique strictement cet examen<\/li>\n\n\n\n<li>Une infection g\u00e9nitale en cours justifie d\u2019attendre la gu\u00e9rison avant d\u2019envisager cet examen<\/li>\n\n\n\n<li>Une intol\u00e9rance au produit de contraste iod\u00e9 : une alternative est l\u2019utilisation de produit de contraste gadolin\u00e9.<\/li>\n<\/ul>\n\n\n\n<h2 class=\"wp-block-heading\">PREPARATION<\/h2>\n\n\n\n<ul class=\"wp-block-list\">\n<li>L\u2019examen doit \u00eatre r\u00e9alis\u00e9 entre le 6\u00e8me et le 12\u00e8me jour du cycle menstruel<\/li>\n\n\n\n<li>Des ordonnances vous seront transmises lors de la prise de rendez vous pour :<br>. La r\u00e9alisation d\u2019une prise de sang avec dosage des b\u00eata HCG dans les 48heures avant l\u2019examen. Il conviendra \u00e9galement de ne pas avoir de rapports sexuels entre la prise de sang et l\u2019examen<br>. La prise d\u2019un antibiotique \u00e0 vis\u00e9e pr\u00e9ventive : le matin du geste \u00e0 poursuivre 48 heures apr\u00e8s le geste<br>. La prise d\u2019un antispasmodique type spasfon : elle est recommand\u00e9e pour limiter les douleurs.<\/li>\n\n\n\n<li>Pr\u00e9voir une serviette hygi\u00e9nique \u00e0 utiliser au d\u00e9cours de l\u2019examen<\/li>\n<\/ul>\n","protected":false},"excerpt":{"rendered":"<p>L\u2019hyst\u00e9rosalpingographie est une radiographie sp\u00e9cialis\u00e9e de l\u2019ut\u00e9rus et des trompes. [&hellip;]<\/p>\n","protected":false},"author":2,"featured_media":0,"parent":548,"menu_order":0,"comment_status":"closed","ping_status":"closed","template":"","meta":{"footnotes":""},"class_list":["post-2608","page","type-page","status-publish","hentry"],"yoast_head":"<!-- This site is optimized with the Yoast SEO plugin v27.3 - https:\/\/yoast.com\/product\/yoast-seo-wordpress\/ -->\n<title>Hyst\u00e9rosalpingographie - Imagerie m\u00e9dicale 78<\/title>\n<meta name=\"robots\" content=\"index, follow, max-snippet:-1, max-image-preview:large, max-video-preview:-1\" \/>\n<link rel=\"canonical\" href=\"https:\/\/imagerie78.com\/index.php\/nos-examens\/hysterosalpingographie\/\" \/>\n<meta property=\"og:locale\" content=\"fr_FR\" \/>\n<meta property=\"og:type\" content=\"article\" \/>\n<meta property=\"og:title\" content=\"Hyst\u00e9rosalpingographie - Imagerie m\u00e9dicale 78\" \/>\n<meta property=\"og:description\" content=\"L\u2019hyst\u00e9rosalpingographie est une radiographie sp\u00e9cialis\u00e9e de l\u2019ut\u00e9rus et des trompes. [&hellip;]\" \/>\n<meta property=\"og:url\" content=\"https:\/\/imagerie78.com\/index.php\/nos-examens\/hysterosalpingographie\/\" \/>\n<meta property=\"og:site_name\" content=\"Imagerie m\u00e9dicale 78\" \/>\n<meta property=\"article:modified_time\" content=\"2025-11-08T15:54:06+00:00\" \/>\n<meta property=\"og:image\" content=\"https:\/\/imagerie78.com\/wp-content\/uploads\/2016\/09\/logo.png\" \/>\n\t<meta property=\"og:image:width\" content=\"393\" \/>\n\t<meta property=\"og:image:height\" content=\"155\" \/>\n\t<meta property=\"og:image:type\" content=\"image\/png\" \/>\n<meta name=\"twitter:card\" content=\"summary_large_image\" \/>\n<meta name=\"twitter:label1\" content=\"Dur\u00e9e de lecture estim\u00e9e\" \/>\n\t<meta name=\"twitter:data1\" content=\"4 minutes\" \/>\n<script type=\"application\/ld+json\" class=\"yoast-schema-graph\">{\"@context\":\"https:\\\/\\\/schema.org\",\"@graph\":[{\"@type\":\"WebPage\",\"@id\":\"https:\\\/\\\/imagerie78.com\\\/index.php\\\/nos-examens\\\/hysterosalpingographie\\\/\",\"url\":\"https:\\\/\\\/imagerie78.com\\\/index.php\\\/nos-examens\\\/hysterosalpingographie\\\/\",\"name\":\"Hyst\u00e9rosalpingographie - Imagerie m\u00e9dicale 78\",\"isPartOf\":{\"@id\":\"https:\\\/\\\/imagerie78.com\\\/#website\"},\"datePublished\":\"2022-12-06T22:20:46+00:00\",\"dateModified\":\"2025-11-08T15:54:06+00:00\",\"breadcrumb\":{\"@id\":\"https:\\\/\\\/imagerie78.com\\\/index.php\\\/nos-examens\\\/hysterosalpingographie\\\/#breadcrumb\"},\"inLanguage\":\"fr-FR\",\"potentialAction\":[{\"@type\":\"ReadAction\",\"target\":[\"https:\\\/\\\/imagerie78.com\\\/index.php\\\/nos-examens\\\/hysterosalpingographie\\\/\"]}]},{\"@type\":\"BreadcrumbList\",\"@id\":\"https:\\\/\\\/imagerie78.com\\\/index.php\\\/nos-examens\\\/hysterosalpingographie\\\/#breadcrumb\",\"itemListElement\":[{\"@type\":\"ListItem\",\"position\":1,\"name\":\"Accueil\",\"item\":\"https:\\\/\\\/imagerie78.com\\\/\"},{\"@type\":\"ListItem\",\"position\":2,\"name\":\"Nos examens\",\"item\":\"https:\\\/\\\/imagerie78.com\\\/index.php\\\/nos-examens\\\/\"},{\"@type\":\"ListItem\",\"position\":3,\"name\":\"Hyst\u00e9rosalpingographie\"}]},{\"@type\":\"WebSite\",\"@id\":\"https:\\\/\\\/imagerie78.com\\\/#website\",\"url\":\"https:\\\/\\\/imagerie78.com\\\/\",\"name\":\"Imagerie m\u00e9dicale 78\",\"description\":\"\",\"potentialAction\":[{\"@type\":\"SearchAction\",\"target\":{\"@type\":\"EntryPoint\",\"urlTemplate\":\"https:\\\/\\\/imagerie78.com\\\/?s={search_term_string}\"},\"query-input\":{\"@type\":\"PropertyValueSpecification\",\"valueRequired\":true,\"valueName\":\"search_term_string\"}}],\"inLanguage\":\"fr-FR\"}]}<\/script>\n<!-- \/ Yoast SEO plugin. -->","yoast_head_json":{"title":"Hyst\u00e9rosalpingographie - Imagerie m\u00e9dicale 78","robots":{"index":"index","follow":"follow","max-snippet":"max-snippet:-1","max-image-preview":"max-image-preview:large","max-video-preview":"max-video-preview:-1"},"canonical":"https:\/\/imagerie78.com\/index.php\/nos-examens\/hysterosalpingographie\/","og_locale":"fr_FR","og_type":"article","og_title":"Hyst\u00e9rosalpingographie - Imagerie m\u00e9dicale 78","og_description":"L\u2019hyst\u00e9rosalpingographie est une radiographie sp\u00e9cialis\u00e9e de l\u2019ut\u00e9rus et des trompes. [&hellip;]","og_url":"https:\/\/imagerie78.com\/index.php\/nos-examens\/hysterosalpingographie\/","og_site_name":"Imagerie m\u00e9dicale 78","article_modified_time":"2025-11-08T15:54:06+00:00","og_image":[{"width":393,"height":155,"url":"https:\/\/imagerie78.com\/wp-content\/uploads\/2016\/09\/logo.png","type":"image\/png"}],"twitter_card":"summary_large_image","twitter_misc":{"Dur\u00e9e de lecture estim\u00e9e":"4 minutes"},"schema":{"@context":"https:\/\/schema.org","@graph":[{"@type":"WebPage","@id":"https:\/\/imagerie78.com\/index.php\/nos-examens\/hysterosalpingographie\/","url":"https:\/\/imagerie78.com\/index.php\/nos-examens\/hysterosalpingographie\/","name":"Hyst\u00e9rosalpingographie - Imagerie m\u00e9dicale 78","isPartOf":{"@id":"https:\/\/imagerie78.com\/#website"},"datePublished":"2022-12-06T22:20:46+00:00","dateModified":"2025-11-08T15:54:06+00:00","breadcrumb":{"@id":"https:\/\/imagerie78.com\/index.php\/nos-examens\/hysterosalpingographie\/#breadcrumb"},"inLanguage":"fr-FR","potentialAction":[{"@type":"ReadAction","target":["https:\/\/imagerie78.com\/index.php\/nos-examens\/hysterosalpingographie\/"]}]},{"@type":"BreadcrumbList","@id":"https:\/\/imagerie78.com\/index.php\/nos-examens\/hysterosalpingographie\/#breadcrumb","itemListElement":[{"@type":"ListItem","position":1,"name":"Accueil","item":"https:\/\/imagerie78.com\/"},{"@type":"ListItem","position":2,"name":"Nos examens","item":"https:\/\/imagerie78.com\/index.php\/nos-examens\/"},{"@type":"ListItem","position":3,"name":"Hyst\u00e9rosalpingographie"}]},{"@type":"WebSite","@id":"https:\/\/imagerie78.com\/#website","url":"https:\/\/imagerie78.com\/","name":"Imagerie m\u00e9dicale 78","description":"","potentialAction":[{"@type":"SearchAction","target":{"@type":"EntryPoint","urlTemplate":"https:\/\/imagerie78.com\/?s={search_term_string}"},"query-input":{"@type":"PropertyValueSpecification","valueRequired":true,"valueName":"search_term_string"}}],"inLanguage":"fr-FR"}]}},"_links":{"self":[{"href":"https:\/\/imagerie78.com\/index.php\/wp-json\/wp\/v2\/pages\/2608","targetHints":{"allow":["GET"]}}],"collection":[{"href":"https:\/\/imagerie78.com\/index.php\/wp-json\/wp\/v2\/pages"}],"about":[{"href":"https:\/\/imagerie78.com\/index.php\/wp-json\/wp\/v2\/types\/page"}],"author":[{"embeddable":true,"href":"https:\/\/imagerie78.com\/index.php\/wp-json\/wp\/v2\/users\/2"}],"replies":[{"embeddable":true,"href":"https:\/\/imagerie78.com\/index.php\/wp-json\/wp\/v2\/comments?post=2608"}],"version-history":[{"count":3,"href":"https:\/\/imagerie78.com\/index.php\/wp-json\/wp\/v2\/pages\/2608\/revisions"}],"predecessor-version":[{"id":3523,"href":"https:\/\/imagerie78.com\/index.php\/wp-json\/wp\/v2\/pages\/2608\/revisions\/3523"}],"up":[{"embeddable":true,"href":"https:\/\/imagerie78.com\/index.php\/wp-json\/wp\/v2\/pages\/548"}],"wp:attachment":[{"href":"https:\/\/imagerie78.com\/index.php\/wp-json\/wp\/v2\/media?parent=2608"}],"curies":[{"name":"wp","href":"https:\/\/api.w.org\/{rel}","templated":true}]}}