{"id":2605,"date":"2022-12-06T23:16:33","date_gmt":"2022-12-06T22:16:33","guid":{"rendered":"https:\/\/imagerie78.com\/?page_id=2605"},"modified":"2025-11-08T16:55:48","modified_gmt":"2025-11-08T15:55:48","slug":"irm-pelvienne","status":"publish","type":"page","link":"https:\/\/imagerie78.com\/index.php\/nos-examens\/irm-pelvienne\/","title":{"rendered":"IRM Pelvienne"},"content":{"rendered":"\n<p>L\u2019IRM pelvienne repr\u00e9sente l\u2019imagerie de seconde intention de la plupart des pathologies gyn\u00e9cologiques. Elle intervient aussi bien dans la prise en charge diagnostique que dans l\u2019aide \u00e0 la d\u00e9cision th\u00e9rapeutique.<\/p>\n\n\n\n<p>Son essor ces derni\u00e8res ann\u00e9es est li\u00e9 aux progr\u00e8s techniques ayant permis d\u2019obtenir des images de qualit\u00e9 en un temps limit\u00e9.<\/p>\n\n\n\n<p>Elle n\u00e9cessite l\u2019intervention de radiologues experts ayant b\u00e9n\u00e9fici\u00e9 d\u2019une formation sp\u00e9cifique en imagerie de la femme, de mise \u00e0 jour r\u00e9guli\u00e8re et d\u2019une pratique quotidienne de cette discipline.<\/p>\n\n\n\n<h2 class=\"wp-block-heading\">DEROULEMENT<\/h2>\n\n\n\n<ul class=\"wp-block-list\">\n<li>Apr\u00e8s avoir retir\u00e9 vos v\u00eatements, vous conserverez vos sous v\u00eatements \u00e0 condition qu\u2019ils ne contiennent pas d\u2019\u00e9l\u00e9ments m\u00e9talliques; vous porterez une blouse et des prot\u00e8ges pieds en papier \u00e0 usage unique.<\/li>\n\n\n\n<li>Vous serez install\u00e9e en position couch\u00e9 sur le dos<\/li>\n\n\n\n<li>Une antenne d\u00e9di\u00e9e sera positionn\u00e9e sur votre ventre<\/li>\n\n\n\n<li>Afin d\u2019am\u00e9liorer la qualit\u00e9 des images :<br>. une contention abdominale sera appliqu\u00e9e par l\u2019interm\u00e9diaire d\u2019une sangle sur la paroi abdominale ant\u00e9rieure<br>. Une injection sous cutan\u00e9e ou intra-veineuse d\u2019antip\u00e9ristaltiques intestinaux ( Glucagen\u00b0 ) sera r\u00e9alis\u00e9e en d\u00e9but d\u2019examen afin de limiter le mouvement des anses digestives<\/li>\n\n\n\n<li>La pose d\u2019une voie veineuse p\u00e9riph\u00e9rique n\u2019est pas syst\u00e9matique, elle sera n\u00e9cessaire si une injection de produit de contraste gadolin\u00e9 est justifi\u00e9e.<\/li>\n\n\n\n<li>Dans le cas particulier de l\u2019IRM r\u00e9alis\u00e9e pour exploration de prolapsus pelvien: une opacification du vagin et du rectum par du gel \u00e9chographique \u00e0 l\u2019aide de seringues pr\u00e9-remplies est n\u00e9cessaire; cette manoeuvre pourra \u00eatre r\u00e9alis\u00e9e par vos soins ou \u00e0 l\u2019aide du manipulateur sur la table d\u2019examen.<\/li>\n<\/ul>\n\n\n\n<h2 class=\"wp-block-heading\">DUREE<\/h2>\n\n\n\n<ul class=\"wp-block-list\">\n<li>Selon l\u2019indication de l\u2019IRM l\u2019acquisition des images durera entre 10 et 20 minutes<\/li>\n<\/ul>\n\n\n\n<h2 class=\"wp-block-heading\">TECHNIQUE<\/h2>\n\n\n\n<ul class=\"wp-block-list\">\n<li>Notre centre dispose de deux IRM haut champ 1,5Tesla Siemens Avanto Fit<\/li>\n\n\n\n<li>Des s\u00e9quences morphologiques dans diff\u00e9rents plan d\u2019acquisition seront r\u00e9alis\u00e9es dans un premier temps.<\/li>\n\n\n\n<li>Des s\u00e9quences fonctionnelles sp\u00e9cifiques ( s\u00e9quence de diffusion, s\u00e9quence de perfusion ) et des s\u00e9quences volumiques apr\u00e8s injection de produit de contraste gadolin\u00e9 pourront compl\u00e9ter ce bilan morphologique si une caract\u00e9risation l\u00e9sionnelle est n\u00e9cessaire.<\/li>\n<\/ul>\n\n\n\n<h2 class=\"wp-block-heading\">CONTRE INDICATIONS<\/h2>\n\n\n\n<ul class=\"wp-block-list\">\n<li>Les contres indications de l\u2019IRM sont essentiellement li\u00e9es aux champs magn\u00e9tiques utilis\u00e9s qui ne permettent pas l\u2019exposition des patients porteurs :<br>&#8211; de stimulateurs cardiaques (pace maker , d\u00e9fibrillateur) , de neuro-stimulateurs, d\u2019implants cochl\u00e9aires<br>&#8211; d\u2019anciennes valves cardiaques m\u00e9talliques ( le mat\u00e9riel plus r\u00e9cent ne pr\u00e9sente pas de risque de dysfonctionnement )<br>&#8211; de corps \u00e9trangers m\u00e9talliques oculaires<\/li>\n\n\n\n<li>Une allergie vraie au gadolinium est \u00e9galement une contre indication<\/li>\n\n\n\n<li>Durant la grossesse l\u2019injection de produit de contraste gadolin\u00e9 doit \u00e9galement \u00eatre proscrite.<\/li>\n<\/ul>\n\n\n\n<h2 class=\"wp-block-heading\">COMPLICATIONS<\/h2>\n\n\n\n<ul class=\"wp-block-list\">\n<li>Des naus\u00e9es peuvent rarement survenir apr\u00e8s l\u2019injection de Glucagen et sont spontan\u00e9ment r\u00e9solutives<\/li>\n\n\n\n<li>Une allergie au produit de contraste gadolin\u00e9 : tr\u00e8s rare. Si une r\u00e9action allergique se produit elle ne rev\u00eat pas de caract\u00e8re de gravit\u00e9 dans la quasi-totalit\u00e9 des cas et consiste en une \u00e9ruption cutan\u00e9e de type urticaire r\u00e9solutive spontan\u00e9ment. Nous vous surveillons jusqu\u2019\u00e0 am\u00e9lioration des sympt\u00f4mes. Exceptionnellement une r\u00e9action allergique plus grave peut survenir : nous disposons du mat\u00e9riel d\u2019Urgence et en particulier de seringues d\u2019adr\u00e9naline pr\u00eates \u00e0 l\u2019emploi. Notre clinique dispose d\u2019un service de soins intensifs avec des cardiologues r\u00e9animateurs pr\u00eats \u00e0 intervenir dans des d\u00e9lais extr\u00eamement brefs.<\/li>\n<\/ul>\n\n\n\n<h2 class=\"wp-block-heading\">RESULTATS<\/h2>\n\n\n\n<ul class=\"wp-block-list\">\n<li>Des explications et un r\u00e9sultat oral vous sont communiqu\u00e9s devant la console d\u2019interpr\u00e9tation par le radiologue au d\u00e9cours de votre examen.<\/li>\n\n\n\n<li>Un compte rendu \u00e9crit vous est remis accompagn\u00e9 d\u2019un CD ROM et d\u2019images papiers<\/li>\n\n\n\n<li>Un double est envoy\u00e9 au prescipteur.<\/li>\n<\/ul>\n\n\n\n<h2 class=\"wp-block-heading\">PREPARATION<\/h2>\n\n\n\n<ul class=\"wp-block-list\">\n<li>Une pr\u00e9paration digestive par lavement rectal (Microlax) est recommand\u00e9e afin d\u2019am\u00e9liorer la qualit\u00e9 des images. Cette pr\u00e9paration est simple et indolore. Elle sera r\u00e9alis\u00e9e 3 heures environ avant l\u2019examen.<\/li>\n\n\n\n<li>Une ordonnance vous aura \u00e9t\u00e9 transmise lors de la prise de rendez vous afin de vous munir du Glucagen (antip\u00e9ristaltique intestinal), du Microlax et \u00e9ventuellement du produit de contraste gadolin\u00e9 en fonction de l\u2019indication de l\u2019IRM pelvienne.<\/li>\n\n\n\n<li>Il n\u2019est pas n\u00e9cessaire de boire inhabituellement avant l\u2019examen ; l\u2019examen sera pratiqu\u00e9 id\u00e9alement vessie peu remplie.<\/li>\n\n\n\n<li>Un je\u00fbne relatif de 3 heures est recommand\u00e9 avant l\u2019examen.<\/li>\n<\/ul>\n\n\n\n<h2 class=\"wp-block-heading\">Consignes importantes<\/h2>\n\n\n\n<figure class=\"wp-block-video\"><video height=\"1080\" style=\"aspect-ratio: 1920 \/ 1080;\" width=\"1920\" controls src=\"https:\/\/imagerie78.com\/wp-content\/uploads\/2025\/10\/SFR-Consignes-IRM.mp4\"><\/video><\/figure>\n","protected":false},"excerpt":{"rendered":"<p>L\u2019IRM pelvienne repr\u00e9sente l\u2019imagerie de seconde intention de la plupart [&hellip;]<\/p>\n","protected":false},"author":2,"featured_media":0,"parent":548,"menu_order":0,"comment_status":"closed","ping_status":"closed","template":"","meta":{"footnotes":""},"class_list":["post-2605","page","type-page","status-publish","hentry"],"yoast_head":"<!-- This site is optimized with the Yoast SEO plugin v27.3 - https:\/\/yoast.com\/product\/yoast-seo-wordpress\/ -->\n<title>IRM Pelvienne - Imagerie m\u00e9dicale 78<\/title>\n<meta name=\"robots\" content=\"index, follow, max-snippet:-1, max-image-preview:large, max-video-preview:-1\" \/>\n<link rel=\"canonical\" href=\"https:\/\/imagerie78.com\/index.php\/nos-examens\/irm-pelvienne\/\" \/>\n<meta property=\"og:locale\" content=\"fr_FR\" \/>\n<meta property=\"og:type\" content=\"article\" \/>\n<meta property=\"og:title\" content=\"IRM Pelvienne - Imagerie m\u00e9dicale 78\" \/>\n<meta property=\"og:description\" content=\"L\u2019IRM pelvienne repr\u00e9sente l\u2019imagerie de seconde intention de la plupart [&hellip;]\" \/>\n<meta property=\"og:url\" content=\"https:\/\/imagerie78.com\/index.php\/nos-examens\/irm-pelvienne\/\" \/>\n<meta property=\"og:site_name\" content=\"Imagerie m\u00e9dicale 78\" \/>\n<meta property=\"article:modified_time\" content=\"2025-11-08T15:55:48+00:00\" \/>\n<meta property=\"og:image\" content=\"https:\/\/imagerie78.com\/wp-content\/uploads\/2016\/09\/logo.png\" \/>\n\t<meta property=\"og:image:width\" content=\"393\" \/>\n\t<meta property=\"og:image:height\" content=\"155\" \/>\n\t<meta property=\"og:image:type\" content=\"image\/png\" \/>\n<meta name=\"twitter:card\" content=\"summary_large_image\" \/>\n<meta name=\"twitter:label1\" content=\"Dur\u00e9e de lecture estim\u00e9e\" \/>\n\t<meta name=\"twitter:data1\" content=\"4 minutes\" \/>\n<script type=\"application\/ld+json\" class=\"yoast-schema-graph\">{\"@context\":\"https:\\\/\\\/schema.org\",\"@graph\":[{\"@type\":\"WebPage\",\"@id\":\"https:\\\/\\\/imagerie78.com\\\/index.php\\\/nos-examens\\\/irm-pelvienne\\\/\",\"url\":\"https:\\\/\\\/imagerie78.com\\\/index.php\\\/nos-examens\\\/irm-pelvienne\\\/\",\"name\":\"IRM Pelvienne - Imagerie m\u00e9dicale 78\",\"isPartOf\":{\"@id\":\"https:\\\/\\\/imagerie78.com\\\/#website\"},\"datePublished\":\"2022-12-06T22:16:33+00:00\",\"dateModified\":\"2025-11-08T15:55:48+00:00\",\"breadcrumb\":{\"@id\":\"https:\\\/\\\/imagerie78.com\\\/index.php\\\/nos-examens\\\/irm-pelvienne\\\/#breadcrumb\"},\"inLanguage\":\"fr-FR\",\"potentialAction\":[{\"@type\":\"ReadAction\",\"target\":[\"https:\\\/\\\/imagerie78.com\\\/index.php\\\/nos-examens\\\/irm-pelvienne\\\/\"]}]},{\"@type\":\"BreadcrumbList\",\"@id\":\"https:\\\/\\\/imagerie78.com\\\/index.php\\\/nos-examens\\\/irm-pelvienne\\\/#breadcrumb\",\"itemListElement\":[{\"@type\":\"ListItem\",\"position\":1,\"name\":\"Accueil\",\"item\":\"https:\\\/\\\/imagerie78.com\\\/\"},{\"@type\":\"ListItem\",\"position\":2,\"name\":\"Nos examens\",\"item\":\"https:\\\/\\\/imagerie78.com\\\/index.php\\\/nos-examens\\\/\"},{\"@type\":\"ListItem\",\"position\":3,\"name\":\"IRM Pelvienne\"}]},{\"@type\":\"WebSite\",\"@id\":\"https:\\\/\\\/imagerie78.com\\\/#website\",\"url\":\"https:\\\/\\\/imagerie78.com\\\/\",\"name\":\"Imagerie m\u00e9dicale 78\",\"description\":\"\",\"potentialAction\":[{\"@type\":\"SearchAction\",\"target\":{\"@type\":\"EntryPoint\",\"urlTemplate\":\"https:\\\/\\\/imagerie78.com\\\/?s={search_term_string}\"},\"query-input\":{\"@type\":\"PropertyValueSpecification\",\"valueRequired\":true,\"valueName\":\"search_term_string\"}}],\"inLanguage\":\"fr-FR\"}]}<\/script>\n<!-- \/ Yoast SEO plugin. -->","yoast_head_json":{"title":"IRM Pelvienne - Imagerie m\u00e9dicale 78","robots":{"index":"index","follow":"follow","max-snippet":"max-snippet:-1","max-image-preview":"max-image-preview:large","max-video-preview":"max-video-preview:-1"},"canonical":"https:\/\/imagerie78.com\/index.php\/nos-examens\/irm-pelvienne\/","og_locale":"fr_FR","og_type":"article","og_title":"IRM Pelvienne - Imagerie m\u00e9dicale 78","og_description":"L\u2019IRM pelvienne repr\u00e9sente l\u2019imagerie de seconde intention de la plupart [&hellip;]","og_url":"https:\/\/imagerie78.com\/index.php\/nos-examens\/irm-pelvienne\/","og_site_name":"Imagerie m\u00e9dicale 78","article_modified_time":"2025-11-08T15:55:48+00:00","og_image":[{"width":393,"height":155,"url":"https:\/\/imagerie78.com\/wp-content\/uploads\/2016\/09\/logo.png","type":"image\/png"}],"twitter_card":"summary_large_image","twitter_misc":{"Dur\u00e9e de lecture estim\u00e9e":"4 minutes"},"schema":{"@context":"https:\/\/schema.org","@graph":[{"@type":"WebPage","@id":"https:\/\/imagerie78.com\/index.php\/nos-examens\/irm-pelvienne\/","url":"https:\/\/imagerie78.com\/index.php\/nos-examens\/irm-pelvienne\/","name":"IRM Pelvienne - Imagerie m\u00e9dicale 78","isPartOf":{"@id":"https:\/\/imagerie78.com\/#website"},"datePublished":"2022-12-06T22:16:33+00:00","dateModified":"2025-11-08T15:55:48+00:00","breadcrumb":{"@id":"https:\/\/imagerie78.com\/index.php\/nos-examens\/irm-pelvienne\/#breadcrumb"},"inLanguage":"fr-FR","potentialAction":[{"@type":"ReadAction","target":["https:\/\/imagerie78.com\/index.php\/nos-examens\/irm-pelvienne\/"]}]},{"@type":"BreadcrumbList","@id":"https:\/\/imagerie78.com\/index.php\/nos-examens\/irm-pelvienne\/#breadcrumb","itemListElement":[{"@type":"ListItem","position":1,"name":"Accueil","item":"https:\/\/imagerie78.com\/"},{"@type":"ListItem","position":2,"name":"Nos examens","item":"https:\/\/imagerie78.com\/index.php\/nos-examens\/"},{"@type":"ListItem","position":3,"name":"IRM Pelvienne"}]},{"@type":"WebSite","@id":"https:\/\/imagerie78.com\/#website","url":"https:\/\/imagerie78.com\/","name":"Imagerie m\u00e9dicale 78","description":"","potentialAction":[{"@type":"SearchAction","target":{"@type":"EntryPoint","urlTemplate":"https:\/\/imagerie78.com\/?s={search_term_string}"},"query-input":{"@type":"PropertyValueSpecification","valueRequired":true,"valueName":"search_term_string"}}],"inLanguage":"fr-FR"}]}},"_links":{"self":[{"href":"https:\/\/imagerie78.com\/index.php\/wp-json\/wp\/v2\/pages\/2605","targetHints":{"allow":["GET"]}}],"collection":[{"href":"https:\/\/imagerie78.com\/index.php\/wp-json\/wp\/v2\/pages"}],"about":[{"href":"https:\/\/imagerie78.com\/index.php\/wp-json\/wp\/v2\/types\/page"}],"author":[{"embeddable":true,"href":"https:\/\/imagerie78.com\/index.php\/wp-json\/wp\/v2\/users\/2"}],"replies":[{"embeddable":true,"href":"https:\/\/imagerie78.com\/index.php\/wp-json\/wp\/v2\/comments?post=2605"}],"version-history":[{"count":4,"href":"https:\/\/imagerie78.com\/index.php\/wp-json\/wp\/v2\/pages\/2605\/revisions"}],"predecessor-version":[{"id":3525,"href":"https:\/\/imagerie78.com\/index.php\/wp-json\/wp\/v2\/pages\/2605\/revisions\/3525"}],"up":[{"embeddable":true,"href":"https:\/\/imagerie78.com\/index.php\/wp-json\/wp\/v2\/pages\/548"}],"wp:attachment":[{"href":"https:\/\/imagerie78.com\/index.php\/wp-json\/wp\/v2\/media?parent=2605"}],"curies":[{"name":"wp","href":"https:\/\/api.w.org\/{rel}","templated":true}]}}