{"id":2593,"date":"2022-12-06T23:02:57","date_gmt":"2022-12-06T22:02:57","guid":{"rendered":"https:\/\/imagerie78.com\/?page_id=2593"},"modified":"2025-11-08T16:53:27","modified_gmt":"2025-11-08T15:53:27","slug":"endometriose","status":"publish","type":"page","link":"https:\/\/imagerie78.com\/index.php\/nos-examens\/endometriose\/","title":{"rendered":"Endom\u00e9triose"},"content":{"rendered":"\n<p>L\u2019endom\u00e9triose est une pathologie fr\u00e9quente de l\u2019adolescente et de l\u2019adulte.<\/p>\n\n\n\n<p>Pourtant elle reste une pathologique parfois mal rep\u00e9r\u00e9e pouvant conduire \u00e0 une errance diagnostique de plusieurs ann\u00e9es.<\/p>\n\n\n\n<p>Depuis dix ans une m\u00e9diatisation importante de l\u2019endom\u00e9triose, accompagn\u00e9e par le d\u00e9veloppement d\u2019associations pertinentes a permis une meilleure prise en compte de la souffrance g\u00e9n\u00e9r\u00e9e par cette pathologie.<\/p>\n\n\n\n<p>Cette prise de conscience ne doit pas faire perdre de vu qu\u2019il s\u2019agit d\u2019une pathologie de diagnostic difficile n\u00e9cessitant l\u2019intervention de <strong>radiologues experts en endom\u00e9triose <\/strong>comme cela est inscrit dans les recommandations conjointes de l\u2019HAS et du coll\u00e8ge national des gyn\u00e9cologues de France datant de 2017.<\/p>\n\n\n\n<h2 class=\"wp-block-heading\"><strong><span>Comment savoir si je souffre d\u2019endom\u00e9triose ?<\/span><\/strong><\/h2>\n\n\n\n<p>Les principaux sympt\u00f4mes \u00e9vocateurs d\u2019endom\u00e9triose sont des douleurs pelviennes chroniques telles que:<\/p>\n\n\n\n<ul class=\"wp-block-list\">\n<li>des douleurs intenses r\u00e9currentes pendant les r\u00e8gles ( appel\u00e9e dysm\u00e9norrh\u00e9es)<\/li>\n\n\n\n<li>des douleurs profondes et souvent positionnelles durant les rapports sexuels (appel\u00e9e dyspareunies)<\/li>\n\n\n\n<li>parfois des douleurs \u00e0 la d\u00e9f\u00e9cations durant les r\u00e8gles<\/li>\n\n\n\n<li>parfois des signes fonctionnels urinaires cycliques durant les r\u00e8gles<\/li>\n\n\n\n<li>une infertilit\u00e9 associ\u00e9e<\/li>\n<\/ul>\n\n\n\n<p>Si vous pr\u00e9sentez un ou plusieurs de ces sympt\u00f4mes il convient de consulter votre m\u00e9decin qui pratiquera un examen clinique gyn\u00e9cologique orient\u00e9 ; si il le juge n\u00e9cessaire il prescrira des examens compl\u00e9mentaires adapt\u00e9s :<\/p>\n\n\n\n<ul class=\"wp-block-list\">\n<li>une \u00e9chographie endovaginale r\u00e9alis\u00e9e par un \u00e9chographiste r\u00e9f\u00e9rent c\u2019est \u00e0 dire ayant l\u2019exp\u00e9rience de cette pathologie<\/li>\n\n\n\n<li>et \/ ou une IRM pelvienne interpr\u00e9t\u00e9e \u00e9galement par un radiologue r\u00e9f\u00e9rent<\/li>\n<\/ul>\n\n\n\n<h2 class=\"wp-block-heading\"><strong>J\u2019ai une endom\u00e9triose, est ce grave?<\/strong><\/h2>\n\n\n\n<p>Il s\u2019agit d\u2019une maladie b\u00e9nigne. Il n\u2019y a pas de lien entre endom\u00e9triose et cancer.<\/p>\n\n\n\n<p>Cependant en fonction de l\u2019intensit\u00e9 des sympt\u00f4mes il peut s\u2019agir d\u2019une maladie handicapante, alt\u00e9rant votre qualit\u00e9 de vie.<\/p>\n\n\n\n<p>Ces sympt\u00f4mes ne sont pas proportionnels \u00e0 l\u2019\u00e9tendu de la pathologie en imagerie.<\/p>\n\n\n\n<h2 class=\"wp-block-heading\"><strong>J\u2019ai une endom\u00e9triose, suis-je st\u00e9rile?<\/strong><\/h2>\n\n\n\n<p>Non.<\/p>\n\n\n\n<p>L\u2019endom\u00e9triose n\u2019est pas synonyme de st\u00e9rilit\u00e9.<\/p>\n\n\n\n<p>Certaines patientes atteintes d\u2019endom\u00e9triose pourront avoir des difficult\u00e9s \u00e0 concevoir; c\u2019est pourquoi cette pathologie doit s\u2019inscrire dans une prise en charge globale incluant une aide \u00e0 la procr\u00e9ation si n\u00e9cessaire. Des solutions efficaces existent.<\/p>\n\n\n\n<h2 class=\"wp-block-heading\"><strong>Quels est le meilleur examen radiologique pour le diagnostic d\u2019endom\u00e9triose ?<\/strong><\/h2>\n\n\n\n<p>L\u2019\u00e9chographie endovaginale a d\u2019excellentes performances diagnostiques dans la pathologie endom\u00e9triosique \u00e0 condition qu\u2019elle soit r\u00e9alis\u00e9e par un radiologue expert;<\/p>\n\n\n\n<p>L\u2019IRM n\u00e9cessite \u00e9galement des comp\u00e9tences sp\u00e9cifiques dans le domaine de l\u2019endom\u00e9triose mais les \u00e9tudes ont montr\u00e9 que la courbe d\u2019apprentissage est plus rapide et elle est un peu moins d\u00e9pendante du degr\u00e9 d\u2019expertise du radiologue.<\/p>\n\n\n\n<p>Cependant chez certaines patientes les deux examens seront n\u00e9cessaires et compl\u00e9mentaires :<\/p>\n\n\n\n<ul class=\"wp-block-list\">\n<li>en cas d\u2019atteinte tr\u00e8s subtile : il peut y avoir une discordance entre ces deux examens et seule l\u2019\u00e9chographie ou l\u2019IRM d\u00e9tectera une anomalie discr\u00e8te.<\/li>\n\n\n\n<li>en cas d\u2019atteinte extensive : l\u2019IRM viendra syst\u00e9matiquement compl\u00e9ter le bilan car elle explore plus largement la cavit\u00e9 pelvienne<\/li>\n\n\n\n<li>enfin dans le cas particulier des atteintes de la paroi digestive l\u2019\u00e9chographie endovaginale peut avoir des performances diagnostiques sup\u00e9rieures \u00e0 l\u2019IRM.<\/li>\n<\/ul>\n\n\n\n<h2 class=\"wp-block-heading\"><strong>Une \u00e9chographie et une IRM n\u00e9gatives \u00e9liminent-elles \u00e0 100% la pr\u00e9sence d\u2019une endom\u00e9triose ?<\/strong><\/h2>\n\n\n\n<p>Non.<\/p>\n\n\n\n<p>Une endom\u00e9triose superficielle isol\u00e9e peut \u00eatre m\u00e9connue par ces examens.<\/p>\n\n\n\n<p>Les performances diagnostiques de l\u2019\u00e9chographie et de l\u2019IRM r\u00e9alis\u00e9es sont excellentes pour d\u00e9tecter l\u2019endom\u00e9triose profonde et ovarienne m\u00eames subtiles.<\/p>\n\n\n\n<p><em>Il existe 3 formes d\u2019endom\u00e9triose qui sont souvent intriqu\u00e9es :<\/em><\/p>\n\n\n\n<ul class=\"wp-block-list\">\n<li><em>L\u2019endom\u00e9triose superficielle <\/em>: correspondant \u00e0 des petites t\u00e2ches de sang secondaires \u00e0 la pr\u00e9sence de cellules endom\u00e9triosiques sur l\u2019enveloppe translucide recouvrant les organes, le p\u00e9ritoine.<\/li>\n\n\n\n<li><em>L\u2019endom\u00e9triose profonde<\/em> : correspondant \u00e0 du tissu cicatriciel, des glandes de tissu endom\u00e9trial et des t\u00e2ches de sang en profondeur sous le p\u00e9ritoine si\u00e9geant par ordre de fr\u00e9quence sur les ligaments utero-sacr\u00e9s qui suspendent l\u2019ut\u00e9rus au sacrum, le fond du vagin, la paroi du haut rectum &#8211; sigmo\u00efde voire la vessie.<\/li>\n\n\n\n<li><em>L\u2019endom\u00e9triose annexielle<\/em> : correspondant \u00e0 la pr\u00e9sence de kystes h\u00e9morragiques dans les ovaires ou une dilatation h\u00e9morragique des trompes<\/li>\n<\/ul>\n\n\n\n<h2 class=\"wp-block-heading\"><strong>Quel est le r\u00f4le du radiologue dans la prise en charge ?<\/strong><\/h2>\n\n\n\n<p>Le radiologue intervient \u00e0 trois niveaux dans le parcours de soins de l\u2019endom\u00e9triose incluant : le diagnostic positif,&nbsp; le bilan l\u00e9sionnel exhaustif avant une \u00e9ventuelle prise en charge chirurgicale et le suivi post-th\u00e9rapeutique.<\/p>\n\n\n\n<h2 class=\"wp-block-heading\"><strong>Faut il privil\u00e9gier une p\u00e9riode du cycle pour r\u00e9aliser les examens radiologiques?<\/strong><\/h2>\n\n\n\n<p>Non.<\/p>\n\n\n\n<p>La p\u00e9riode du cycle et en particulier la p\u00e9riode des r\u00e8gles n\u2019am\u00e9liore pas la d\u00e9tection des l\u00e9sions d\u2019endom\u00e9triose.<\/p>\n\n\n\n<h2 class=\"wp-block-heading\"><strong>Y a t il une pr\u00e9paration particuli\u00e8re avant une IRM r\u00e9alis\u00e9e pour recherche d\u2019endom\u00e9triose ?<\/strong><\/h2>\n\n\n\n<p>Oui.<\/p>\n\n\n\n<p>Une pr\u00e9paration digestive pr\u00e9alable par lavement rectal (Microlax) r\u00e9alis\u00e9e au domicile 3heures environ avant l\u2019examen permet d\u2019am\u00e9liorer la qualit\u00e9 des images et les performances diagnostiques.<\/p>\n\n\n\n<p>Cette pr\u00e9paration est simple et indolore.<\/p>\n\n\n\n<p>L\u2019examen sera id\u00e9alement r\u00e9alis\u00e9 vessie peu remplie.<\/p>\n\n\n\n<p>L\u2019opacification vaginale ou rectale durant l\u2019examen est INUTILE et ne sera pas pratiqu\u00e9e dans notre centre.<\/p>\n\n\n\n<h2 class=\"wp-block-heading\"><strong>Une perfusion ou une injection seront-elles n\u00e9cessaire durant l\u2019IRM?<\/strong><\/h2>\n\n\n\n<p>Une injection de produit de contraste gadolin\u00e9 est inutile pour le diagnostic d\u2019endom\u00e9triose.<\/p>\n\n\n\n<p>Cependant une injection sous cutan\u00e9e ou intraveineuse d\u2019antip\u00e9ristaltiques intestinaux (Glucagen\u00b0) est recommand\u00e9e en d\u00e9but d\u2019examen; elle permet de diminuer le mouvement des anses digestifs et d\u2019am\u00e9liorer la qualit\u00e9 des images.<\/p>\n","protected":false},"excerpt":{"rendered":"<p>L\u2019endom\u00e9triose est une pathologie fr\u00e9quente de l\u2019adolescente et de l\u2019adulte. [&hellip;]<\/p>\n","protected":false},"author":2,"featured_media":0,"parent":548,"menu_order":0,"comment_status":"closed","ping_status":"closed","template":"","meta":{"footnotes":""},"class_list":["post-2593","page","type-page","status-publish","hentry"],"yoast_head":"<!-- This site is optimized with the Yoast SEO plugin v27.5 - https:\/\/yoast.com\/product\/yoast-seo-wordpress\/ -->\n<title>Endom\u00e9triose - Imagerie m\u00e9dicale 78<\/title>\n<meta name=\"robots\" content=\"index, follow, max-snippet:-1, max-image-preview:large, max-video-preview:-1\" \/>\n<link rel=\"canonical\" href=\"https:\/\/imagerie78.com\/index.php\/nos-examens\/endometriose\/\" \/>\n<meta property=\"og:locale\" content=\"fr_FR\" \/>\n<meta property=\"og:type\" content=\"article\" \/>\n<meta property=\"og:title\" content=\"Endom\u00e9triose - Imagerie m\u00e9dicale 78\" \/>\n<meta property=\"og:description\" content=\"L\u2019endom\u00e9triose est une pathologie fr\u00e9quente de l\u2019adolescente et de l\u2019adulte. [&hellip;]\" \/>\n<meta property=\"og:url\" content=\"https:\/\/imagerie78.com\/index.php\/nos-examens\/endometriose\/\" \/>\n<meta property=\"og:site_name\" content=\"Imagerie m\u00e9dicale 78\" \/>\n<meta property=\"article:modified_time\" content=\"2025-11-08T15:53:27+00:00\" \/>\n<meta property=\"og:image\" content=\"https:\/\/imagerie78.com\/wp-content\/uploads\/2016\/09\/logo.png\" \/>\n\t<meta property=\"og:image:width\" content=\"393\" \/>\n\t<meta property=\"og:image:height\" content=\"155\" \/>\n\t<meta property=\"og:image:type\" content=\"image\/png\" \/>\n<meta name=\"twitter:card\" content=\"summary_large_image\" \/>\n<meta name=\"twitter:label1\" content=\"Dur\u00e9e de lecture estim\u00e9e\" \/>\n\t<meta name=\"twitter:data1\" content=\"5 minutes\" \/>\n<script type=\"application\/ld+json\" class=\"yoast-schema-graph\">{\"@context\":\"https:\\\/\\\/schema.org\",\"@graph\":[{\"@type\":\"WebPage\",\"@id\":\"https:\\\/\\\/imagerie78.com\\\/index.php\\\/nos-examens\\\/endometriose\\\/\",\"url\":\"https:\\\/\\\/imagerie78.com\\\/index.php\\\/nos-examens\\\/endometriose\\\/\",\"name\":\"Endom\u00e9triose - Imagerie m\u00e9dicale 78\",\"isPartOf\":{\"@id\":\"https:\\\/\\\/imagerie78.com\\\/#website\"},\"datePublished\":\"2022-12-06T22:02:57+00:00\",\"dateModified\":\"2025-11-08T15:53:27+00:00\",\"breadcrumb\":{\"@id\":\"https:\\\/\\\/imagerie78.com\\\/index.php\\\/nos-examens\\\/endometriose\\\/#breadcrumb\"},\"inLanguage\":\"fr-FR\",\"potentialAction\":[{\"@type\":\"ReadAction\",\"target\":[\"https:\\\/\\\/imagerie78.com\\\/index.php\\\/nos-examens\\\/endometriose\\\/\"]}]},{\"@type\":\"BreadcrumbList\",\"@id\":\"https:\\\/\\\/imagerie78.com\\\/index.php\\\/nos-examens\\\/endometriose\\\/#breadcrumb\",\"itemListElement\":[{\"@type\":\"ListItem\",\"position\":1,\"name\":\"Accueil\",\"item\":\"https:\\\/\\\/imagerie78.com\\\/\"},{\"@type\":\"ListItem\",\"position\":2,\"name\":\"Nos examens\",\"item\":\"https:\\\/\\\/imagerie78.com\\\/index.php\\\/nos-examens\\\/\"},{\"@type\":\"ListItem\",\"position\":3,\"name\":\"Endom\u00e9triose\"}]},{\"@type\":\"WebSite\",\"@id\":\"https:\\\/\\\/imagerie78.com\\\/#website\",\"url\":\"https:\\\/\\\/imagerie78.com\\\/\",\"name\":\"Imagerie m\u00e9dicale 78\",\"description\":\"\",\"potentialAction\":[{\"@type\":\"SearchAction\",\"target\":{\"@type\":\"EntryPoint\",\"urlTemplate\":\"https:\\\/\\\/imagerie78.com\\\/?s={search_term_string}\"},\"query-input\":{\"@type\":\"PropertyValueSpecification\",\"valueRequired\":true,\"valueName\":\"search_term_string\"}}],\"inLanguage\":\"fr-FR\"}]}<\/script>\n<!-- \/ Yoast SEO plugin. -->","yoast_head_json":{"title":"Endom\u00e9triose - Imagerie m\u00e9dicale 78","robots":{"index":"index","follow":"follow","max-snippet":"max-snippet:-1","max-image-preview":"max-image-preview:large","max-video-preview":"max-video-preview:-1"},"canonical":"https:\/\/imagerie78.com\/index.php\/nos-examens\/endometriose\/","og_locale":"fr_FR","og_type":"article","og_title":"Endom\u00e9triose - Imagerie m\u00e9dicale 78","og_description":"L\u2019endom\u00e9triose est une pathologie fr\u00e9quente de l\u2019adolescente et de l\u2019adulte. [&hellip;]","og_url":"https:\/\/imagerie78.com\/index.php\/nos-examens\/endometriose\/","og_site_name":"Imagerie m\u00e9dicale 78","article_modified_time":"2025-11-08T15:53:27+00:00","og_image":[{"width":393,"height":155,"url":"https:\/\/imagerie78.com\/wp-content\/uploads\/2016\/09\/logo.png","type":"image\/png"}],"twitter_card":"summary_large_image","twitter_misc":{"Dur\u00e9e de lecture estim\u00e9e":"5 minutes"},"schema":{"@context":"https:\/\/schema.org","@graph":[{"@type":"WebPage","@id":"https:\/\/imagerie78.com\/index.php\/nos-examens\/endometriose\/","url":"https:\/\/imagerie78.com\/index.php\/nos-examens\/endometriose\/","name":"Endom\u00e9triose - Imagerie m\u00e9dicale 78","isPartOf":{"@id":"https:\/\/imagerie78.com\/#website"},"datePublished":"2022-12-06T22:02:57+00:00","dateModified":"2025-11-08T15:53:27+00:00","breadcrumb":{"@id":"https:\/\/imagerie78.com\/index.php\/nos-examens\/endometriose\/#breadcrumb"},"inLanguage":"fr-FR","potentialAction":[{"@type":"ReadAction","target":["https:\/\/imagerie78.com\/index.php\/nos-examens\/endometriose\/"]}]},{"@type":"BreadcrumbList","@id":"https:\/\/imagerie78.com\/index.php\/nos-examens\/endometriose\/#breadcrumb","itemListElement":[{"@type":"ListItem","position":1,"name":"Accueil","item":"https:\/\/imagerie78.com\/"},{"@type":"ListItem","position":2,"name":"Nos examens","item":"https:\/\/imagerie78.com\/index.php\/nos-examens\/"},{"@type":"ListItem","position":3,"name":"Endom\u00e9triose"}]},{"@type":"WebSite","@id":"https:\/\/imagerie78.com\/#website","url":"https:\/\/imagerie78.com\/","name":"Imagerie m\u00e9dicale 78","description":"","potentialAction":[{"@type":"SearchAction","target":{"@type":"EntryPoint","urlTemplate":"https:\/\/imagerie78.com\/?s={search_term_string}"},"query-input":{"@type":"PropertyValueSpecification","valueRequired":true,"valueName":"search_term_string"}}],"inLanguage":"fr-FR"}]}},"_links":{"self":[{"href":"https:\/\/imagerie78.com\/index.php\/wp-json\/wp\/v2\/pages\/2593","targetHints":{"allow":["GET"]}}],"collection":[{"href":"https:\/\/imagerie78.com\/index.php\/wp-json\/wp\/v2\/pages"}],"about":[{"href":"https:\/\/imagerie78.com\/index.php\/wp-json\/wp\/v2\/types\/page"}],"author":[{"embeddable":true,"href":"https:\/\/imagerie78.com\/index.php\/wp-json\/wp\/v2\/users\/2"}],"replies":[{"embeddable":true,"href":"https:\/\/imagerie78.com\/index.php\/wp-json\/wp\/v2\/comments?post=2593"}],"version-history":[{"count":6,"href":"https:\/\/imagerie78.com\/index.php\/wp-json\/wp\/v2\/pages\/2593\/revisions"}],"predecessor-version":[{"id":3522,"href":"https:\/\/imagerie78.com\/index.php\/wp-json\/wp\/v2\/pages\/2593\/revisions\/3522"}],"up":[{"embeddable":true,"href":"https:\/\/imagerie78.com\/index.php\/wp-json\/wp\/v2\/pages\/548"}],"wp:attachment":[{"href":"https:\/\/imagerie78.com\/index.php\/wp-json\/wp\/v2\/media?parent=2593"}],"curies":[{"name":"wp","href":"https:\/\/api.w.org\/{rel}","templated":true}]}}