{"id":2590,"date":"2022-12-06T22:57:22","date_gmt":"2022-12-06T21:57:22","guid":{"rendered":"https:\/\/imagerie78.com\/?page_id=2590"},"modified":"2025-11-08T16:58:05","modified_gmt":"2025-11-08T15:58:05","slug":"microbiopsie-mammaire","status":"publish","type":"page","link":"https:\/\/imagerie78.com\/index.php\/nos-examens\/microbiopsie-mammaire\/","title":{"rendered":"Microbiopsie Mammaire"},"content":{"rendered":"\n<p>A la suite de la d\u00e9couverte d\u2019une image dans votre sein dont la nature ne peut \u00eatre d\u00e9termin\u00e9e par l\u2019analyse \u00e9chographique seule, inhabituelle par son aspect ou son \u00e9volution, un compl\u00e9ment d\u2019exploration par microbiopsie peut \u00eatre prescrit afin d\u2019en d\u00e9terminer la nature.<\/p>\n\n\n\n<p>La micro biopsie consiste \u00e0 pr\u00e9lever de petits \u00e9chantillons de cette anomalie pour effectuer une analyse anatomopathologique au laboratoire<\/p>\n\n\n\n<p>Cela va permettre d\u2019\u00e9tablir un diagnostic.<\/p>\n\n\n\n<h2 class=\"wp-block-heading\">DEROULEMENT DE L\u2019EXAMEN<\/h2>\n\n\n\n<p>La micro biopsie est un acte r\u00e9alis\u00e9 :<\/p>\n\n\n\n<ul class=\"wp-block-list\">\n<li>par le m\u00e9decin radiologue assist\u00e9 par une manipulatrice<\/li>\n\n\n\n<li>apr\u00e8s information sur le geste et obtention de votre consentement<\/li>\n\n\n\n<li>En position allong\u00e9e, torse nu et gr\u00e2ce au contr\u00f4le \u00e9chographique en temps r\u00e9el de la zone \u00e0 analyser. La pr\u00e9cision du ciblage et le mat\u00e9riel utilis\u00e9 permettent de biopsier des l\u00e9sions mesurant moins de 5 mm.<\/li>\n\n\n\n<li>sous asepsie rigoureuse :<\/li>\n<\/ul>\n\n\n\n<p>. Une d\u00e9sinfection soigneuse de la peau est r\u00e9alis\u00e9e<\/p>\n\n\n\n<p>. Un prot\u00e8ge sonde st\u00e9rile recouvre la sonde d\u2019\u00e9chographie<\/p>\n\n\n\n<p>. Le port de gants st\u00e9riles par le m\u00e9decin est syst\u00e9matique<\/p>\n\n\n\n<p>. Des aiguilles st\u00e9riles \u00e0 usage unique sont utilis\u00e9es<\/p>\n\n\n\n<ul class=\"wp-block-list\">\n<li>sous anesth\u00e9sie locale de la zone \u00e0 pr\u00e9lever par de la Xyloca\u00efne afin de garantir un geste indolore.<\/li>\n\n\n\n<li>apr\u00e8s une micro-incision de la peau de 1 mm tout au plus pour introduction du dispositif de pr\u00e9l\u00e8vement, ne laissant pas de trace apr\u00e8s cicatrisation.<\/li>\n\n\n\n<li>suivi d\u2019un pansement simple que vous garderez 48 heures; une information d\u00e9taill\u00e9e sur la suite vous sera d\u00e9livr\u00e9e par la manipulatrice pr\u00e9sente \u00e0 vos c\u00f4t\u00e9s.<\/li>\n<\/ul>\n\n\n\n<h2 class=\"wp-block-heading\">DUREE<\/h2>\n\n\n\n<ul class=\"wp-block-list\">\n<li>le geste dure 15 minutes en moyenne<\/li>\n\n\n\n<li>Pr\u00e9voyez 45 minutes de passage dans notre cabinet<\/li>\n\n\n\n<li>vous sortez au d\u00e9cours du geste sans surveillance particuli\u00e8re. Une activit\u00e9 normale peut \u00eatre reprise.<\/li>\n<\/ul>\n\n\n\n<h2 class=\"wp-block-heading\">CONTRE INDICATION<\/h2>\n\n\n\n<ul class=\"wp-block-list\">\n<li>Il n\u2019y a pas de contre indication \u00e0 une microbiopsie<\/li>\n\n\n\n<li>en particulier il n\u2019y a pas de risque en cas de grossesse en cours<\/li>\n\n\n\n<li>la prise d\u2019un traitement anti-agr\u00e9ant plaquettaire ou anti-coagulant doit \u00eatre pr\u00e9cis\u00e9e \u00e0 votre radiologue mais la r\u00e9alisation de ce pr\u00e9l\u00e8vement ne n\u00e9cessite pas d\u2019interrompre votre traitement<\/li>\n\n\n\n<li>une allergie \u00e0 la Xyloca\u00efne est rare mais doit \u00eatre absolument pr\u00e9cis\u00e9e car elle constitue une contre indication \u00e0 l\u2019anesth\u00e9sie locale classique<\/li>\n<\/ul>\n\n\n\n<h2 class=\"wp-block-heading\">COMPLICATIONS:<\/h2>\n\n\n\n<ul class=\"wp-block-list\">\n<li>tr\u00e8s rares<\/li>\n\n\n\n<li>Afin de d\u00e9celer et de pr\u00e9venir le risque de malaise passager une personne sera toujours pr\u00e9sente \u00e0 vos c\u00f4t\u00e9s durant le d\u00e9roulement de l\u2019examen<\/li>\n\n\n\n<li>Une douleur de faible intensit\u00e9 peut appara\u00eetre au d\u00e9cours apr\u00e8s que l\u2019effet du produit anesth\u00e9siant se soit estomp\u00e9. Celle-ci r\u00e9pond aux antalgiques simples.<\/li>\n\n\n\n<li>un h\u00e9matome peut rarement survenir sans signes de gravit\u00e9 en particulier en cas de prise de traitement anti-agr\u00e9gant ou anti-coagulant: afin d\u2019\u00e9viter ou de limiter au maximum la constitution d\u2019un h\u00e9matome une compression de la r\u00e9gion ponctionn\u00e9e sera r\u00e9alis\u00e9e durant quelques minutes.<\/li>\n\n\n\n<li>Les complications infectieuses sont tout \u00e0 fait exceptionnelles compte tenu des mesures d\u2019asepsies observ\u00e9es.<\/li>\n\n\n\n<li>une blessure plus profonde de la cage thoracique est exceptionnelle car l\u2019abord de la l\u00e9sion se fait dans un plan superficiel et parall\u00e8le<\/li>\n<\/ul>\n\n\n\n<h2 class=\"wp-block-heading\">BENEFICES<\/h2>\n\n\n\n<ul class=\"wp-block-list\">\n<li>La micro biopsie mammaire est une technique simple de r\u00e9alisation, peu invasive et rapide. Elle permet d\u2019analyser la nature d\u2019une l\u00e9sion sans avoir recours \u00e0 une biopsie chirurgicale.<\/li>\n\n\n\n<li>Elle fait partie des recommandations de bonnes pratiques de l\u2019INCA.<\/li>\n\n\n\n<li>D\u2019autre part si une intervention chirurgicale est n\u00e9cessaire au d\u00e9cours elle aura permis de le planifier correctement.<\/li>\n<\/ul>\n\n\n\n<h2 class=\"wp-block-heading\">RESULTATS<\/h2>\n\n\n\n<ul class=\"wp-block-list\">\n<li>Le pr\u00e9l\u00e8vement conditionn\u00e9 dans un pot de formol est envoy\u00e9 au laboratoire d\u2019anatomopathologie pour l\u2019analyse sp\u00e9cifique.<\/li>\n\n\n\n<li>les r\u00e9sultats sont adress\u00e9s au m\u00e9decin prescripteur sous 7 jours.<\/li>\n\n\n\n<li>Un double nous est adress\u00e9 et nous nous assurons d\u2019une concordance entre le r\u00e9sultat de la biopsie et l\u2019image cibl\u00e9e. En cas de discordance ( l\u00e9sion radiologiquement suspecte et r\u00e9sultat b\u00e9nin ) une biopsie \u00e9chantillonnant plus de tissu voire une biopsie chirurgicale seront discut\u00e9es avec votre m\u00e9decin.<\/li>\n<\/ul>\n\n\n\n<h2 class=\"wp-block-heading\">PREPARATION<\/h2>\n\n\n\n<ul class=\"wp-block-list\">\n<li>Il n\u2019est pas n\u00e9cessaire d\u2019\u00eatre \u00e0 jeun avant une micro biopsie<\/li>\n\n\n\n<li>Il est important d\u2019apporter l\u2019int\u00e9gralit\u00e9 de votre dossier s\u00e9nologique le jour de la biopsie<\/li>\n\n\n\n<li>Une ordonnance vous aura \u00e9t\u00e9 transmise lors de la prise de rendez vous afin que vous munir du produit anesth\u00e9siant<\/li>\n<\/ul>\n","protected":false},"excerpt":{"rendered":"<p>A la suite de la d\u00e9couverte d\u2019une image dans votre [&hellip;]<\/p>\n","protected":false},"author":2,"featured_media":0,"parent":548,"menu_order":0,"comment_status":"closed","ping_status":"closed","template":"","meta":{"footnotes":""},"class_list":["post-2590","page","type-page","status-publish","hentry"],"yoast_head":"<!-- This site is optimized with the Yoast SEO plugin v27.5 - https:\/\/yoast.com\/product\/yoast-seo-wordpress\/ -->\n<title>Microbiopsie Mammaire - Imagerie m\u00e9dicale 78<\/title>\n<meta name=\"robots\" content=\"index, follow, max-snippet:-1, max-image-preview:large, max-video-preview:-1\" \/>\n<link rel=\"canonical\" href=\"https:\/\/imagerie78.com\/index.php\/nos-examens\/microbiopsie-mammaire\/\" \/>\n<meta property=\"og:locale\" content=\"fr_FR\" \/>\n<meta property=\"og:type\" content=\"article\" \/>\n<meta property=\"og:title\" content=\"Microbiopsie Mammaire - Imagerie m\u00e9dicale 78\" \/>\n<meta property=\"og:description\" content=\"A la suite de la d\u00e9couverte d\u2019une image dans votre [&hellip;]\" \/>\n<meta property=\"og:url\" content=\"https:\/\/imagerie78.com\/index.php\/nos-examens\/microbiopsie-mammaire\/\" \/>\n<meta property=\"og:site_name\" content=\"Imagerie m\u00e9dicale 78\" \/>\n<meta property=\"article:modified_time\" content=\"2025-11-08T15:58:05+00:00\" \/>\n<meta property=\"og:image\" content=\"https:\/\/imagerie78.com\/wp-content\/uploads\/2016\/09\/logo.png\" \/>\n\t<meta property=\"og:image:width\" content=\"393\" \/>\n\t<meta property=\"og:image:height\" content=\"155\" \/>\n\t<meta property=\"og:image:type\" content=\"image\/png\" \/>\n<meta name=\"twitter:card\" content=\"summary_large_image\" \/>\n<meta name=\"twitter:label1\" content=\"Dur\u00e9e de lecture estim\u00e9e\" \/>\n\t<meta name=\"twitter:data1\" content=\"4 minutes\" \/>\n<script type=\"application\/ld+json\" class=\"yoast-schema-graph\">{\"@context\":\"https:\\\/\\\/schema.org\",\"@graph\":[{\"@type\":\"WebPage\",\"@id\":\"https:\\\/\\\/imagerie78.com\\\/index.php\\\/nos-examens\\\/microbiopsie-mammaire\\\/\",\"url\":\"https:\\\/\\\/imagerie78.com\\\/index.php\\\/nos-examens\\\/microbiopsie-mammaire\\\/\",\"name\":\"Microbiopsie Mammaire - Imagerie m\u00e9dicale 78\",\"isPartOf\":{\"@id\":\"https:\\\/\\\/imagerie78.com\\\/#website\"},\"datePublished\":\"2022-12-06T21:57:22+00:00\",\"dateModified\":\"2025-11-08T15:58:05+00:00\",\"breadcrumb\":{\"@id\":\"https:\\\/\\\/imagerie78.com\\\/index.php\\\/nos-examens\\\/microbiopsie-mammaire\\\/#breadcrumb\"},\"inLanguage\":\"fr-FR\",\"potentialAction\":[{\"@type\":\"ReadAction\",\"target\":[\"https:\\\/\\\/imagerie78.com\\\/index.php\\\/nos-examens\\\/microbiopsie-mammaire\\\/\"]}]},{\"@type\":\"BreadcrumbList\",\"@id\":\"https:\\\/\\\/imagerie78.com\\\/index.php\\\/nos-examens\\\/microbiopsie-mammaire\\\/#breadcrumb\",\"itemListElement\":[{\"@type\":\"ListItem\",\"position\":1,\"name\":\"Accueil\",\"item\":\"https:\\\/\\\/imagerie78.com\\\/\"},{\"@type\":\"ListItem\",\"position\":2,\"name\":\"Nos examens\",\"item\":\"https:\\\/\\\/imagerie78.com\\\/index.php\\\/nos-examens\\\/\"},{\"@type\":\"ListItem\",\"position\":3,\"name\":\"Microbiopsie Mammaire\"}]},{\"@type\":\"WebSite\",\"@id\":\"https:\\\/\\\/imagerie78.com\\\/#website\",\"url\":\"https:\\\/\\\/imagerie78.com\\\/\",\"name\":\"Imagerie m\u00e9dicale 78\",\"description\":\"\",\"potentialAction\":[{\"@type\":\"SearchAction\",\"target\":{\"@type\":\"EntryPoint\",\"urlTemplate\":\"https:\\\/\\\/imagerie78.com\\\/?s={search_term_string}\"},\"query-input\":{\"@type\":\"PropertyValueSpecification\",\"valueRequired\":true,\"valueName\":\"search_term_string\"}}],\"inLanguage\":\"fr-FR\"}]}<\/script>\n<!-- \/ Yoast SEO plugin. -->","yoast_head_json":{"title":"Microbiopsie Mammaire - Imagerie m\u00e9dicale 78","robots":{"index":"index","follow":"follow","max-snippet":"max-snippet:-1","max-image-preview":"max-image-preview:large","max-video-preview":"max-video-preview:-1"},"canonical":"https:\/\/imagerie78.com\/index.php\/nos-examens\/microbiopsie-mammaire\/","og_locale":"fr_FR","og_type":"article","og_title":"Microbiopsie Mammaire - Imagerie m\u00e9dicale 78","og_description":"A la suite de la d\u00e9couverte d\u2019une image dans votre [&hellip;]","og_url":"https:\/\/imagerie78.com\/index.php\/nos-examens\/microbiopsie-mammaire\/","og_site_name":"Imagerie m\u00e9dicale 78","article_modified_time":"2025-11-08T15:58:05+00:00","og_image":[{"width":393,"height":155,"url":"https:\/\/imagerie78.com\/wp-content\/uploads\/2016\/09\/logo.png","type":"image\/png"}],"twitter_card":"summary_large_image","twitter_misc":{"Dur\u00e9e de lecture estim\u00e9e":"4 minutes"},"schema":{"@context":"https:\/\/schema.org","@graph":[{"@type":"WebPage","@id":"https:\/\/imagerie78.com\/index.php\/nos-examens\/microbiopsie-mammaire\/","url":"https:\/\/imagerie78.com\/index.php\/nos-examens\/microbiopsie-mammaire\/","name":"Microbiopsie Mammaire - Imagerie m\u00e9dicale 78","isPartOf":{"@id":"https:\/\/imagerie78.com\/#website"},"datePublished":"2022-12-06T21:57:22+00:00","dateModified":"2025-11-08T15:58:05+00:00","breadcrumb":{"@id":"https:\/\/imagerie78.com\/index.php\/nos-examens\/microbiopsie-mammaire\/#breadcrumb"},"inLanguage":"fr-FR","potentialAction":[{"@type":"ReadAction","target":["https:\/\/imagerie78.com\/index.php\/nos-examens\/microbiopsie-mammaire\/"]}]},{"@type":"BreadcrumbList","@id":"https:\/\/imagerie78.com\/index.php\/nos-examens\/microbiopsie-mammaire\/#breadcrumb","itemListElement":[{"@type":"ListItem","position":1,"name":"Accueil","item":"https:\/\/imagerie78.com\/"},{"@type":"ListItem","position":2,"name":"Nos examens","item":"https:\/\/imagerie78.com\/index.php\/nos-examens\/"},{"@type":"ListItem","position":3,"name":"Microbiopsie Mammaire"}]},{"@type":"WebSite","@id":"https:\/\/imagerie78.com\/#website","url":"https:\/\/imagerie78.com\/","name":"Imagerie m\u00e9dicale 78","description":"","potentialAction":[{"@type":"SearchAction","target":{"@type":"EntryPoint","urlTemplate":"https:\/\/imagerie78.com\/?s={search_term_string}"},"query-input":{"@type":"PropertyValueSpecification","valueRequired":true,"valueName":"search_term_string"}}],"inLanguage":"fr-FR"}]}},"_links":{"self":[{"href":"https:\/\/imagerie78.com\/index.php\/wp-json\/wp\/v2\/pages\/2590","targetHints":{"allow":["GET"]}}],"collection":[{"href":"https:\/\/imagerie78.com\/index.php\/wp-json\/wp\/v2\/pages"}],"about":[{"href":"https:\/\/imagerie78.com\/index.php\/wp-json\/wp\/v2\/types\/page"}],"author":[{"embeddable":true,"href":"https:\/\/imagerie78.com\/index.php\/wp-json\/wp\/v2\/users\/2"}],"replies":[{"embeddable":true,"href":"https:\/\/imagerie78.com\/index.php\/wp-json\/wp\/v2\/comments?post=2590"}],"version-history":[{"count":4,"href":"https:\/\/imagerie78.com\/index.php\/wp-json\/wp\/v2\/pages\/2590\/revisions"}],"predecessor-version":[{"id":3529,"href":"https:\/\/imagerie78.com\/index.php\/wp-json\/wp\/v2\/pages\/2590\/revisions\/3529"}],"up":[{"embeddable":true,"href":"https:\/\/imagerie78.com\/index.php\/wp-json\/wp\/v2\/pages\/548"}],"wp:attachment":[{"href":"https:\/\/imagerie78.com\/index.php\/wp-json\/wp\/v2\/media?parent=2590"}],"curies":[{"name":"wp","href":"https:\/\/api.w.org\/{rel}","templated":true}]}}