{"id":2153,"date":"2019-06-28T05:41:20","date_gmt":"2019-06-28T04:41:20","guid":{"rendered":"https:\/\/imagerie78.com\/?page_id=2153"},"modified":"2025-11-08T16:51:35","modified_gmt":"2025-11-08T15:51:35","slug":"biopsies-mammaires","status":"publish","type":"page","link":"https:\/\/imagerie78.com\/index.php\/nos-examens\/biopsies-mammaires\/","title":{"rendered":"Biopsies mammaires"},"content":{"rendered":"\n<h2 class=\"wp-block-heading\">Qu&rsquo;est ce qu\u2019une <strong>micro<\/strong>biopsie ?<\/h2>\n\n\n\n<p>La microbiopsie mammaire est un examen permettant de pr\u00e9lever \u00e0 l\u2019aide d\u2019une aiguille sous contr\u00f4le \u00e9chographique un fragment d\u2019une l\u00e9sion du sein qui \u00e0 \u00e9t\u00e9 diagnostiqu\u00e9e pr\u00e9alablement sur une mammographie, une \u00e9chographie ou en IRM. Ce pr\u00e9l\u00e8vement est ensuite envoy\u00e9 au laboratoire d\u2019anatomopathologie pour \u00e9tude histologique.<\/p>\n\n\n\n<h2 class=\"wp-block-heading\">Qu&rsquo;est ce qu\u2019une <strong>macro<\/strong>biopsie ?<\/h2>\n\n\n\n<p>Cette technique consiste \u00e0 pr\u00e9lever des pr\u00e9l\u00e8vements de tissus plus gros que dans une microbiopsie \u00e0 l\u2019aide d\u2019une aiguille et d\u2019un syst\u00e8me d\u2019aspiration sous \u00e9chographie ou sous mammographie. Une des principales indications de la macrobiopsie est la d\u00e9couverte de microcalcifications en mammographie.<\/p>\n","protected":false},"excerpt":{"rendered":"<p>Qu&rsquo;est ce qu\u2019une microbiopsie ? La microbiopsie mammaire est un [&hellip;]<\/p>\n","protected":false},"author":2,"featured_media":0,"parent":548,"menu_order":0,"comment_status":"closed","ping_status":"closed","template":"","meta":{"footnotes":""},"class_list":["post-2153","page","type-page","status-publish","hentry"],"yoast_head":"<!-- This site is optimized with the Yoast SEO plugin v27.3 - https:\/\/yoast.com\/product\/yoast-seo-wordpress\/ -->\n<title>Biopsies mammaires - Imagerie m\u00e9dicale 78<\/title>\n<meta name=\"robots\" content=\"index, follow, max-snippet:-1, max-image-preview:large, max-video-preview:-1\" \/>\n<link rel=\"canonical\" href=\"https:\/\/imagerie78.com\/index.php\/nos-examens\/biopsies-mammaires\/\" \/>\n<meta property=\"og:locale\" content=\"fr_FR\" \/>\n<meta property=\"og:type\" content=\"article\" \/>\n<meta property=\"og:title\" content=\"Biopsies mammaires - Imagerie m\u00e9dicale 78\" \/>\n<meta property=\"og:description\" content=\"Qu&rsquo;est ce qu\u2019une microbiopsie ? La microbiopsie mammaire est un [&hellip;]\" \/>\n<meta property=\"og:url\" content=\"https:\/\/imagerie78.com\/index.php\/nos-examens\/biopsies-mammaires\/\" \/>\n<meta property=\"og:site_name\" content=\"Imagerie m\u00e9dicale 78\" \/>\n<meta property=\"article:modified_time\" content=\"2025-11-08T15:51:35+00:00\" \/>\n<meta property=\"og:image\" content=\"https:\/\/imagerie78.com\/wp-content\/uploads\/2016\/09\/logo.png\" \/>\n\t<meta property=\"og:image:width\" content=\"393\" \/>\n\t<meta property=\"og:image:height\" content=\"155\" \/>\n\t<meta property=\"og:image:type\" content=\"image\/png\" \/>\n<meta name=\"twitter:card\" content=\"summary_large_image\" \/>\n<meta name=\"twitter:label1\" content=\"Dur\u00e9e de lecture estim\u00e9e\" \/>\n\t<meta name=\"twitter:data1\" content=\"1 minute\" \/>\n<script type=\"application\/ld+json\" class=\"yoast-schema-graph\">{\"@context\":\"https:\\\/\\\/schema.org\",\"@graph\":[{\"@type\":\"WebPage\",\"@id\":\"https:\\\/\\\/imagerie78.com\\\/index.php\\\/nos-examens\\\/biopsies-mammaires\\\/\",\"url\":\"https:\\\/\\\/imagerie78.com\\\/index.php\\\/nos-examens\\\/biopsies-mammaires\\\/\",\"name\":\"Biopsies mammaires - Imagerie m\u00e9dicale 78\",\"isPartOf\":{\"@id\":\"https:\\\/\\\/imagerie78.com\\\/#website\"},\"datePublished\":\"2019-06-28T04:41:20+00:00\",\"dateModified\":\"2025-11-08T15:51:35+00:00\",\"breadcrumb\":{\"@id\":\"https:\\\/\\\/imagerie78.com\\\/index.php\\\/nos-examens\\\/biopsies-mammaires\\\/#breadcrumb\"},\"inLanguage\":\"fr-FR\",\"potentialAction\":[{\"@type\":\"ReadAction\",\"target\":[\"https:\\\/\\\/imagerie78.com\\\/index.php\\\/nos-examens\\\/biopsies-mammaires\\\/\"]}]},{\"@type\":\"BreadcrumbList\",\"@id\":\"https:\\\/\\\/imagerie78.com\\\/index.php\\\/nos-examens\\\/biopsies-mammaires\\\/#breadcrumb\",\"itemListElement\":[{\"@type\":\"ListItem\",\"position\":1,\"name\":\"Accueil\",\"item\":\"https:\\\/\\\/imagerie78.com\\\/\"},{\"@type\":\"ListItem\",\"position\":2,\"name\":\"Nos examens\",\"item\":\"https:\\\/\\\/imagerie78.com\\\/index.php\\\/nos-examens\\\/\"},{\"@type\":\"ListItem\",\"position\":3,\"name\":\"Biopsies mammaires\"}]},{\"@type\":\"WebSite\",\"@id\":\"https:\\\/\\\/imagerie78.com\\\/#website\",\"url\":\"https:\\\/\\\/imagerie78.com\\\/\",\"name\":\"Imagerie m\u00e9dicale 78\",\"description\":\"\",\"potentialAction\":[{\"@type\":\"SearchAction\",\"target\":{\"@type\":\"EntryPoint\",\"urlTemplate\":\"https:\\\/\\\/imagerie78.com\\\/?s={search_term_string}\"},\"query-input\":{\"@type\":\"PropertyValueSpecification\",\"valueRequired\":true,\"valueName\":\"search_term_string\"}}],\"inLanguage\":\"fr-FR\"}]}<\/script>\n<!-- \/ Yoast SEO plugin. -->","yoast_head_json":{"title":"Biopsies mammaires - Imagerie m\u00e9dicale 78","robots":{"index":"index","follow":"follow","max-snippet":"max-snippet:-1","max-image-preview":"max-image-preview:large","max-video-preview":"max-video-preview:-1"},"canonical":"https:\/\/imagerie78.com\/index.php\/nos-examens\/biopsies-mammaires\/","og_locale":"fr_FR","og_type":"article","og_title":"Biopsies mammaires - Imagerie m\u00e9dicale 78","og_description":"Qu&rsquo;est ce qu\u2019une microbiopsie ? La microbiopsie mammaire est un [&hellip;]","og_url":"https:\/\/imagerie78.com\/index.php\/nos-examens\/biopsies-mammaires\/","og_site_name":"Imagerie m\u00e9dicale 78","article_modified_time":"2025-11-08T15:51:35+00:00","og_image":[{"width":393,"height":155,"url":"https:\/\/imagerie78.com\/wp-content\/uploads\/2016\/09\/logo.png","type":"image\/png"}],"twitter_card":"summary_large_image","twitter_misc":{"Dur\u00e9e de lecture estim\u00e9e":"1 minute"},"schema":{"@context":"https:\/\/schema.org","@graph":[{"@type":"WebPage","@id":"https:\/\/imagerie78.com\/index.php\/nos-examens\/biopsies-mammaires\/","url":"https:\/\/imagerie78.com\/index.php\/nos-examens\/biopsies-mammaires\/","name":"Biopsies mammaires - Imagerie m\u00e9dicale 78","isPartOf":{"@id":"https:\/\/imagerie78.com\/#website"},"datePublished":"2019-06-28T04:41:20+00:00","dateModified":"2025-11-08T15:51:35+00:00","breadcrumb":{"@id":"https:\/\/imagerie78.com\/index.php\/nos-examens\/biopsies-mammaires\/#breadcrumb"},"inLanguage":"fr-FR","potentialAction":[{"@type":"ReadAction","target":["https:\/\/imagerie78.com\/index.php\/nos-examens\/biopsies-mammaires\/"]}]},{"@type":"BreadcrumbList","@id":"https:\/\/imagerie78.com\/index.php\/nos-examens\/biopsies-mammaires\/#breadcrumb","itemListElement":[{"@type":"ListItem","position":1,"name":"Accueil","item":"https:\/\/imagerie78.com\/"},{"@type":"ListItem","position":2,"name":"Nos examens","item":"https:\/\/imagerie78.com\/index.php\/nos-examens\/"},{"@type":"ListItem","position":3,"name":"Biopsies mammaires"}]},{"@type":"WebSite","@id":"https:\/\/imagerie78.com\/#website","url":"https:\/\/imagerie78.com\/","name":"Imagerie m\u00e9dicale 78","description":"","potentialAction":[{"@type":"SearchAction","target":{"@type":"EntryPoint","urlTemplate":"https:\/\/imagerie78.com\/?s={search_term_string}"},"query-input":{"@type":"PropertyValueSpecification","valueRequired":true,"valueName":"search_term_string"}}],"inLanguage":"fr-FR"}]}},"_links":{"self":[{"href":"https:\/\/imagerie78.com\/index.php\/wp-json\/wp\/v2\/pages\/2153","targetHints":{"allow":["GET"]}}],"collection":[{"href":"https:\/\/imagerie78.com\/index.php\/wp-json\/wp\/v2\/pages"}],"about":[{"href":"https:\/\/imagerie78.com\/index.php\/wp-json\/wp\/v2\/types\/page"}],"author":[{"embeddable":true,"href":"https:\/\/imagerie78.com\/index.php\/wp-json\/wp\/v2\/users\/2"}],"replies":[{"embeddable":true,"href":"https:\/\/imagerie78.com\/index.php\/wp-json\/wp\/v2\/comments?post=2153"}],"version-history":[{"count":3,"href":"https:\/\/imagerie78.com\/index.php\/wp-json\/wp\/v2\/pages\/2153\/revisions"}],"predecessor-version":[{"id":3520,"href":"https:\/\/imagerie78.com\/index.php\/wp-json\/wp\/v2\/pages\/2153\/revisions\/3520"}],"up":[{"embeddable":true,"href":"https:\/\/imagerie78.com\/index.php\/wp-json\/wp\/v2\/pages\/548"}],"wp:attachment":[{"href":"https:\/\/imagerie78.com\/index.php\/wp-json\/wp\/v2\/media?parent=2153"}],"curies":[{"name":"wp","href":"https:\/\/api.w.org\/{rel}","templated":true}]}}