{"id":1578,"date":"2016-09-29T21:10:41","date_gmt":"2016-09-29T20:10:41","guid":{"rendered":"http:\/\/imagerie78.com\/?page_id=1578"},"modified":"2025-10-23T17:40:07","modified_gmt":"2025-10-23T16:40:07","slug":"recuperez-vos-resultats","status":"publish","type":"page","link":"https:\/\/imagerie78.com\/index.php\/recuperez-vos-resultats\/","title":{"rendered":"R\u00e9cup\u00e9rez vos r\u00e9sultats"},"content":{"rendered":"<div id=\"pl-1578\"  class=\"panel-layout\" ><div id=\"pg-1578-0\"  class=\"panel-grid panel-has-style\" ><div style=\"padding: 0px 0; \" data-overlay=\"true\" class=\"panel-row-style panel-row-style-for-1578-0\" ><div id=\"pgc-1578-0-0\"  class=\"panel-grid-cell\" ><div id=\"panel-1578-0-0-0\" class=\"so-panel widget widget_sow-editor panel-first-child panel-last-child\" data-index=\"0\" ><div\n\t\t\t\n\t\t\tclass=\"so-widget-sow-editor so-widget-sow-editor-base\"\n\t\t\t\n\t\t>\n<div class=\"siteorigin-widget-tinymce textwidget\">\n\t<p style=\"padding-left: 40px;\">Lorsque vous r\u00e9alisez des examens dans nos centres, les r\u00e9sultats (interpr\u00e9tation accompagn\u00e9e des clich\u00e9s) peuvent vous\u00a0\u00eatre remis en main propre.<\/p>\n<p>Toutefois, ces informations sont aussi accessibles en ligne apr\u00e8s l'examen.\u00a0Pour cela, le m\u00e9decin radiologue qui vous autorisera \u00e0 consulter vos examens vous demandera votre adresse e-mail et en \u00e9change vous donnera un code d\u2019acc\u00e8s. Dans un premier temps, vous recevrez un email qui vous demandera d\u2019activer votre compte.\u00a0Ainsi, apr\u00e8s avoir pass\u00e9\u00a0un examen, vous pouvez repartir aussit\u00f4t apr\u00e8s sans attendre la diffusion\u00a0des r\u00e9sultats et les obtenir en rentrant \u00e0 votre domicile.<\/p>\n<\/div>\n<\/div><\/div><\/div><\/div><\/div><div id=\"pg-1578-1\"  class=\"panel-grid panel-has-style\" ><div style=\"padding: 0px 0; \" data-overlay=\"true\" class=\"panel-row-style panel-row-style-for-1578-1\" ><div id=\"pgc-1578-1-0\"  class=\"panel-grid-cell\" ><div id=\"panel-1578-1-0-0\" class=\"so-panel widget widget_sow-editor panel-first-child panel-last-child\" data-index=\"1\" ><div\n\t\t\t\n\t\t\tclass=\"so-widget-sow-editor so-widget-sow-editor-base\"\n\t\t\t\n\t\t>\n<div class=\"siteorigin-widget-tinymce textwidget\">\n\t<p><img decoding=\"async\" src=\"http:\/\/imagerie78.com\/wp-content\/uploads\/2016\/08\/Radiologue_femme.jpg\" \/><\/p>\n<\/div>\n<\/div><\/div><\/div><div id=\"pgc-1578-1-1\"  class=\"panel-grid-cell\" ><div id=\"panel-1578-1-1-0\" class=\"so-panel widget widget_sow-editor panel-first-child panel-last-child\" data-index=\"2\" ><div style=\"text-align: left;\" data-title-color=\"#443f3f\" data-headings-color=\"#443f3f\" class=\"panel-widget-style panel-widget-style-for-1578-1-1-0\" ><div\n\t\t\t\n\t\t\tclass=\"so-widget-sow-editor so-widget-sow-editor-base\"\n\t\t\t\n\t\t>\n<div class=\"siteorigin-widget-tinymce textwidget\">\n\t<p>Pour r\u00e9cup\u00e9rer les examens r\u00e9alis\u00e9s sur un de nos sites, cliquez sur le bouton ci-apr\u00e8s :<\/p>\n<p style=\"text-align: left;\" align=\"left\"><a class=\"roll-button border\" href=\"https:\/\/resultats.imagerie78.com:8443\/xaPortailDiffusionMobile\/#\/LoginPortail\/\" target=\"_blank\" rel=\"noopener\">R\u00e9cup\u00e9rer les r\u00e9sultats (Acc\u00e8s patient ou m\u00e9decin)<\/a><\/p>\n<\/div>\n<\/div><\/div><\/div><\/div><\/div><\/div><\/div>","protected":false},"excerpt":{"rendered":"<p>Lorsque vous r\u00e9alisez des examens dans nos centres, les r\u00e9sultats [&hellip;]<\/p>\n","protected":false},"author":2,"featured_media":0,"parent":0,"menu_order":0,"comment_status":"closed","ping_status":"closed","template":"page-templates\/page_fullwidth.php","meta":{"footnotes":""},"class_list":["post-1578","page","type-page","status-publish","hentry"],"yoast_head":"<!-- This site is optimized with the Yoast SEO plugin v27.5 - https:\/\/yoast.com\/product\/yoast-seo-wordpress\/ -->\n<title>R\u00e9cup\u00e9rez les r\u00e9sultats de votre examen - Imagerie m\u00e9dicale 78<\/title>\n<meta name=\"robots\" content=\"index, follow, max-snippet:-1, max-image-preview:large, max-video-preview:-1\" \/>\n<link rel=\"canonical\" href=\"https:\/\/imagerie78.com\/index.php\/recuperez-vos-resultats\/\" \/>\n<meta property=\"og:locale\" content=\"fr_FR\" \/>\n<meta property=\"og:type\" content=\"article\" \/>\n<meta property=\"og:title\" content=\"R\u00e9cup\u00e9rez les r\u00e9sultats de votre examen - Imagerie m\u00e9dicale 78\" \/>\n<meta property=\"og:description\" content=\"Lorsque vous r\u00e9alisez des examens dans nos centres, les r\u00e9sultats [&hellip;]\" \/>\n<meta property=\"og:url\" content=\"https:\/\/imagerie78.com\/index.php\/recuperez-vos-resultats\/\" \/>\n<meta property=\"og:site_name\" content=\"Imagerie m\u00e9dicale 78\" \/>\n<meta property=\"article:modified_time\" content=\"2025-10-23T16:40:07+00:00\" \/>\n<meta property=\"og:image\" content=\"http:\/\/imagerie78.com\/wp-content\/uploads\/2016\/08\/Radiologue_femme.jpg\" \/>\n<meta name=\"twitter:card\" content=\"summary_large_image\" \/>\n<meta name=\"twitter:label1\" content=\"Dur\u00e9e de lecture estim\u00e9e\" \/>\n\t<meta name=\"twitter:data1\" content=\"1 minute\" \/>\n<script type=\"application\/ld+json\" class=\"yoast-schema-graph\">{\"@context\":\"https:\\\/\\\/schema.org\",\"@graph\":[{\"@type\":\"WebPage\",\"@id\":\"https:\\\/\\\/imagerie78.com\\\/index.php\\\/recuperez-vos-resultats\\\/\",\"url\":\"https:\\\/\\\/imagerie78.com\\\/index.php\\\/recuperez-vos-resultats\\\/\",\"name\":\"R\u00e9cup\u00e9rez les r\u00e9sultats de votre examen - Imagerie m\u00e9dicale 78\",\"isPartOf\":{\"@id\":\"https:\\\/\\\/imagerie78.com\\\/#website\"},\"primaryImageOfPage\":{\"@id\":\"https:\\\/\\\/imagerie78.com\\\/index.php\\\/recuperez-vos-resultats\\\/#primaryimage\"},\"image\":{\"@id\":\"https:\\\/\\\/imagerie78.com\\\/index.php\\\/recuperez-vos-resultats\\\/#primaryimage\"},\"thumbnailUrl\":\"http:\\\/\\\/imagerie78.com\\\/wp-content\\\/uploads\\\/2016\\\/08\\\/Radiologue_femme.jpg\",\"datePublished\":\"2016-09-29T20:10:41+00:00\",\"dateModified\":\"2025-10-23T16:40:07+00:00\",\"breadcrumb\":{\"@id\":\"https:\\\/\\\/imagerie78.com\\\/index.php\\\/recuperez-vos-resultats\\\/#breadcrumb\"},\"inLanguage\":\"fr-FR\",\"potentialAction\":[{\"@type\":\"ReadAction\",\"target\":[\"https:\\\/\\\/imagerie78.com\\\/index.php\\\/recuperez-vos-resultats\\\/\"]}]},{\"@type\":\"ImageObject\",\"inLanguage\":\"fr-FR\",\"@id\":\"https:\\\/\\\/imagerie78.com\\\/index.php\\\/recuperez-vos-resultats\\\/#primaryimage\",\"url\":\"http:\\\/\\\/imagerie78.com\\\/wp-content\\\/uploads\\\/2016\\\/08\\\/Radiologue_femme.jpg\",\"contentUrl\":\"http:\\\/\\\/imagerie78.com\\\/wp-content\\\/uploads\\\/2016\\\/08\\\/Radiologue_femme.jpg\"},{\"@type\":\"BreadcrumbList\",\"@id\":\"https:\\\/\\\/imagerie78.com\\\/index.php\\\/recuperez-vos-resultats\\\/#breadcrumb\",\"itemListElement\":[{\"@type\":\"ListItem\",\"position\":1,\"name\":\"Accueil\",\"item\":\"https:\\\/\\\/imagerie78.com\\\/\"},{\"@type\":\"ListItem\",\"position\":2,\"name\":\"R\u00e9cup\u00e9rez vos r\u00e9sultats\"}]},{\"@type\":\"WebSite\",\"@id\":\"https:\\\/\\\/imagerie78.com\\\/#website\",\"url\":\"https:\\\/\\\/imagerie78.com\\\/\",\"name\":\"Imagerie m\u00e9dicale 78\",\"description\":\"\",\"potentialAction\":[{\"@type\":\"SearchAction\",\"target\":{\"@type\":\"EntryPoint\",\"urlTemplate\":\"https:\\\/\\\/imagerie78.com\\\/?s={search_term_string}\"},\"query-input\":{\"@type\":\"PropertyValueSpecification\",\"valueRequired\":true,\"valueName\":\"search_term_string\"}}],\"inLanguage\":\"fr-FR\"}]}<\/script>\n<!-- \/ Yoast SEO plugin. -->","yoast_head_json":{"title":"R\u00e9cup\u00e9rez les r\u00e9sultats de votre examen - Imagerie m\u00e9dicale 78","robots":{"index":"index","follow":"follow","max-snippet":"max-snippet:-1","max-image-preview":"max-image-preview:large","max-video-preview":"max-video-preview:-1"},"canonical":"https:\/\/imagerie78.com\/index.php\/recuperez-vos-resultats\/","og_locale":"fr_FR","og_type":"article","og_title":"R\u00e9cup\u00e9rez les r\u00e9sultats de votre examen - Imagerie m\u00e9dicale 78","og_description":"Lorsque vous r\u00e9alisez des examens dans nos centres, les r\u00e9sultats [&hellip;]","og_url":"https:\/\/imagerie78.com\/index.php\/recuperez-vos-resultats\/","og_site_name":"Imagerie m\u00e9dicale 78","article_modified_time":"2025-10-23T16:40:07+00:00","og_image":[{"url":"http:\/\/imagerie78.com\/wp-content\/uploads\/2016\/08\/Radiologue_femme.jpg","type":"","width":"","height":""}],"twitter_card":"summary_large_image","twitter_misc":{"Dur\u00e9e de lecture estim\u00e9e":"1 minute"},"schema":{"@context":"https:\/\/schema.org","@graph":[{"@type":"WebPage","@id":"https:\/\/imagerie78.com\/index.php\/recuperez-vos-resultats\/","url":"https:\/\/imagerie78.com\/index.php\/recuperez-vos-resultats\/","name":"R\u00e9cup\u00e9rez les r\u00e9sultats de votre examen - Imagerie m\u00e9dicale 78","isPartOf":{"@id":"https:\/\/imagerie78.com\/#website"},"primaryImageOfPage":{"@id":"https:\/\/imagerie78.com\/index.php\/recuperez-vos-resultats\/#primaryimage"},"image":{"@id":"https:\/\/imagerie78.com\/index.php\/recuperez-vos-resultats\/#primaryimage"},"thumbnailUrl":"http:\/\/imagerie78.com\/wp-content\/uploads\/2016\/08\/Radiologue_femme.jpg","datePublished":"2016-09-29T20:10:41+00:00","dateModified":"2025-10-23T16:40:07+00:00","breadcrumb":{"@id":"https:\/\/imagerie78.com\/index.php\/recuperez-vos-resultats\/#breadcrumb"},"inLanguage":"fr-FR","potentialAction":[{"@type":"ReadAction","target":["https:\/\/imagerie78.com\/index.php\/recuperez-vos-resultats\/"]}]},{"@type":"ImageObject","inLanguage":"fr-FR","@id":"https:\/\/imagerie78.com\/index.php\/recuperez-vos-resultats\/#primaryimage","url":"http:\/\/imagerie78.com\/wp-content\/uploads\/2016\/08\/Radiologue_femme.jpg","contentUrl":"http:\/\/imagerie78.com\/wp-content\/uploads\/2016\/08\/Radiologue_femme.jpg"},{"@type":"BreadcrumbList","@id":"https:\/\/imagerie78.com\/index.php\/recuperez-vos-resultats\/#breadcrumb","itemListElement":[{"@type":"ListItem","position":1,"name":"Accueil","item":"https:\/\/imagerie78.com\/"},{"@type":"ListItem","position":2,"name":"R\u00e9cup\u00e9rez vos r\u00e9sultats"}]},{"@type":"WebSite","@id":"https:\/\/imagerie78.com\/#website","url":"https:\/\/imagerie78.com\/","name":"Imagerie m\u00e9dicale 78","description":"","potentialAction":[{"@type":"SearchAction","target":{"@type":"EntryPoint","urlTemplate":"https:\/\/imagerie78.com\/?s={search_term_string}"},"query-input":{"@type":"PropertyValueSpecification","valueRequired":true,"valueName":"search_term_string"}}],"inLanguage":"fr-FR"}]}},"_links":{"self":[{"href":"https:\/\/imagerie78.com\/index.php\/wp-json\/wp\/v2\/pages\/1578","targetHints":{"allow":["GET"]}}],"collection":[{"href":"https:\/\/imagerie78.com\/index.php\/wp-json\/wp\/v2\/pages"}],"about":[{"href":"https:\/\/imagerie78.com\/index.php\/wp-json\/wp\/v2\/types\/page"}],"author":[{"embeddable":true,"href":"https:\/\/imagerie78.com\/index.php\/wp-json\/wp\/v2\/users\/2"}],"replies":[{"embeddable":true,"href":"https:\/\/imagerie78.com\/index.php\/wp-json\/wp\/v2\/comments?post=1578"}],"version-history":[{"count":108,"href":"https:\/\/imagerie78.com\/index.php\/wp-json\/wp\/v2\/pages\/1578\/revisions"}],"predecessor-version":[{"id":3494,"href":"https:\/\/imagerie78.com\/index.php\/wp-json\/wp\/v2\/pages\/1578\/revisions\/3494"}],"wp:attachment":[{"href":"https:\/\/imagerie78.com\/index.php\/wp-json\/wp\/v2\/media?parent=1578"}],"curies":[{"name":"wp","href":"https:\/\/api.w.org\/{rel}","templated":true}]}}