{"id":1024,"date":"2016-09-24T21:54:14","date_gmt":"2016-09-24T20:54:14","guid":{"rendered":"http:\/\/imagerie78.com\/?page_id=1024"},"modified":"2017-01-07T19:26:57","modified_gmt":"2017-01-07T18:26:57","slug":"passer-echographie-depistage-de-cancer-a-bois-darcy","status":"publish","type":"page","link":"https:\/\/imagerie78.com\/index.php\/z\/passer-echographie-depistage-de-cancer-a-bois-darcy\/","title":{"rendered":"Passer une \u00e9chographie d\u00e9pistage de cancer \u00e0 Bois d&rsquo;Arcy"},"content":{"rendered":"<div id=\"pl-1024\"  class=\"panel-layout\" ><div id=\"pg-1024-0\"  class=\"panel-grid panel-has-style\" ><div style=\"padding: 100px 0; \" data-overlay=\"true\" class=\"panel-row-style panel-row-style-for-1024-0\" ><div id=\"pgc-1024-0-0\"  class=\"panel-grid-cell\" ><div id=\"panel-1024-0-0-0\" class=\"so-panel widget widget_sow-editor panel-first-child panel-last-child\" data-index=\"0\" ><div\n\t\t\t\n\t\t\tclass=\"so-widget-sow-editor so-widget-sow-editor-base\"\n\t\t\t\n\t\t>\n<div class=\"siteorigin-widget-tinymce textwidget\">\n\t<\/div>\n<\/div><\/div><\/div><\/div><\/div><div id=\"pg-1024-1\"  class=\"panel-grid panel-has-style\" ><div style=\"padding: 100px 0; \" data-overlay=\"true\" class=\"panel-row-style panel-row-style-for-1024-1\" ><div id=\"pgc-1024-1-0\"  class=\"panel-grid-cell\" ><div id=\"panel-1024-1-0-0\" class=\"so-panel widget widget_sydney_employees sydney_employees_widget panel-first-child panel-last-child\" data-index=\"1\" >\r\n\t\t\r\n\t\t<div class=\"roll-team carousel owl-carousel\" data-widgetid=\"employees-widget-1-0-0\">\r\n\t\t\t\t\t\t\t\t\t\t<div class=\"team-item\">\r\n\t\t\t    <div class=\"team-inner\">\r\n\t\t\t        <div class=\"pop-overlay\">\r\n\t\t\t            <div class=\"team-pop\">\r\n\t\t\t                <div class=\"team-info\">\r\n\t\t\t\t\t\t\t\t<div class=\"name\">Dr Caroline TICHOUX<\/div>\r\n\t\t\t\t\t\t\t\t<div class=\"pos\">Radiologie g\u00e9n\u00e9rale, Mammographie, Echographie, Doppler, Scanner, IRM<\/div>\r\n\t\t\t\t\t\t\t\t<ul class=\"team-social\">\r\n\t\t\t\t\t\t\t\t\t\t\t\t\t\t\t\t\t\t\t\t\t\t\t\t\t\t\t\t\t\t\t\t\t\t\t<\/ul>\r\n\t\t\t                <\/div>\r\n\t\t\t            <\/div>\r\n\t\t\t        <\/div>\r\n\t\t\t\t\t\t\t\t\t\t<div class=\"avatar\">\r\n\t\t\t\t\t\t<img loading=\"lazy\" decoding=\"async\" width=\"419\" height=\"400\" src=\"https:\/\/imagerie78.com\/wp-content\/uploads\/2016\/09\/silhouette-femme-e1672656250804-419x400.png\" class=\"attachment-sydney-medium-thumb size-sydney-medium-thumb wp-post-image\" alt=\"\" \/>\t\t\t\t\t<\/div>\r\n\t\t\t\t\t\t\t\t    <\/div>\r\n\t\t\t    <div class=\"team-content\">\r\n\t\t\t        <div class=\"name\">\r\n\t\t\t        \t\t\t\t        \t\t<a href=\"http:\/\/imagerie78.com\/index.php\/employees\/docteur-caroline-tichoux\">Dr Caroline TICHOUX<\/a>\r\n\t\t\t        \t\t\t\t        <\/div>\r\n\t\t\t        <div class=\"pos\">Radiologie g\u00e9n\u00e9rale, Mammographie, Echographie, Doppler, Scanner, IRM<\/div>\r\n\t\t\t    <\/div>\r\n\t\t\t<\/div><!-- \/.team-item -->\r\n\r\n\t\t\t\t\t\t\t\t\t\t<div class=\"team-item\">\r\n\t\t\t    <div class=\"team-inner\">\r\n\t\t\t        <div class=\"pop-overlay\">\r\n\t\t\t            <div class=\"team-pop\">\r\n\t\t\t                <div class=\"team-info\">\r\n\t\t\t\t\t\t\t\t<div class=\"name\">Dr Hayet GHANNEM<\/div>\r\n\t\t\t\t\t\t\t\t<div class=\"pos\">Radiologie g\u00e9n\u00e9rale, Mammographie, Echographie, Doppler, Scanner, IRM<\/div>\r\n\t\t\t\t\t\t\t\t<ul class=\"team-social\">\r\n\t\t\t\t\t\t\t\t\t\t\t\t\t\t\t\t\t\t\t\t\t\t\t\t\t\t\t\t\t\t\t\t\t\t\t<\/ul>\r\n\t\t\t                <\/div>\r\n\t\t\t            <\/div>\r\n\t\t\t        <\/div>\r\n\t\t\t\t\t\t\t\t\t\t<div class=\"avatar\">\r\n\t\t\t\t\t\t<img loading=\"lazy\" decoding=\"async\" width=\"419\" height=\"400\" src=\"https:\/\/imagerie78.com\/wp-content\/uploads\/2016\/09\/silhouette-femme-e1672656250804-419x400.png\" class=\"attachment-sydney-medium-thumb size-sydney-medium-thumb wp-post-image\" alt=\"\" \/>\t\t\t\t\t<\/div>\r\n\t\t\t\t\t\t\t\t    <\/div>\r\n\t\t\t    <div class=\"team-content\">\r\n\t\t\t        <div class=\"name\">\r\n\t\t\t        \t\t\t\t        \t\t<a href=\"https:\/\/imagerie78.com\/index.php\/employees\/dr-hayet-ghannem\">Dr Hayet GHANNEM<\/a>\r\n\t\t\t        \t\t\t\t        <\/div>\r\n\t\t\t        <div class=\"pos\">Radiologie g\u00e9n\u00e9rale, Mammographie, Echographie, Doppler, Scanner, IRM<\/div>\r\n\t\t\t    <\/div>\r\n\t\t\t<\/div><!-- \/.team-item -->\r\n\r\n\t\t\t\t\t\t\t\t\t\t<div class=\"team-item\">\r\n\t\t\t    <div class=\"team-inner\">\r\n\t\t\t        <div class=\"pop-overlay\">\r\n\t\t\t            <div class=\"team-pop\">\r\n\t\t\t                <div class=\"team-info\">\r\n\t\t\t\t\t\t\t\t<div class=\"name\">Dr Rapha\u00ebl AMAR<\/div>\r\n\t\t\t\t\t\t\t\t<div class=\"pos\">Radiologie g\u00e9n\u00e9rale, Mammographie, Echographie, Doppler, Scanner<\/div>\r\n\t\t\t\t\t\t\t\t<ul class=\"team-social\">\r\n\t\t\t\t\t\t\t\t\t\t\t\t\t\t\t\t\t\t\t\t\t\t\t\t\t\t\t\t\t\t\t\t\t\t\t<\/ul>\r\n\t\t\t                <\/div>\r\n\t\t\t            <\/div>\r\n\t\t\t        <\/div>\r\n\t\t\t\t\t\t\t\t\t\t<div class=\"avatar\">\r\n\t\t\t\t\t\t<img loading=\"lazy\" decoding=\"async\" width=\"420\" height=\"400\" src=\"https:\/\/imagerie78.com\/wp-content\/uploads\/2016\/09\/Silhouette-homme-420x400.png\" class=\"attachment-sydney-medium-thumb size-sydney-medium-thumb wp-post-image\" alt=\"\" \/>\t\t\t\t\t<\/div>\r\n\t\t\t\t\t\t\t\t    <\/div>\r\n\t\t\t    <div class=\"team-content\">\r\n\t\t\t        <div class=\"name\">\r\n\t\t\t        \t\t\t\t        \t\t<a href=\"https:\/\/imagerie78.com\/index.php\/employees\/dr-raphael-amar\/\">Dr Rapha\u00ebl AMAR<\/a>\r\n\t\t\t        \t\t\t\t        <\/div>\r\n\t\t\t        <div class=\"pos\">Radiologie g\u00e9n\u00e9rale, Mammographie, Echographie, Doppler, Scanner<\/div>\r\n\t\t\t    <\/div>\r\n\t\t\t<\/div><!-- \/.team-item -->\r\n\r\n\t\t\t\t\t<\/div>\r\n\r\n\t\t\t\r\n\t\r\n\t<\/div><\/div><div id=\"pgc-1024-1-1\"  class=\"panel-grid-cell\" ><div id=\"panel-1024-1-1-0\" class=\"so-panel widget widget_sydney_services_type_a sydney_services_widget panel-first-child panel-last-child\" data-index=\"2\" >\t\t\t\r\n\t\t\t\t\t\t\t\t\t\t\t\t\t\t\t\t\t\t\t<div class=\"service col-md-4\">\r\n\t\t\t\t\t\t\t\t\t<div class=\"roll-icon-box\">\r\n\t\t\t\t\t\t\t\t\t\r\n\t\t\t\t\t\t\t<div class=\"icon\">\r\n\t\t\t\t\t\t\t\t\t\t\t\t\t\t\t\t\t<a href=\"https:\/\/imagerie78.com\/index.php\/biopsies-mammaires\/\"><i class=\"fa fa-check-circle-o\"><\/i><\/a>\t\t\t\t\t\t\t\t\t\t\t\t\t\t\t<\/div>\r\n\t\t\t\t\t\t\t\t\t\t\t\t<div class=\"content\">\r\n\t\t\t\t\t\t\t<h3>\r\n\t\t\t\t\t\t\t\t\t\t\t\t\t\t\t\t\t<a href=\"https:\/\/imagerie78.com\/index.php\/biopsies-mammaires\/\">Biopsie mammaire<\/a>\r\n\t\t\t\t\t\t\t\t\t\t\t\t\t\t\t<\/h3>\r\n\t\t\t\t\t\t\t\t\t\t\t\t\t\t\t\r\n\t\t\t\t\t\t\t\t\t\t\t\t\t\t\t\t\t\t\t\t\t<\/div><!--.info-->\t\r\n\t\t\t\t\t<\/div>\r\n\t\t\t\t<\/div>\r\n\t\t\t\t\t\t\t\t\t\t\t\t\t\t\t\t\t\t\t<div class=\"service col-md-4\">\r\n\t\t\t\t\t\t\t\t\t<div class=\"roll-icon-box\">\r\n\t\t\t\t\t\t\t\t\t\r\n\t\t\t\t\t\t\t<div class=\"icon\">\r\n\t\t\t\t\t\t\t\t\t\t\t\t\t\t\t\t\t<a href=\"https:\/\/imagerie78.com\/index.php\/nos-examens\/radiologie-interventionnelle\/\"><i class=\"fa fa-check-circle-o\"><\/i><\/a>\t\t\t\t\t\t\t\t\t\t\t\t\t\t\t<\/div>\r\n\t\t\t\t\t\t\t\t\t\t\t\t<div class=\"content\">\r\n\t\t\t\t\t\t\t<h3>\r\n\t\t\t\t\t\t\t\t\t\t\t\t\t\t\t\t\t<a href=\"https:\/\/imagerie78.com\/index.php\/nos-examens\/radiologie-interventionnelle\/\">Radiologie interventionnelle<\/a>\r\n\t\t\t\t\t\t\t\t\t\t\t\t\t\t\t<\/h3>\r\n\t\t\t\t\t\t\t\t\t\t\t\t\t\t\t\r\n\t\t\t\t\t\t\t\t\t\t\t\t\t\t\t\t\t\t\t\t\t<\/div><!--.info-->\t\r\n\t\t\t\t\t<\/div>\r\n\t\t\t\t<\/div>\r\n\t\t\t\t\t\t\t\t\t\t\t\t\t\t\t\t\t\t\t<div class=\"service col-md-4\">\r\n\t\t\t\t\t\t\t\t\t<div class=\"roll-icon-box\">\r\n\t\t\t\t\t\t\t\t\t\r\n\t\t\t\t\t\t\t<div class=\"icon\">\r\n\t\t\t\t\t\t\t\t\t\t\t\t\t\t\t\t\t<a href=\"http:\/\/imagerie78.com\/index.php\/nos-examens\/mammographie-et-imagerie-du-sein\/\"><i class=\"fa fa-check-circle-o\"><\/i><\/a>\t\t\t\t\t\t\t\t\t\t\t\t\t\t\t<\/div>\r\n\t\t\t\t\t\t\t\t\t\t\t\t<div class=\"content\">\r\n\t\t\t\t\t\t\t<h3>\r\n\t\t\t\t\t\t\t\t\t\t\t\t\t\t\t\t\t<a href=\"http:\/\/imagerie78.com\/index.php\/nos-examens\/mammographie-et-imagerie-du-sein\/\">Mammographie<\/a>\r\n\t\t\t\t\t\t\t\t\t\t\t\t\t\t\t<\/h3>\r\n\t\t\t\t\t\t\t\t\t\t\t\t\t\t\t\r\n\t\t\t\t\t\t\t\t\t\t\t\t\t\t\t\t\t\t\t\t\t<\/div><!--.info-->\t\r\n\t\t\t\t\t<\/div>\r\n\t\t\t\t<\/div>\r\n\t\t\t\t\t\t\t\t\t\t\t\t\t\t\t\t\t\t\t<div class=\"service col-md-4\">\r\n\t\t\t\t\t\t\t\t\t<div class=\"roll-icon-box\">\r\n\t\t\t\t\t\t\t\t\t\r\n\t\t\t\t\t\t\t<div class=\"icon\">\r\n\t\t\t\t\t\t\t\t\t\t\t\t\t\t\t\t\t<i class=\"fa fa-check-circle-o\"><\/i>\t\t\t\t\t\t\t\t\t\t\t\t\t\t\t<\/div>\r\n\t\t\t\t\t\t\t\t\t\t\t\t<div class=\"content\">\r\n\t\t\t\t\t\t\t<h3>\r\n\t\t\t\t\t\t\t\t\t\t\t\t\t\t\t\t\tEchographie g\u00e9n\u00e9rale\t\t\t\t\t\t\t\t\t\t\t\t\t\t\t<\/h3>\r\n\t\t\t\t\t\t\t\t\t\t\t\t\t\t\t\r\n\t\t\t\t\t\t\t\t\t\t\t\t\t\t\t\t\t\t\t\t\t<\/div><!--.info-->\t\r\n\t\t\t\t\t<\/div>\r\n\t\t\t\t<\/div>\r\n\t\t\t\t\t\t\t\t\t\t\t\t\t\t\t\t\t\t\t<div class=\"service col-md-4\">\r\n\t\t\t\t\t\t\t\t\t<div class=\"roll-icon-box\">\r\n\t\t\t\t\t\t\t\t\t\r\n\t\t\t\t\t\t\t<div class=\"icon\">\r\n\t\t\t\t\t\t\t\t\t\t\t\t\t\t\t\t\t<i class=\"fa fa-check-circle-o\"><\/i>\t\t\t\t\t\t\t\t\t\t\t\t\t\t\t<\/div>\r\n\t\t\t\t\t\t\t\t\t\t\t\t<div class=\"content\">\r\n\t\t\t\t\t\t\t<h3>\r\n\t\t\t\t\t\t\t\t\t\t\t\t\t\t\t\t\tRadiologie\t\t\t\t\t\t\t\t\t\t\t\t\t\t\t<\/h3>\r\n\t\t\t\t\t\t\t\t\t\t\t\t\t\t\t\r\n\t\t\t\t\t\t\t\t\t\t\t\t\t\t\t\t\t\t\t\t\t<\/div><!--.info-->\t\r\n\t\t\t\t\t<\/div>\r\n\t\t\t\t<\/div>\r\n\t\t\t\r\n\t\t\t\t\t\t\t\r\n\t<\/div><\/div><\/div><\/div><\/div>","protected":false},"excerpt":{"rendered":"<p>Dr Caroline TICHOUX Radiologie g\u00e9n\u00e9rale, Mammographie, Echographie, Doppler, Scanner, IRM [&hellip;]<\/p>\n","protected":false},"author":2,"featured_media":0,"parent":994,"menu_order":0,"comment_status":"closed","ping_status":"closed","template":"page-templates\/page_fullwidth.php","meta":{"footnotes":""},"class_list":["post-1024","page","type-page","status-publish","hentry"],"yoast_head":"<!-- This site is optimized with the Yoast SEO plugin v27.4 - https:\/\/yoast.com\/product\/yoast-seo-wordpress\/ -->\n<title>Passer une \u00e9chographie d\u00e9pistage de cancer \u00e0 Bois d&#039;Arcy - Imagerie m\u00e9dicale 78<\/title>\n<meta name=\"robots\" content=\"index, follow, max-snippet:-1, max-image-preview:large, max-video-preview:-1\" \/>\n<link rel=\"canonical\" href=\"https:\/\/imagerie78.com\/index.php\/z\/passer-echographie-depistage-de-cancer-a-bois-darcy\/\" \/>\n<meta property=\"og:locale\" content=\"fr_FR\" \/>\n<meta property=\"og:type\" content=\"article\" \/>\n<meta property=\"og:title\" content=\"Passer une \u00e9chographie d\u00e9pistage de cancer \u00e0 Bois d&#039;Arcy - Imagerie m\u00e9dicale 78\" \/>\n<meta property=\"og:description\" content=\"Dr Caroline TICHOUX Radiologie g\u00e9n\u00e9rale, Mammographie, Echographie, Doppler, Scanner, IRM [&hellip;]\" \/>\n<meta property=\"og:url\" content=\"https:\/\/imagerie78.com\/index.php\/z\/passer-echographie-depistage-de-cancer-a-bois-darcy\/\" \/>\n<meta property=\"og:site_name\" content=\"Imagerie m\u00e9dicale 78\" \/>\n<meta property=\"article:modified_time\" content=\"2017-01-07T18:26:57+00:00\" \/>\n<meta property=\"og:image\" content=\"http:\/\/imagerie78.com\/wp-content\/uploads\/2016\/09\/silhouette-femme-e1473368477340-419x400.png\" \/>\n<meta name=\"twitter:card\" content=\"summary_large_image\" \/>\n<script type=\"application\/ld+json\" class=\"yoast-schema-graph\">{\"@context\":\"https:\\\/\\\/schema.org\",\"@graph\":[{\"@type\":\"WebPage\",\"@id\":\"https:\\\/\\\/imagerie78.com\\\/index.php\\\/z\\\/passer-echographie-depistage-de-cancer-a-bois-darcy\\\/\",\"url\":\"https:\\\/\\\/imagerie78.com\\\/index.php\\\/z\\\/passer-echographie-depistage-de-cancer-a-bois-darcy\\\/\",\"name\":\"Passer une \u00e9chographie d\u00e9pistage de cancer \u00e0 Bois d'Arcy - Imagerie m\u00e9dicale 78\",\"isPartOf\":{\"@id\":\"https:\\\/\\\/imagerie78.com\\\/#website\"},\"primaryImageOfPage\":{\"@id\":\"https:\\\/\\\/imagerie78.com\\\/index.php\\\/z\\\/passer-echographie-depistage-de-cancer-a-bois-darcy\\\/#primaryimage\"},\"image\":{\"@id\":\"https:\\\/\\\/imagerie78.com\\\/index.php\\\/z\\\/passer-echographie-depistage-de-cancer-a-bois-darcy\\\/#primaryimage\"},\"thumbnailUrl\":\"http:\\\/\\\/imagerie78.com\\\/wp-content\\\/uploads\\\/2016\\\/09\\\/silhouette-femme-e1473368477340-419x400.png\",\"datePublished\":\"2016-09-24T20:54:14+00:00\",\"dateModified\":\"2017-01-07T18:26:57+00:00\",\"breadcrumb\":{\"@id\":\"https:\\\/\\\/imagerie78.com\\\/index.php\\\/z\\\/passer-echographie-depistage-de-cancer-a-bois-darcy\\\/#breadcrumb\"},\"inLanguage\":\"fr-FR\",\"potentialAction\":[{\"@type\":\"ReadAction\",\"target\":[\"https:\\\/\\\/imagerie78.com\\\/index.php\\\/z\\\/passer-echographie-depistage-de-cancer-a-bois-darcy\\\/\"]}]},{\"@type\":\"ImageObject\",\"inLanguage\":\"fr-FR\",\"@id\":\"https:\\\/\\\/imagerie78.com\\\/index.php\\\/z\\\/passer-echographie-depistage-de-cancer-a-bois-darcy\\\/#primaryimage\",\"url\":\"http:\\\/\\\/imagerie78.com\\\/wp-content\\\/uploads\\\/2016\\\/09\\\/silhouette-femme-e1473368477340-419x400.png\",\"contentUrl\":\"http:\\\/\\\/imagerie78.com\\\/wp-content\\\/uploads\\\/2016\\\/09\\\/silhouette-femme-e1473368477340-419x400.png\"},{\"@type\":\"BreadcrumbList\",\"@id\":\"https:\\\/\\\/imagerie78.com\\\/index.php\\\/z\\\/passer-echographie-depistage-de-cancer-a-bois-darcy\\\/#breadcrumb\",\"itemListElement\":[{\"@type\":\"ListItem\",\"position\":1,\"name\":\"Accueil\",\"item\":\"https:\\\/\\\/imagerie78.com\\\/\"},{\"@type\":\"ListItem\",\"position\":2,\"name\":\"Tous nos examens\",\"item\":\"https:\\\/\\\/imagerie78.com\\\/index.php\\\/z\\\/\"},{\"@type\":\"ListItem\",\"position\":3,\"name\":\"Passer une \u00e9chographie d\u00e9pistage de cancer \u00e0 Bois d&rsquo;Arcy\"}]},{\"@type\":\"WebSite\",\"@id\":\"https:\\\/\\\/imagerie78.com\\\/#website\",\"url\":\"https:\\\/\\\/imagerie78.com\\\/\",\"name\":\"Imagerie m\u00e9dicale 78\",\"description\":\"\",\"potentialAction\":[{\"@type\":\"SearchAction\",\"target\":{\"@type\":\"EntryPoint\",\"urlTemplate\":\"https:\\\/\\\/imagerie78.com\\\/?s={search_term_string}\"},\"query-input\":{\"@type\":\"PropertyValueSpecification\",\"valueRequired\":true,\"valueName\":\"search_term_string\"}}],\"inLanguage\":\"fr-FR\"}]}<\/script>\n<!-- \/ Yoast SEO plugin. -->","yoast_head_json":{"title":"Passer une \u00e9chographie d\u00e9pistage de cancer \u00e0 Bois d'Arcy - Imagerie m\u00e9dicale 78","robots":{"index":"index","follow":"follow","max-snippet":"max-snippet:-1","max-image-preview":"max-image-preview:large","max-video-preview":"max-video-preview:-1"},"canonical":"https:\/\/imagerie78.com\/index.php\/z\/passer-echographie-depistage-de-cancer-a-bois-darcy\/","og_locale":"fr_FR","og_type":"article","og_title":"Passer une \u00e9chographie d\u00e9pistage de cancer \u00e0 Bois d'Arcy - Imagerie m\u00e9dicale 78","og_description":"Dr Caroline TICHOUX Radiologie g\u00e9n\u00e9rale, Mammographie, Echographie, Doppler, Scanner, IRM [&hellip;]","og_url":"https:\/\/imagerie78.com\/index.php\/z\/passer-echographie-depistage-de-cancer-a-bois-darcy\/","og_site_name":"Imagerie m\u00e9dicale 78","article_modified_time":"2017-01-07T18:26:57+00:00","og_image":[{"url":"http:\/\/imagerie78.com\/wp-content\/uploads\/2016\/09\/silhouette-femme-e1473368477340-419x400.png","type":"","width":"","height":""}],"twitter_card":"summary_large_image","schema":{"@context":"https:\/\/schema.org","@graph":[{"@type":"WebPage","@id":"https:\/\/imagerie78.com\/index.php\/z\/passer-echographie-depistage-de-cancer-a-bois-darcy\/","url":"https:\/\/imagerie78.com\/index.php\/z\/passer-echographie-depistage-de-cancer-a-bois-darcy\/","name":"Passer une \u00e9chographie d\u00e9pistage de cancer \u00e0 Bois d'Arcy - Imagerie m\u00e9dicale 78","isPartOf":{"@id":"https:\/\/imagerie78.com\/#website"},"primaryImageOfPage":{"@id":"https:\/\/imagerie78.com\/index.php\/z\/passer-echographie-depistage-de-cancer-a-bois-darcy\/#primaryimage"},"image":{"@id":"https:\/\/imagerie78.com\/index.php\/z\/passer-echographie-depistage-de-cancer-a-bois-darcy\/#primaryimage"},"thumbnailUrl":"http:\/\/imagerie78.com\/wp-content\/uploads\/2016\/09\/silhouette-femme-e1473368477340-419x400.png","datePublished":"2016-09-24T20:54:14+00:00","dateModified":"2017-01-07T18:26:57+00:00","breadcrumb":{"@id":"https:\/\/imagerie78.com\/index.php\/z\/passer-echographie-depistage-de-cancer-a-bois-darcy\/#breadcrumb"},"inLanguage":"fr-FR","potentialAction":[{"@type":"ReadAction","target":["https:\/\/imagerie78.com\/index.php\/z\/passer-echographie-depistage-de-cancer-a-bois-darcy\/"]}]},{"@type":"ImageObject","inLanguage":"fr-FR","@id":"https:\/\/imagerie78.com\/index.php\/z\/passer-echographie-depistage-de-cancer-a-bois-darcy\/#primaryimage","url":"http:\/\/imagerie78.com\/wp-content\/uploads\/2016\/09\/silhouette-femme-e1473368477340-419x400.png","contentUrl":"http:\/\/imagerie78.com\/wp-content\/uploads\/2016\/09\/silhouette-femme-e1473368477340-419x400.png"},{"@type":"BreadcrumbList","@id":"https:\/\/imagerie78.com\/index.php\/z\/passer-echographie-depistage-de-cancer-a-bois-darcy\/#breadcrumb","itemListElement":[{"@type":"ListItem","position":1,"name":"Accueil","item":"https:\/\/imagerie78.com\/"},{"@type":"ListItem","position":2,"name":"Tous nos examens","item":"https:\/\/imagerie78.com\/index.php\/z\/"},{"@type":"ListItem","position":3,"name":"Passer une \u00e9chographie d\u00e9pistage de cancer \u00e0 Bois d&rsquo;Arcy"}]},{"@type":"WebSite","@id":"https:\/\/imagerie78.com\/#website","url":"https:\/\/imagerie78.com\/","name":"Imagerie m\u00e9dicale 78","description":"","potentialAction":[{"@type":"SearchAction","target":{"@type":"EntryPoint","urlTemplate":"https:\/\/imagerie78.com\/?s={search_term_string}"},"query-input":{"@type":"PropertyValueSpecification","valueRequired":true,"valueName":"search_term_string"}}],"inLanguage":"fr-FR"}]}},"_links":{"self":[{"href":"https:\/\/imagerie78.com\/index.php\/wp-json\/wp\/v2\/pages\/1024","targetHints":{"allow":["GET"]}}],"collection":[{"href":"https:\/\/imagerie78.com\/index.php\/wp-json\/wp\/v2\/pages"}],"about":[{"href":"https:\/\/imagerie78.com\/index.php\/wp-json\/wp\/v2\/types\/page"}],"author":[{"embeddable":true,"href":"https:\/\/imagerie78.com\/index.php\/wp-json\/wp\/v2\/users\/2"}],"replies":[{"embeddable":true,"href":"https:\/\/imagerie78.com\/index.php\/wp-json\/wp\/v2\/comments?post=1024"}],"version-history":[{"count":4,"href":"https:\/\/imagerie78.com\/index.php\/wp-json\/wp\/v2\/pages\/1024\/revisions"}],"predecessor-version":[{"id":1785,"href":"https:\/\/imagerie78.com\/index.php\/wp-json\/wp\/v2\/pages\/1024\/revisions\/1785"}],"up":[{"embeddable":true,"href":"https:\/\/imagerie78.com\/index.php\/wp-json\/wp\/v2\/pages\/994"}],"wp:attachment":[{"href":"https:\/\/imagerie78.com\/index.php\/wp-json\/wp\/v2\/media?parent=1024"}],"curies":[{"name":"wp","href":"https:\/\/api.w.org\/{rel}","templated":true}]}}